{"id":3761,"date":"2023-11-20T19:29:58","date_gmt":"2023-11-21T00:29:58","guid":{"rendered":"https:\/\/puccha.com\/product\/personalized-blanket-with-pet-portrait-and-name-dog-puppy-cat-bunny-flannel-throws-for-pet-lover-owner-home-accessory-customized-mom-gift-2\/"},"modified":"2023-11-28T18:07:24","modified_gmt":"2023-11-28T23:07:24","slug":"personalized-pet-portrait-blanket-with-dog-cat-name","status":"publish","type":"product","link":"https:\/\/puccha.com\/fr\/produit\/couverture-personnalisee-de-portrait-danimal-de-compagnie-avec-le-nom-de-chat-de-chien\/","title":{"rendered":"Couverture et nom personnalis\u00e9s de portrait d\u2019animal de compagnie, jet\u00e9s de flanelle de lapin de chat de chiot de chien pour l\u2019accessoire de maison de propri\u00e9taire d\u2019amoureux d\u2019animal de compagnie cadeau personnalis\u00e9 de maman"},"content":{"rendered":"<p>\u26a1\ufe0f DESCRIPTION DU PRODUIT \u26a1\ufe0f<\/p>\n<p>Plush Blanket<br \/>\n* 100% Polyester &#8211; This extremely strong and durable synthetic fabric retains its shape and dries quickly.<br \/>\n* Double needle topstitch on all seams &#8211; The product is sewn around the edges with double stitching, making it long-lasting and durable.<br \/>\n* Available in 3 sizes: 30&#8243;\u00d740&#8243; &#8211; 50&#8243;\u00d760&#8243; &#8211; 60&#8243;\u00d780&#8243;<\/p>\n<p>Sherpa Blanket<br \/>\n* 100% Polyester &#8211; This extremely strong and durable synthetic fabric retains its shape and dries quickly.<br \/>\n* Sherpa fleece backside &#8211; A soft, plush material that makes it fluffier and cosier.<br \/>\n* Hemmed edges &#8211; The product is sewn around the edges, making it durable and long-lasting.<br \/>\n* Available in 2 sizes: 50&#8243;\u00d760&#8243; &#8211; 60&#8243;\u00d780&#8243;<\/p>\n<p>COMMENT COMMANDER<\/p>\n<p>1- Passez la commande avec le nom de votre animal et choisissez la police que vous souhaitez utiliser.<\/p>\n<p>2- Prenez une photo de face de votre animal dans un endroit suffisamment \u00e9clair\u00e9 de la t\u00eate \u00e0 la poitrine en vous assurant que l&#039;image est en haute r\u00e9solution. Nous recommandons que le museau de votre animal soit tourn\u00e9 vers l&#039;avant et sans accessoires pour un meilleur r\u00e9sultat.<br \/>\n*** Multiple pets will be produced in horizontal orientation.<\/p>\n<p>3- T\u00e9l\u00e9chargez la photo de votre animal via Etsy Messages ou envoyez-la-nous par e-mail \u00e0 order[!at]puccha.com.<br \/>\n*** Si vous souhaitez nous envoyer quelques options, nous serons plus qu&#039;heureux de vous aider \u00e0 choisir celle qui, selon nous, s&#039;av\u00e9rera la meilleure ***<\/p>\n<p>4- We will send you the sample within 12 hours after of your purchase before printing your pillow and will ask you to confirm if the design satisfies you.<\/p>\n<p>5- Veuillez pr\u00e9voir entre 2 et 5 jours apr\u00e8s la confirmation pour que nous puissions pr\u00e9parer et exp\u00e9dier votre article.<\/p>\n<p>\u26a0\ufe0f CONSEILS D&#039;ENTRETIEN<br \/>\n* Plush Blanket: Do not dry clean; Do not iron; Do not bleach; Machine wash: cold (max 30C or 90F), *hand wash will extend the quality of the product; Tumble dry: low heat.<br \/>\n* Sherpa Blanket: Wash the item only cold machine wash with similar colors garments using a gentle cycle. Tumble dry on low settings or hang dry. Do not bleach or dry clean.<\/p>\n<p>D\u00c9LAI DE TRAITEMENT ET D&#039;EXP\u00c9DITION<br \/>\nNos articles sont fabriqu\u00e9s sur commande. Veuillez pr\u00e9voir 2 \u00e0 5 jours ouvrables pour la production.<br \/>\n* Sherpa Blanket: USA shipping takes up to 2-5 business days. Worldwide shipping takes up to 3-10 business days.<br \/>\n* Plush Blanket: USA shipping takes up to 2-5 business days. Worldwide shipping takes up to 10-25 business days.<\/p>\n<p>POLITIQUE DE RETOUR<br \/>\nMalheureusement, puisqu&#039;il s&#039;agit d&#039;un produit personnalis\u00e9, nous ne pouvons offrir aucun remboursement ou \u00e9change, sauf si l&#039;article est endommag\u00e9 ou si l&#039;article n&#039;a jamais \u00e9t\u00e9 re\u00e7u.<\/p>\n<p>&#8212;&#8212;&#8212;&#8212;&#8212;&#8212;&#8212;&#8212;-<\/p>","protected":false},"excerpt":{"rendered":"<p>Style the interior of your home or warm up yourself with a personalized pet portrait blanket. Premium quality, gorgeous plush and sherpa blankets sold in a selection of fun colors. Each blanket is personalized with the portrait, and the face of your beloved animal, you can even add more than one pet. Besides having printed on it the face of your pet you can also add their name, for an ultimate heartfelt touch. The personalized blankets can feature the portrait of any pet or animal, may that be a cat, kitten, dog, puppy, bunny, or any other animal.<\/p>\n<p>Specially designed for pet owners and lovers since they come customized with the face of your own pet. They make a special gift for a pet memorial or pet loss, and to share your sympathy. Alternatively gift it to pet owners, lovers, for family members, and friends, or surprise your furry friends.<\/p>","protected":false},"featured_media":3762,"comment_status":"closed","ping_status":"closed","template":"","meta":[],"product_cat":[24],"product_tag":[1036,1037,669,798,797,1033,694,796,679,1035,1034,1038,1039],"_links":{"self":[{"href":"https:\/\/puccha.com\/fr\/wp-json\/wp\/v2\/product\/3761"}],"collection":[{"href":"https:\/\/puccha.com\/fr\/wp-json\/wp\/v2\/product"}],"about":[{"href":"https:\/\/puccha.com\/fr\/wp-json\/wp\/v2\/types\/product"}],"replies":[{"embeddable":true,"href":"https:\/\/puccha.com\/fr\/wp-json\/wp\/v2\/comments?post=3761"}],"wp:featuredmedia":[{"embeddable":true,"href":"https:\/\/puccha.com\/fr\/wp-json\/wp\/v2\/media\/3762"}],"wp:attachment":[{"href":"https:\/\/puccha.com\/fr\/wp-json\/wp\/v2\/media?parent=3761"}],"wp:term":[{"taxonomy":"product_cat","embeddable":true,"href":"https:\/\/puccha.com\/fr\/wp-json\/wp\/v2\/product_cat?post=3761"},{"taxonomy":"product_tag","embeddable":true,"href":"https:\/\/puccha.com\/fr\/wp-json\/wp\/v2\/product_tag?post=3761"}],"curies":[{"name":"wp","href":"https:\/\/api.w.org\/{rel}","templated":true}]}}