{"id":3676,"date":"2023-11-20T19:18:44","date_gmt":"2023-11-21T00:18:44","guid":{"rendered":"https:\/\/puccha.com\/product\/custom-iphone-case-with-pet-photo-personalized-dog-face-portrait-iphone-case-custom-pet-illustration-case-samsung-galaxy-slim-phone-cover-2\/"},"modified":"2023-11-20T19:40:41","modified_gmt":"2023-11-21T00:40:41","slug":"custom-iphone-case-with-pet-photo-personalized-dog-face-portrait-iphone-case-custom-pet-illustration-case-samsung-galaxy-slim-phone-cover-2","status":"publish","type":"product","link":"https:\/\/puccha.com\/fr\/produit\/custom-iphone-case-with-pet-photo-personalized-dog-face-portrait-iphone-case-custom-pet-illustration-case-samsung-galaxy-slim-phone-cover-2\/","title":{"rendered":"\u00c9tui iPhone personnalis\u00e9 avec photo d\u2019animal de compagnie, \u00e9tui iPhone personnalis\u00e9 de portrait de visage de chien, \u00e9tui personnalis\u00e9 d\u2019illustration d\u2019animal de compagnie, couverture de t\u00e9l\u00e9phone mince de Samsung Galaxy"},"content":{"rendered":"<p>COMMENT COMMANDER<\/p>\n<p>1- Passez la commande avec le nom de votre animal et choisissez la police que vous souhaitez utiliser.<\/p>\n<p>2- Prenez une photo de face de votre animal dans un endroit suffisamment \u00e9clair\u00e9 de la t\u00eate \u00e0 la poitrine en vous assurant que l&#039;image est en haute r\u00e9solution. Nous recommandons que le museau de votre animal soit tourn\u00e9 vers l&#039;avant et sans accessoires pour un meilleur r\u00e9sultat.<\/p>\n<p>3- T\u00e9l\u00e9chargez la photo de votre animal via Etsy Messages ou envoyez-la-nous par e-mail \u00e0 order[!at]puccha.com.<br \/>\n*** Si vous souhaitez nous envoyer quelques options, nous serons plus qu&#039;heureux de vous aider \u00e0 choisir celle qui, selon nous, s&#039;av\u00e9rera la meilleure ***<\/p>\n<p>4- We will send you the sample within 12 hours after of your purchase before printing your phone case and will ask you to confirm if the design satisfies you.<\/p>\n<p>5- Veuillez pr\u00e9voir entre 2 et 5 jours apr\u00e8s la confirmation pour que nous puissions pr\u00e9parer et exp\u00e9dier votre article.<\/p>\n<p>\u26a1\ufe0f DESCRIPTION DU PRODUIT \u26a1\ufe0f<br \/>\n* Material: polycarbonate.<br \/>\n* Matte finish.<br \/>\n* Lightweight and slim coverage.<br \/>\n* Supports wireless charging.<br \/>\n* Flexible and resistant to cracking or chipping.<br \/>\n* Full-wrap print on exterior surfaces.<\/p>\n<p>\u26a0\ufe0f CONSEILS D&#039;ENTRETIEN<br \/>\nClean with damp cotton or microfiber cloth. Add a drop of dish soap to the cloth if needed and wipe the soap down with a clean.<\/p>\n<p>  D\u00c9LAI DE TRAITEMENT ET D&#039;EXP\u00c9DITION<br \/>\nNos articles sont fabriqu\u00e9s sur commande. Veuillez pr\u00e9voir 2 \u00e0 5 jours ouvrables pour la production.<br \/>\nL\u2019exp\u00e9dition aux \u00c9tats-Unis prend jusqu\u2019\u00e0 2 \u00e0 5 jours ouvrables.<br \/>\nWorldwide shipping takes up to 10-20 business days.<\/p>\n<p>  POLITIQUE DE RETOUR<br \/>\nMalheureusement, puisqu&#039;il s&#039;agit d&#039;un produit personnalis\u00e9, nous ne pouvons offrir aucun remboursement ou \u00e9change, sauf si l&#039;article est endommag\u00e9 ou si l&#039;article n&#039;a jamais \u00e9t\u00e9 re\u00e7u.<\/p>\n<p>&#8212;&#8212;&#8212;&#8212;&#8212;&#8212;&#8212;&#8212;-<\/p>\n<p>  Nous esp\u00e9rons que vous appr\u00e9cierez ce produit.<br \/>\nN&#039;h\u00e9sitez pas \u00e0 laisser un avis sur l&#039;article\u00a0!<\/p>\n<p>Pour toute demande, merci de nous contacter directement par message Etsy ou par email : info[!at]puccha.com<\/p>\n<p>&#8212;&#8212;&#8212;&#8212;&#8212;&#8212;&#8212;&#8212;-<\/p>","protected":false},"excerpt":{"rendered":"<p>This is a made to order custom dog phone case with your animal friend\u2019s picture on it.<\/p>\n<p>\u2728 Cette pi\u00e8ce d\u00e9licate pr\u00e9sente le portrait et le nom de votre animal ! Ses sentiments d\u00e9licats mais adorables en font le cadeau parfait pour tous les amoureux des animaux sur votre liste et peut constituer une superbe pi\u00e8ce comm\u00e9morative qui ne manquera pas de faire sourire son porteur.<\/p>","protected":false},"featured_media":3677,"comment_status":"closed","ping_status":"closed","template":"","meta":[],"product_cat":[39],"product_tag":[1000,1003,1005,896,999,715,844,1002,894,1006,1001,737,1004],"_links":{"self":[{"href":"https:\/\/puccha.com\/fr\/wp-json\/wp\/v2\/product\/3676"}],"collection":[{"href":"https:\/\/puccha.com\/fr\/wp-json\/wp\/v2\/product"}],"about":[{"href":"https:\/\/puccha.com\/fr\/wp-json\/wp\/v2\/types\/product"}],"replies":[{"embeddable":true,"href":"https:\/\/puccha.com\/fr\/wp-json\/wp\/v2\/comments?post=3676"}],"wp:featuredmedia":[{"embeddable":true,"href":"https:\/\/puccha.com\/fr\/wp-json\/wp\/v2\/media\/3677"}],"wp:attachment":[{"href":"https:\/\/puccha.com\/fr\/wp-json\/wp\/v2\/media?parent=3676"}],"wp:term":[{"taxonomy":"product_cat","embeddable":true,"href":"https:\/\/puccha.com\/fr\/wp-json\/wp\/v2\/product_cat?post=3676"},{"taxonomy":"product_tag","embeddable":true,"href":"https:\/\/puccha.com\/fr\/wp-json\/wp\/v2\/product_tag?post=3676"}],"curies":[{"name":"wp","href":"https:\/\/api.w.org\/{rel}","templated":true}]}}