{"id":3665,"date":"2023-11-20T19:17:15","date_gmt":"2023-11-21T00:17:15","guid":{"rendered":"https:\/\/puccha.com\/product\/personalized-dog-face-v-neck-shirt-with-name-trendy-comfy-summer-walker-custom-shirt-for-cat-pet-mom-dad-shirt-pet-loss-memorable-gift-2\/"},"modified":"2023-11-20T19:40:53","modified_gmt":"2023-11-21T00:40:53","slug":"personalized-dog-face-v-neck-shirt-with-name-trendy-comfy-summer-walker-custom-shirt-for-cat-pet-mom-dad-shirt-pet-loss-memorable-gift-2","status":"publish","type":"product","link":"https:\/\/puccha.com\/fr\/produit\/personalized-dog-face-v-neck-shirt-with-name-trendy-comfy-summer-walker-custom-shirt-for-cat-pet-mom-dad-shirt-pet-loss-memorable-gift-2\/","title":{"rendered":"Chemise personnalis\u00e9e \u00e0 col en V avec visage de chien avec nom, chemise personnalis\u00e9e tendance et confortable pour marcheur d&#039;\u00e9t\u00e9 pour chat, chemise maman et papa pour animaux de compagnie, cadeau m\u00e9morable pour perte d&#039;animal de compagnie"},"content":{"rendered":"<p>COMMENT COMMANDER<\/p>\n<p>1- Passez la commande avec le nom de votre animal et choisissez la police que vous souhaitez utiliser.<\/p>\n<p>2- Prenez une photo de face de votre animal dans un endroit suffisamment \u00e9clair\u00e9 de la t\u00eate \u00e0 la poitrine en vous assurant que l&#039;image est en haute r\u00e9solution. Nous recommandons que le museau de votre animal soit tourn\u00e9 vers l&#039;avant et sans accessoires pour un meilleur r\u00e9sultat.<\/p>\n<p>3- T\u00e9l\u00e9chargez la photo de votre animal via Etsy Messages ou envoyez-la-nous par e-mail \u00e0 order[!at]puccha.com.<br \/>\n*** Si vous souhaitez nous envoyer quelques options, nous serons plus qu&#039;heureux de vous aider \u00e0 choisir celle qui, selon nous, s&#039;av\u00e9rera la meilleure ***<\/p>\n<p>4- We will send you the sample within 12 hours after of your purchase before printing your phone case and will ask you to confirm if the design satisfies you.<\/p>\n<p>5- Veuillez pr\u00e9voir entre 2 et 5 jours apr\u00e8s la confirmation pour que nous puissions pr\u00e9parer et exp\u00e9dier votre article.<\/p>\n<p>*** Pour avoir plus d&#039;une impression sur votre produit, d\u00e9crivez vos amis animaux (esp\u00e8ce de l&#039;animal et son nom) dans la bo\u00eete de personnalisation et achetez notre \u00ab Module compl\u00e9mentaire pour animaux de compagnie suppl\u00e9mentaire \u00bb pour chaque animal suppl\u00e9mentaire \u00e0 l&#039;achat de ce produit en le lien ci-dessous :<br \/>\n  https:\/\/etsy.me\/3KhY68f (Module compl\u00e9mentaire pour animaux de compagnie suppl\u00e9mentaire)<br \/>\nPar exemple:<br \/>\nSi vous souhaitez que vos 3 amis animaux diff\u00e9rents soient imprim\u00e9s sur votre produit, vous devez \u00e9crire chacune de leurs esp\u00e8ces et noms dans la \u00ab zone de personnalisation \u00bb, puis s\u00e9lectionner la quantit\u00e9 de 2 dans \u00ab Module compl\u00e9mentaire pour animaux de compagnie suppl\u00e9mentaire \u00bb.<br \/>\n\u26a1\ufe0f PRODUCT DESCIPTION \u26a1\ufe0f * 100% combed ring-spun cotton<br \/>\n* Pre-shrunk fabric<br \/>\n* Regular fit<br \/>\n* Side-seamed construction<br \/>\n* Cover stitched v-neck and hemmed sleeves<br \/>\n* Shoulder-to-shoulder taping<br \/>\n\u26a0\ufe0f CARE INSTRUCTIONS * Machine wash cold, inside-out, gentle cycle with mild detergent and similar colors. Use non-chlorine bleach, only when necessary. No fabric softeners.<br \/>\n* Tumble dry low, or hang-dry for longest life.<br \/>\n* Cool iron inside-out if necessary. Do not iron decoration.<br \/>\n* Do not dry clean.<br \/>\n  SIZING<br \/>\nThis custom product is unisex. Please refer to our size chart in the photos.<br \/>\n  PROCESSING AND SHIPPING TIME Our items are made to order. Please allow 2-5 business days for production and 3-5 business days for shipping.<br \/>\n  POLITIQUE DE RETOUR<br \/>\nMalheureusement, puisqu&#039;il s&#039;agit d&#039;un produit personnalis\u00e9, nous ne pouvons offrir aucun remboursement ou \u00e9change, sauf si l&#039;article est endommag\u00e9 ou si l&#039;article n&#039;a jamais \u00e9t\u00e9 re\u00e7u.<br \/>\n&#8212;&#8212;&#8212;&#8212;&#8212;&#8212;&#8212;&#8212;-<br \/>\n  Nous esp\u00e9rons que vous appr\u00e9cierez ce produit.<br \/>\nN&#039;h\u00e9sitez pas \u00e0 laisser un avis sur l&#039;article\u00a0!<br \/>\nPour toute demande, merci de nous contacter directement par message Etsy ou par email : info[!at]puccha.com<br \/>\n&#8212;&#8212;&#8212;&#8212;&#8212;&#8212;&#8212;&#8212;-<\/p>","protected":false},"excerpt":{"rendered":"<p>\u2728 Enjoy your day with a smile by turning your pet&#8217;s photo to a portrait on a v neck t shirt and reminisce on all the sweet memories you share with your four-legged best friend. You will get one of a kind high-quality shirt, %100 cotton custom-made to make as a beautiful keepsake for your pet! Our personalized pet face v neck shirts are available with a number of pet choices that makes them a great gift in memory of your pet, pet birthday, pet loss, pet remembrance, or pet owner.<\/p>","protected":false},"featured_media":3666,"comment_status":"closed","ping_status":"closed","template":"","meta":[],"product_cat":[18],"product_tag":[766,996,632,764,767,765,997,761,759,998,763,768,995],"_links":{"self":[{"href":"https:\/\/puccha.com\/fr\/wp-json\/wp\/v2\/product\/3665"}],"collection":[{"href":"https:\/\/puccha.com\/fr\/wp-json\/wp\/v2\/product"}],"about":[{"href":"https:\/\/puccha.com\/fr\/wp-json\/wp\/v2\/types\/product"}],"replies":[{"embeddable":true,"href":"https:\/\/puccha.com\/fr\/wp-json\/wp\/v2\/comments?post=3665"}],"wp:featuredmedia":[{"embeddable":true,"href":"https:\/\/puccha.com\/fr\/wp-json\/wp\/v2\/media\/3666"}],"wp:attachment":[{"href":"https:\/\/puccha.com\/fr\/wp-json\/wp\/v2\/media?parent=3665"}],"wp:term":[{"taxonomy":"product_cat","embeddable":true,"href":"https:\/\/puccha.com\/fr\/wp-json\/wp\/v2\/product_cat?post=3665"},{"taxonomy":"product_tag","embeddable":true,"href":"https:\/\/puccha.com\/fr\/wp-json\/wp\/v2\/product_tag?post=3665"}],"curies":[{"name":"wp","href":"https:\/\/api.w.org\/{rel}","templated":true}]}}