{"id":3654,"date":"2023-11-20T19:15:42","date_gmt":"2023-11-21T00:15:42","guid":{"rendered":"https:\/\/puccha.com\/product\/pet-photo-personalized-christmas-sketch-poster-with-custom-name-dog-cat-bunny-hamster-fur-baby-holiday-festive-xmas-wall-art-gift-2\/"},"modified":"2023-11-20T19:41:03","modified_gmt":"2023-11-21T00:41:03","slug":"pet-photo-personalized-christmas-sketch-poster-with-custom-name-dog-cat-bunny-hamster-fur-baby-holiday-festive-xmas-wall-art-gift-2","status":"publish","type":"product","link":"https:\/\/puccha.com\/fr\/produit\/photo-danimal-de-compagnie-personnalisee-affiche-de-croquis-de-noel-avec-nom-personnalise-chien-chat-lapin-hamster-fourrure-bebe-vacances-festive-noel-mur-art-cadeau-2\/","title":{"rendered":"Pet Photo Personnalis\u00e9 Croquis de No\u00ebl Affiche avec nom personnalis\u00e9 Chien Chat Lapin Hamster Fourrure B\u00e9b\u00e9 Vacances Festive No\u00ebl Mur Art Cadeau"},"content":{"rendered":"<p>COMMENT COMMANDER<\/p>\n<p>1- Passez la commande avec le nom de votre animal et choisissez la police que vous souhaitez utiliser.<\/p>\n<p>2- Prenez une photo de face de votre animal dans un endroit suffisamment \u00e9clair\u00e9 de la t\u00eate \u00e0 la poitrine en vous assurant que l&#039;image est en haute r\u00e9solution. Nous recommandons que le museau de votre animal soit tourn\u00e9 vers l&#039;avant et sans accessoires pour un meilleur r\u00e9sultat.<\/p>\n<p>3- T\u00e9l\u00e9chargez la photo de votre animal via Etsy Messages ou envoyez-la-nous par e-mail \u00e0 order[!at]puccha.com.<br \/>\n*** Si vous souhaitez nous envoyer quelques options, nous serons plus qu&#039;heureux de vous aider \u00e0 choisir celle qui, selon nous, s&#039;av\u00e9rera la meilleure ***<\/p>\n<p>4- Nous vous enverrons l&#039;\u00e9chantillon dans les 8 heures suivant votre achat avant d&#039;imprimer votre affiche et vous demanderons de confirmer si le design vous satisfait.<\/p>\n<p>5- Veuillez pr\u00e9voir entre 2 et 5 jours apr\u00e8s la confirmation pour que nous puissions pr\u00e9parer et exp\u00e9dier votre article.<\/p>\n<p>*Plusieurs animaux seront produits en orientation horizontale.<\/p>\n<p>\u26a1\ufe0f DESCRIPTION DU PRODUIT \u26a1\ufe0f<\/p>\n<p> \u2013AFFICHE ENCADR\u00c9E\u2013<br \/>\n* Une affiche encadr\u00e9e et am\u00e9lior\u00e9e dont le papier mat Epson gicl\u00e9e de qualit\u00e9 mus\u00e9e donnera au design un aspect soign\u00e9 et sophistiqu\u00e9. De plus, il est d\u00e9j\u00e0 encadr\u00e9 et pr\u00eat \u00e0 d\u00e9corer n&#039;importe quelle maison ou bureau.<br \/>\n* Cadre en bois Ayous de 0,75\u2033 (1,9 cm) d&#039;\u00e9paisseur issu de for\u00eats renouvelables.<br \/>\n* \u00c9paisseur du papier : 10,3 mil (0,26 mm).<br \/>\n* Grammage du papier\u00a0: 5,57 oz\/yd\u00b2 (189 g\/m\u00b2).<br \/>\n* Poids l\u00e9ger.<br \/>\n* Protecteur avant en acrylique.<br \/>\n* Mat\u00e9riel de suspension inclus.<\/p>\n<p>\u2013PAS D&#039;AFFICHE ENCADR\u00c9E\u2013<br \/>\n* Affiches de qualit\u00e9 mus\u00e9e r\u00e9alis\u00e9es sur du papier mat \u00e9pais et durable. Chaque affiche est imprim\u00e9e en gicl\u00e9e sur du papier d&#039;archives sans acide qui produit des impressions brillantes pour \u00e9gayer n&#039;importe quelle pi\u00e8ce.<br \/>\n* \u00c9paisseur du papier : 10,3 mil (0,26 mm).<br \/>\n* Grammage du papier\u00a0: 5,57 oz\/yd\u00b2 (189 g\/m\u00b2).<br \/>\n* Qualit\u00e9 d&#039;impression Gicl\u00e9e.<br \/>\n* Opacit\u00e9 : 94%<br \/>\n* Luminosit\u00e9 ISO\u00a0: 104%<\/p>\n<p>\u2013FICHIER NUM\u00c9RIQUE UNIQUEMENT\u2013<br \/>\nNous fournissons un fichier jpg de haute qualit\u00e9 de 300 dpi. Veuillez indiquer la taille que vous souhaitez obtenir. Vous pouvez l&#039;imprimer vous-m\u00eame n&#039;importe o\u00f9.<\/p>\n<p>\u26a0\ufe0f CONSEILS D&#039;ENTRETIEN<br \/>\nPour garantir la long\u00e9vit\u00e9 de vos affiches, ne les conservez pas en plein soleil ou \u00e0 l&#039;ext\u00e9rieur. Ils peuvent \u00eatre d\u00e9licatement \u00e9pousset\u00e9s avec un chiffon doux et sec ou un plumeau.<\/p>\n<p>  D\u00c9LAI DE TRAITEMENT ET D&#039;EXP\u00c9DITION<br \/>\nNos articles sont fabriqu\u00e9s sur commande. Veuillez pr\u00e9voir 2 \u00e0 5 jours ouvrables pour la production et 2 \u00e0 5 jours ouvrables pour l&#039;exp\u00e9dition.<\/p>\n<p>  POLITIQUE DE RETOUR<br \/>\nMalheureusement, puisqu&#039;il s&#039;agit d&#039;un produit personnalis\u00e9, nous ne pouvons offrir aucun remboursement ou \u00e9change, sauf si l&#039;article est endommag\u00e9 ou si l&#039;article n&#039;a jamais \u00e9t\u00e9 re\u00e7u.<\/p>\n<p>&#8212;&#8212;&#8212;&#8212;&#8212;&#8212;&#8212;&#8212;-<\/p>\n<p>  Nous esp\u00e9rons que vous appr\u00e9cierez ce produit.<br \/>\nN&#039;h\u00e9sitez pas \u00e0 laisser un avis sur l&#039;article\u00a0!<\/p>\n<p>Pour toute demande, merci de nous contacter directement par message Etsy ou par email : info[!at]puccha.com<\/p>\n<p>&#8212;&#8212;&#8212;&#8212;&#8212;&#8212;&#8212;&#8212;-<\/p>","protected":false},"excerpt":{"rendered":"<p>Il s&#039;agit d&#039;une affiche personnalis\u00e9e de portrait de chien et de chat faite sur commande avec la photo de votre ami animal dessus.<\/p>\n<p>\u2728Cette pi\u00e8ce d\u00e9licate pr\u00e9sente le portrait et le nom de votre animal ! Les dessins originaux de chat de chien \u00e0 partir d&#039;une photo sont d&#039;excellents cadeaux pour les anniversaires, la pendaison de cr\u00e9maill\u00e8re, la f\u00eate des p\u00e8res, la f\u00eate des m\u00e8res et No\u00ebl. Ses sentiments d\u00e9licats mais adorables en font le cadeau parfait pour tous les amoureux des animaux sur votre liste et peut constituer une superbe pi\u00e8ce comm\u00e9morative qui ne manquera pas de faire sourire son porteur.<\/p>","protected":false},"featured_media":3655,"comment_status":"closed","ping_status":"closed","template":"","meta":[],"product_cat":[15,23],"product_tag":[993,669,719,991,718,720,990,721,627,722,716,992,994],"_links":{"self":[{"href":"https:\/\/puccha.com\/fr\/wp-json\/wp\/v2\/product\/3654"}],"collection":[{"href":"https:\/\/puccha.com\/fr\/wp-json\/wp\/v2\/product"}],"about":[{"href":"https:\/\/puccha.com\/fr\/wp-json\/wp\/v2\/types\/product"}],"replies":[{"embeddable":true,"href":"https:\/\/puccha.com\/fr\/wp-json\/wp\/v2\/comments?post=3654"}],"wp:featuredmedia":[{"embeddable":true,"href":"https:\/\/puccha.com\/fr\/wp-json\/wp\/v2\/media\/3655"}],"wp:attachment":[{"href":"https:\/\/puccha.com\/fr\/wp-json\/wp\/v2\/media?parent=3654"}],"wp:term":[{"taxonomy":"product_cat","embeddable":true,"href":"https:\/\/puccha.com\/fr\/wp-json\/wp\/v2\/product_cat?post=3654"},{"taxonomy":"product_tag","embeddable":true,"href":"https:\/\/puccha.com\/fr\/wp-json\/wp\/v2\/product_tag?post=3654"}],"curies":[{"name":"wp","href":"https:\/\/api.w.org\/{rel}","templated":true}]}}