{"id":3643,"date":"2023-11-20T19:14:13","date_gmt":"2023-11-21T00:14:13","guid":{"rendered":"https:\/\/puccha.com\/product\/pet-photo-personalized-christmas-greeting-card-with-custom-name-dog-cat-bunny-hamster-fur-baby-festive-xmas-funny-holiday-card-2\/"},"modified":"2023-11-20T19:41:12","modified_gmt":"2023-11-21T00:41:12","slug":"pet-photo-personalized-christmas-greeting-card-with-custom-name-dog-cat-bunny-hamster-fur-baby-festive-xmas-funny-holiday-card-2","status":"publish","type":"product","link":"https:\/\/puccha.com\/fr\/produit\/pet-photo-personalized-christmas-greeting-card-with-custom-name-dog-cat-bunny-hamster-fur-baby-festive-xmas-funny-holiday-card-2\/","title":{"rendered":"Carte de v\u0153ux de No\u00ebl personnalis\u00e9e avec photo d&#039;animal de compagnie avec nom personnalis\u00e9, chien chat lapin hamster fourrure b\u00e9b\u00e9 festif No\u00ebl carte de vacances dr\u00f4le"},"content":{"rendered":"<p>COMMENT COMMANDER<\/p>\n<p>1- Passez la commande avec le nom de votre animal et choisissez la police que vous souhaitez utiliser.<\/p>\n<p>2- Prenez une photo de face de votre animal dans un endroit suffisamment \u00e9clair\u00e9 de la t\u00eate \u00e0 la poitrine en vous assurant que l&#039;image est en haute r\u00e9solution. Nous recommandons que le museau de votre animal soit tourn\u00e9 vers l&#039;avant et sans accessoires pour un meilleur r\u00e9sultat.<\/p>\n<p>3- T\u00e9l\u00e9chargez la photo de votre animal via Etsy Messages ou envoyez-la-nous par e-mail \u00e0 order[!at]puccha.com.<br \/>\n*** Si vous souhaitez nous envoyer quelques options, nous serons plus qu&#039;heureux de vous aider \u00e0 choisir celle qui, selon nous, s&#039;av\u00e9rera la meilleure ***<\/p>\n<p>4- We will send you the sample within 8 hours after of your purchase before printing your greeting card and will ask you to confirm if the design satisfies you.<\/p>\n<p>5- Veuillez pr\u00e9voir entre 2 et 5 jours apr\u00e8s la confirmation pour que nous puissions pr\u00e9parer et exp\u00e9dier votre article.<\/p>\n<p>\u26a1\ufe0f DESCRIPTION DU PRODUIT \u26a1\ufe0f<\/p>\n<p>Cardboard paper.<br \/>\n4\u2033 \u00d7 6\u2033 (101 \u00d7 152 mm).<br \/>\nToner-based printing.<br \/>\nVibrant colors.<br \/>\nComes with a complimentary envelope.<\/p>\n<p>  D\u00c9LAI DE TRAITEMENT ET D&#039;EXP\u00c9DITION<br \/>\nNos articles sont fabriqu\u00e9s sur commande. Veuillez pr\u00e9voir 2 \u00e0 5 jours ouvrables pour la production et 2 \u00e0 5 jours ouvrables pour l&#039;exp\u00e9dition.<\/p>\n<p>  POLITIQUE DE RETOUR<br \/>\nMalheureusement, puisqu&#039;il s&#039;agit d&#039;un produit personnalis\u00e9, nous ne pouvons offrir aucun remboursement ou \u00e9change, sauf si l&#039;article est endommag\u00e9 ou si l&#039;article n&#039;a jamais \u00e9t\u00e9 re\u00e7u.<\/p>\n<p>&#8212;&#8212;&#8212;&#8212;&#8212;&#8212;&#8212;&#8212;-<\/p>\n<p>  Nous esp\u00e9rons que vous appr\u00e9cierez ce produit.<br \/>\nN&#039;h\u00e9sitez pas \u00e0 laisser un avis sur l&#039;article\u00a0!<\/p>\n<p>Pour toute demande, merci de nous contacter directement par message Etsy ou par email : info[!at]puccha.com<\/p>\n<p>&#8212;&#8212;&#8212;&#8212;&#8212;&#8212;&#8212;&#8212;-<\/p>","protected":false},"excerpt":{"rendered":"<p>Give your home a festive touch and express your love for your fur baby with our personalized Christmas greeting card. Super cute and fun greeting cards entirely customized and personalized. Cardboard paper greeting cards with complimentary envelope. This festive greeting card features your pet&#8217;s portrait and name, and it can be customized with any pet, dog, cat, hamster, and even your favorite animal. The greeting card features the portrait of your own furry baby with Santa\u2019s hat.<\/p>\n<p>The greeting cards are perfect for gifts, treats, smaller toys, and Christmas goodies for your pets. Use it to add your pet\u2019s Christmas gifts, as a holiday keepsake, or as a memorial piece to always keep for your pet a place in the holiday set up. <\/p>\n<p>Its delicate yet adorable sentiments make it the perfect gift for all the animal lovers on your list and can make a great memorial piece that is sure to make its intended wearer smile. Gift it to pet owners, lovers, for family members, and friends, or surprise your furry friend.<\/p>","protected":false},"featured_media":3644,"comment_status":"closed","ping_status":"closed","template":"","meta":[],"product_cat":[15,23],"product_tag":[985,980,989,984,987,808,986,807,988,811,981,982,983],"_links":{"self":[{"href":"https:\/\/puccha.com\/fr\/wp-json\/wp\/v2\/product\/3643"}],"collection":[{"href":"https:\/\/puccha.com\/fr\/wp-json\/wp\/v2\/product"}],"about":[{"href":"https:\/\/puccha.com\/fr\/wp-json\/wp\/v2\/types\/product"}],"replies":[{"embeddable":true,"href":"https:\/\/puccha.com\/fr\/wp-json\/wp\/v2\/comments?post=3643"}],"wp:featuredmedia":[{"embeddable":true,"href":"https:\/\/puccha.com\/fr\/wp-json\/wp\/v2\/media\/3644"}],"wp:attachment":[{"href":"https:\/\/puccha.com\/fr\/wp-json\/wp\/v2\/media?parent=3643"}],"wp:term":[{"taxonomy":"product_cat","embeddable":true,"href":"https:\/\/puccha.com\/fr\/wp-json\/wp\/v2\/product_cat?post=3643"},{"taxonomy":"product_tag","embeddable":true,"href":"https:\/\/puccha.com\/fr\/wp-json\/wp\/v2\/product_tag?post=3643"}],"curies":[{"name":"wp","href":"https:\/\/api.w.org\/{rel}","templated":true}]}}