{"id":3633,"date":"2023-11-20T19:12:50","date_gmt":"2023-11-21T00:12:50","guid":{"rendered":"https:\/\/puccha.com\/product\/photo-pet-sticker-custom-vynle-pet-name-stickers-in-the-memory-of-dog-cat-owner-gift-loss-of-pet-face-sticker-sympathy-gift-2\/"},"modified":"2023-11-20T19:41:17","modified_gmt":"2023-11-21T00:41:17","slug":"photo-pet-sticker-custom-vynle-pet-name-stickers-in-the-memory-of-dog-cat-owner-gift-loss-of-pet-face-sticker-sympathy-gift-2","status":"publish","type":"product","link":"https:\/\/puccha.com\/fr\/produit\/photo-pet-sticker-custom-vynle-pet-name-stickers-in-the-memory-of-dog-cat-owner-gift-loss-of-pet-face-sticker-sympathy-gift-2\/","title":{"rendered":"Autocollant photo pour animaux de compagnie personnalis\u00e9, autocollants de nom d\u2019animal de compagnie Vynle, \u00e0 la m\u00e9moire du chien, cadeau du propri\u00e9taire de chat, autocollant de perte de visage d\u2019animal de compagnie, cadeau de sympathie"},"content":{"rendered":"<p>COMMENT COMMANDER<\/p>\n<p>1- Place the order with the name of your pet and choose the font that you would like to use if you would like your sticker to be prepared with the name.<\/p>\n<p>2- Prenez une photo de face de votre animal dans un endroit suffisamment \u00e9clair\u00e9 de la t\u00eate \u00e0 la poitrine en vous assurant que l&#039;image est en haute r\u00e9solution. Nous recommandons que le museau de votre animal soit tourn\u00e9 vers l&#039;avant et sans accessoires pour un meilleur r\u00e9sultat.<\/p>\n<p>3- T\u00e9l\u00e9chargez la photo de votre animal via Etsy Messages ou envoyez-la-nous par e-mail \u00e0 order[!at]puccha.com.<br \/>\n*** Si vous souhaitez nous envoyer quelques options, nous serons plus qu&#039;heureux de vous aider \u00e0 choisir celle qui, selon nous, s&#039;av\u00e9rera la meilleure ***<\/p>\n<p>4- We will send you the sample within 8 hours after of your purchase before printing your sticker and will ask you to confirm if the design satisfies you.<\/p>\n<p>5- Veuillez pr\u00e9voir entre 2 et 5 jours apr\u00e8s la confirmation pour que nous puissions pr\u00e9parer et exp\u00e9dier votre article.<\/p>\n<p>\u26a1\ufe0f DESCRIPTION DU PRODUIT \u26a1\ufe0f<br \/>\n* Glossy &#8211; Has a glossy finish that adds a light shine to the final product.<br \/>\n* High opacity film that\u2019s impossible to see through.<br \/>\n* Durable vinyl, perfect for indoor use.<br \/>\n* Fast and easy bubble-free application.<\/p>\n<p>\u26a1\ufe0f TIPS WHEN APPLYING STICKERS \u26a1\ufe0f<br \/>\n* Apply the sticker to a clean, dust-free, oil-free, and moisture-free surface.<br \/>\n* After application, press the sticker down with a clean cloth to maximize the sticker\u2019s ability to stick to the surface and avoid air bubbles.<br \/>\n* Make sure that the sticker is applied correctly the first time. With every reapplication, the sticker\u2019s ability to stick will decrease.<br \/>\n* Apply the sticker to a flat surface only. If applied on items that bend, are round, or in a cylinder form, we can\u2019t guarantee its ability to hold.<\/p>\n<p>  D\u00c9LAI DE TRAITEMENT ET D&#039;EXP\u00c9DITION<br \/>\nOur items are made to order. Please allow 2-5 business days for production and 3-5 business days for shipping.<\/p>\n<p>  POLITIQUE DE RETOUR<br \/>\nMalheureusement, puisqu&#039;il s&#039;agit d&#039;un produit personnalis\u00e9, nous ne pouvons offrir aucun remboursement ou \u00e9change, sauf si l&#039;article est endommag\u00e9 ou si l&#039;article n&#039;a jamais \u00e9t\u00e9 re\u00e7u.<\/p>\n<p>&#8212;&#8212;&#8212;&#8212;&#8212;&#8212;&#8212;&#8212;-<\/p>\n<p>  Nous esp\u00e9rons que vous appr\u00e9cierez ce produit.<br \/>\nN&#039;h\u00e9sitez pas \u00e0 laisser un avis sur l&#039;article\u00a0!<\/p>\n<p>Pour toute demande, merci de nous contacter directement par message Etsy ou par email : info[!at]puccha.com<\/p>\n<p>&#8212;&#8212;&#8212;&#8212;&#8212;&#8212;&#8212;&#8212;-<\/p>","protected":false},"excerpt":{"rendered":"<p>\u2728 This is a made to order custom pet sticker with your animal friend\u2019s picture on it.<br \/>\n\u2728 These stickers are printed on durable, high opacity adhesive vinyl which makes them perfect for regular use, as well as for covering other stickers or paint. The high-quality vinyl ensures there are no bubbles when applying the stickers.<br \/>\n\u2728 Cette pi\u00e8ce d\u00e9licate pr\u00e9sente le portrait et le nom de votre animal ! Ses sentiments d\u00e9licats mais adorables en font le cadeau parfait pour tous les amoureux des animaux sur votre liste et peut constituer une superbe pi\u00e8ce comm\u00e9morative qui ne manquera pas de faire sourire son porteur.<\/p>","protected":false},"featured_media":3634,"comment_status":"closed","ping_status":"closed","template":"","meta":[],"product_cat":[39],"product_tag":[978,979,975,715,974,970,973,694,976,971,676,977,972],"_links":{"self":[{"href":"https:\/\/puccha.com\/fr\/wp-json\/wp\/v2\/product\/3633"}],"collection":[{"href":"https:\/\/puccha.com\/fr\/wp-json\/wp\/v2\/product"}],"about":[{"href":"https:\/\/puccha.com\/fr\/wp-json\/wp\/v2\/types\/product"}],"replies":[{"embeddable":true,"href":"https:\/\/puccha.com\/fr\/wp-json\/wp\/v2\/comments?post=3633"}],"wp:featuredmedia":[{"embeddable":true,"href":"https:\/\/puccha.com\/fr\/wp-json\/wp\/v2\/media\/3634"}],"wp:attachment":[{"href":"https:\/\/puccha.com\/fr\/wp-json\/wp\/v2\/media?parent=3633"}],"wp:term":[{"taxonomy":"product_cat","embeddable":true,"href":"https:\/\/puccha.com\/fr\/wp-json\/wp\/v2\/product_cat?post=3633"},{"taxonomy":"product_tag","embeddable":true,"href":"https:\/\/puccha.com\/fr\/wp-json\/wp\/v2\/product_tag?post=3633"}],"curies":[{"name":"wp","href":"https:\/\/api.w.org\/{rel}","templated":true}]}}