{"id":3622,"date":"2023-11-20T19:11:22","date_gmt":"2023-11-21T00:11:22","guid":{"rendered":"https:\/\/puccha.com\/product\/pet-portrait-tshirt-with-custom-name-personalized-trendy-comfy-summer-shirt-for-pet-owner-mom-dad-in-memory-of-dogs-loss-of-a-pet-gift-2\/"},"modified":"2023-11-20T19:41:24","modified_gmt":"2023-11-21T00:41:24","slug":"pet-portrait-tshirt-with-custom-name-personalized-trendy-comfy-summer-shirt-for-pet-owner-mom-dad-in-memory-of-dogs-loss-of-a-pet-gift-2","status":"publish","type":"product","link":"https:\/\/puccha.com\/fr\/produit\/pet-portrait-tshirt-with-custom-name-personalized-trendy-comfy-summer-shirt-for-pet-owner-mom-dad-in-memory-of-dogs-loss-of-a-pet-gift-2\/","title":{"rendered":"T-shirt portrait d\u2019animal de compagnie avec nom personnalis\u00e9, chemise d\u2019\u00e9t\u00e9 confortable \u00e0 la mode personnalis\u00e9e pour maman et papa propri\u00e9taire d\u2019animaux de compagnie, \u00e0 la m\u00e9moire des chiens, perte d\u2019un cadeau pour animaux de compagnie"},"content":{"rendered":"<p>COMMENT COMMANDER<\/p>\n<p>1- Passez la commande avec le nom de votre animal et choisissez la police que vous souhaitez utiliser.<\/p>\n<p>2- Prenez une photo de face de votre animal dans un endroit suffisamment \u00e9clair\u00e9 de la t\u00eate \u00e0 la poitrine en vous assurant que l&#039;image est en haute r\u00e9solution. Nous recommandons que le museau de votre animal soit tourn\u00e9 vers l&#039;avant et sans accessoires pour un meilleur r\u00e9sultat.<\/p>\n<p>3- T\u00e9l\u00e9chargez la photo de votre animal via Etsy Messages ou envoyez-la-nous par e-mail \u00e0 order[!at]puccha.com.<br \/>\n*** Si vous souhaitez nous envoyer quelques options, nous serons plus qu&#039;heureux de vous aider \u00e0 choisir celle qui, selon nous, s&#039;av\u00e9rera la meilleure ***<\/p>\n<p>4- We will send you the sample within 12 hours after of your purchase before printing your T-shirt and will ask you to confirm if the design satisfies you.<\/p>\n<p>5- Veuillez pr\u00e9voir entre 2 et 5 jours apr\u00e8s la confirmation pour que nous puissions pr\u00e9parer et exp\u00e9dier votre article.<\/p>\n<p>*** Pour avoir plus d&#039;une impression sur votre produit, d\u00e9crivez vos amis animaux (esp\u00e8ce de l&#039;animal et son nom) dans la bo\u00eete de personnalisation et achetez notre \u00ab Module compl\u00e9mentaire pour animaux de compagnie suppl\u00e9mentaire \u00bb pour chaque animal suppl\u00e9mentaire \u00e0 l&#039;achat de ce produit en le lien ci-dessous :<\/p>\n<p>   https:\/\/etsy.me\/3KhY68f (Module compl\u00e9mentaire pour animaux de compagnie suppl\u00e9mentaire)<\/p>\n<p>Par exemple:<br \/>\nSi vous souhaitez que vos 3 amis animaux diff\u00e9rents soient imprim\u00e9s sur votre produit, vous devez \u00e9crire chacune de leurs esp\u00e8ces et noms dans la \u00ab zone de personnalisation \u00bb, puis s\u00e9lectionner la quantit\u00e9 de 2 dans \u00ab Module compl\u00e9mentaire pour animaux de compagnie suppl\u00e9mentaire \u00bb.<\/p>\n<p>\u26a1\ufe0f DESCRIPTION DU PRODUIT \u26a1\ufe0f<br \/>\n* Regular Fit \u2013 Standard length, the fabric easily gives into movement<br \/>\n* Unisex Staple T-Shirt feels soft and light with just the right amount of stretch.<br \/>\n* Comfortable and flattering for all.<br \/>\n* Apparel is made using airlume combed and ring-spun cotton, which is famous for its durability and extra softness.<br \/>\n* Solid colors are 100% Airlume combed and ring-spun cotton.<br \/>\n* Ash color is 99% combed and ring-spun cotton, 1% polyester.<br \/>\n* Heather colors are 52% combed and ring-spun cotton, 48% polyester.<br \/>\n* Athletic and Black Heather are 90% combed and ring-spun cotton, 10% polyester.<br \/>\n* Heather Prism colors are 99% combed and ring-spun cotton, 1% polyester.<\/p>\n<p>\u26a0\ufe0f CONSEILS D&#039;ENTRETIEN<br \/>\n* Machine wash cold, inside-out, gentle cycle with mild detergent and similar colors.<br \/>\n* Use non-chlorine bleach, only when necessary. No fabric softeners.<br \/>\n* Tumble dry low, or hang-dry for longest life.<br \/>\n* Cool iron inside-out if necessary. Do not iron decoration.<br \/>\n* Do not dry clean.<\/p>\n<p>  SIZING<br \/>\nThis custom product is unisex. Please refer to our size chart in the photos.<\/p>\n<p>  D\u00c9LAI DE TRAITEMENT ET D&#039;EXP\u00c9DITION<br \/>\nOur items are made to order. Please allow 2-5 business days for production and 3-5 business days for shipping.<\/p>\n<p>  POLITIQUE DE RETOUR<br \/>\nMalheureusement, puisqu&#039;il s&#039;agit d&#039;un produit personnalis\u00e9, nous ne pouvons offrir aucun remboursement ou \u00e9change, sauf si l&#039;article est endommag\u00e9 ou si l&#039;article n&#039;a jamais \u00e9t\u00e9 re\u00e7u.<\/p>\n<p>&#8212;&#8212;&#8212;&#8212;&#8212;&#8212;&#8212;&#8212;-<\/p>\n<p>  Nous esp\u00e9rons que vous appr\u00e9cierez ce produit.<br \/>\nN&#039;h\u00e9sitez pas \u00e0 laisser un avis sur l&#039;article\u00a0!<\/p>\n<p>Pour toute demande, merci de nous contacter directement par message Etsy ou par email : info[!at]puccha.com<\/p>\n<p>&#8212;&#8212;&#8212;&#8212;&#8212;&#8212;&#8212;&#8212;-<\/p>","protected":false},"excerpt":{"rendered":"<p>\u2728 Enjoy your day with a smile by turning your pet&#8217;s photo to a portrait on a T-shirt. Show your love to your pet by wearing this personalized pet portrait Tshirt and reminisce on all the sweet memories you share with your four-legged best friend. You will get one of a kind shirt, custom-made with a high-quality ring-spun cotton material to make as a beautiful keepsake for your pet! Our personalized pet portrait t shirts are available with a number of pet choices that makes them a great gift in memory of your pet, pet birthday, pet loss, pet remembrance, or pet owner.<\/p>\n<p>\u2728 Ring-spun cotton yarn is made by twisting and thinning the cotton strands to make a very fine, strong, soft rope of cotton fibers. Ring-spun cotton t-shirts are more durable and last longer.<\/p>","protected":false},"featured_media":3623,"comment_status":"closed","ping_status":"closed","template":"","meta":[],"product_cat":[18],"product_tag":[766,769,632,764,767,760,758,765,762,761,759,763,768],"_links":{"self":[{"href":"https:\/\/puccha.com\/fr\/wp-json\/wp\/v2\/product\/3622"}],"collection":[{"href":"https:\/\/puccha.com\/fr\/wp-json\/wp\/v2\/product"}],"about":[{"href":"https:\/\/puccha.com\/fr\/wp-json\/wp\/v2\/types\/product"}],"replies":[{"embeddable":true,"href":"https:\/\/puccha.com\/fr\/wp-json\/wp\/v2\/comments?post=3622"}],"wp:featuredmedia":[{"embeddable":true,"href":"https:\/\/puccha.com\/fr\/wp-json\/wp\/v2\/media\/3623"}],"wp:attachment":[{"href":"https:\/\/puccha.com\/fr\/wp-json\/wp\/v2\/media?parent=3622"}],"wp:term":[{"taxonomy":"product_cat","embeddable":true,"href":"https:\/\/puccha.com\/fr\/wp-json\/wp\/v2\/product_cat?post=3622"},{"taxonomy":"product_tag","embeddable":true,"href":"https:\/\/puccha.com\/fr\/wp-json\/wp\/v2\/product_tag?post=3622"}],"curies":[{"name":"wp","href":"https:\/\/api.w.org\/{rel}","templated":true}]}}