{"id":3615,"date":"2023-11-20T19:10:26","date_gmt":"2023-11-21T00:10:26","guid":{"rendered":"https:\/\/puccha.com\/product\/custom-pet-photo-pillow-personalized-pet-portrait-pillow-case-for-cat-dog-owner-in-memory-of-dog-loss-pet-face-pillow-sympathy-gift-2\/"},"modified":"2023-11-20T19:41:37","modified_gmt":"2023-11-21T00:41:37","slug":"custom-pet-photo-pillow-personalized-pet-portrait-pillow-case-for-cat-dog-owner-in-memory-of-dog-loss-pet-face-pillow-sympathy-gift-2","status":"publish","type":"product","link":"https:\/\/puccha.com\/fr\/produit\/custom-pet-photo-pillow-personalized-pet-portrait-pillow-case-for-cat-dog-owner-in-memory-of-dog-loss-pet-face-pillow-sympathy-gift-2\/","title":{"rendered":"Oreiller photo personnalis\u00e9 pour animaux de compagnie, taie d\u2019oreiller personnalis\u00e9e pour portrait d\u2019animal de compagnie pour le propri\u00e9taire de chien de chat, en m\u00e9moire de la perte de chien, oreiller pour le visage d\u2019un animal de compagnie, cadeau de sympathie"},"content":{"rendered":"<p>COMMENT COMMANDER<\/p>\n<p>1- Passez la commande avec le nom de votre animal et choisissez la police que vous souhaitez utiliser.<\/p>\n<p>2- Prenez une photo de face de votre animal dans un endroit suffisamment \u00e9clair\u00e9 de la t\u00eate \u00e0 la poitrine en vous assurant que l&#039;image est en haute r\u00e9solution. Nous recommandons que le museau de votre animal soit tourn\u00e9 vers l&#039;avant et sans accessoires pour un meilleur r\u00e9sultat.<\/p>\n<p>3- T\u00e9l\u00e9chargez la photo de votre animal via Etsy Messages ou envoyez-la-nous par e-mail \u00e0 order[!at]puccha.com.<br \/>\n*** Si vous souhaitez nous envoyer quelques options, nous serons plus qu&#039;heureux de vous aider \u00e0 choisir celle qui, selon nous, s&#039;av\u00e9rera la meilleure ***<\/p>\n<p>4- We will send you the sample within 12 hours after of your purchase before printing your pillow and will ask you to confirm if the design satisfies you.<\/p>\n<p>5- Veuillez pr\u00e9voir entre 2 et 5 jours apr\u00e8s la confirmation pour que nous puissions pr\u00e9parer et exp\u00e9dier votre article.<\/p>\n<p>*** Pour avoir plus d&#039;une impression sur votre produit, d\u00e9crivez vos amis animaux (esp\u00e8ce de l&#039;animal et son nom) dans la bo\u00eete de personnalisation et achetez notre \u00ab Module compl\u00e9mentaire pour animaux de compagnie suppl\u00e9mentaire \u00bb pour chaque animal suppl\u00e9mentaire \u00e0 l&#039;achat de ce produit en le lien ci-dessous :<\/p>\n<p>  https:\/\/etsy.me\/3KhY68f (Module compl\u00e9mentaire pour animaux de compagnie suppl\u00e9mentaire)<\/p>\n<p>Par exemple:<br \/>\nSi vous souhaitez que vos 3 amis animaux diff\u00e9rents soient imprim\u00e9s sur votre produit, vous devez \u00e9crire chacune de leurs esp\u00e8ces et noms dans la \u00ab zone de personnalisation \u00bb, puis s\u00e9lectionner la quantit\u00e9 de 2 dans \u00ab Module compl\u00e9mentaire pour animaux de compagnie suppl\u00e9mentaire \u00bb.<\/p>\n<p>\u26a1\ufe0f DESCRIPTION DU PRODUIT \u26a1\ufe0f<br \/>\n* 100% Spun polyester &#8211; Made from spun polyester threads, it retains its shape, doesn&#8217;t wrinkle, and doesn&#8217;t require ironing.<br \/>\n* Beige plastic zipper with metal head &#8211; The beige zipper will look great together with your design.<br \/>\n* Concealed zipper.<\/p>\n<p>\u26a0\ufe0f CONSEILS D&#039;ENTRETIEN<br \/>\nRemove the pillow cover. Pre-treat the stains with soft cloth or bristle brush that had been soaked in warm soapy water. Machine wash, max 40\u00b0C (104\u00b0F), normal cycle. Do not bleach, do not tumble dry, do not dry-clean. Iron, steam, or dry low heat only. Fluff to reshape when assembling it back together.<\/p>\n<p>  D\u00c9LAI DE TRAITEMENT ET D&#039;EXP\u00c9DITION<br \/>\nNos articles sont fabriqu\u00e9s sur commande. Veuillez pr\u00e9voir 2 \u00e0 5 jours ouvrables pour la production.<br \/>\nL\u2019exp\u00e9dition aux \u00c9tats-Unis prend jusqu\u2019\u00e0 2 \u00e0 5 jours ouvrables.<br \/>\nWorldwide shipping takes up to 3-10 business days.<\/p>\n<p>  POLITIQUE DE RETOUR<br \/>\nMalheureusement, puisqu&#039;il s&#039;agit d&#039;un produit personnalis\u00e9, nous ne pouvons offrir aucun remboursement ou \u00e9change, sauf si l&#039;article est endommag\u00e9 ou si l&#039;article n&#039;a jamais \u00e9t\u00e9 re\u00e7u.<\/p>\n<p>&#8212;&#8212;&#8212;&#8212;&#8212;&#8212;&#8212;&#8212;-<\/p>\n<p>  Nous esp\u00e9rons que vous appr\u00e9cierez ce produit.<br \/>\nN&#039;h\u00e9sitez pas \u00e0 laisser un avis sur l&#039;article\u00a0!<\/p>\n<p>Pour toute demande, merci de nous contacter directement par message Etsy ou par email : info[!at]puccha.com<\/p>\n<p>&#8212;&#8212;&#8212;&#8212;&#8212;&#8212;&#8212;&#8212;-<\/p>","protected":false},"excerpt":{"rendered":"<p>\u2728 Enjoy your day with a smile by turning your pet photo to a portrait on a pillow. Show your love to your pet by designing your home with this custom pet photo pillow and reminisce on all the sweet memories you share with your four-legged best friend. You will get one of a kind pillow, custom-made with a high-quality polyester material to make as a beautiful keepsake for your pet! Our personalized pet portrait pillows are available with a number of pet choices that makes them a great gift in memory of your pet, pet birthday, pet loss, pet remembrance, or pet owner.<\/p>","protected":false},"featured_media":3616,"comment_status":"closed","ping_status":"closed","template":"","meta":[],"product_cat":[24],"product_tag":[624,969,961,620,730,636,627,626,637,968,791,623,676],"_links":{"self":[{"href":"https:\/\/puccha.com\/fr\/wp-json\/wp\/v2\/product\/3615"}],"collection":[{"href":"https:\/\/puccha.com\/fr\/wp-json\/wp\/v2\/product"}],"about":[{"href":"https:\/\/puccha.com\/fr\/wp-json\/wp\/v2\/types\/product"}],"replies":[{"embeddable":true,"href":"https:\/\/puccha.com\/fr\/wp-json\/wp\/v2\/comments?post=3615"}],"wp:featuredmedia":[{"embeddable":true,"href":"https:\/\/puccha.com\/fr\/wp-json\/wp\/v2\/media\/3616"}],"wp:attachment":[{"href":"https:\/\/puccha.com\/fr\/wp-json\/wp\/v2\/media?parent=3615"}],"wp:term":[{"taxonomy":"product_cat","embeddable":true,"href":"https:\/\/puccha.com\/fr\/wp-json\/wp\/v2\/product_cat?post=3615"},{"taxonomy":"product_tag","embeddable":true,"href":"https:\/\/puccha.com\/fr\/wp-json\/wp\/v2\/product_tag?post=3615"}],"curies":[{"name":"wp","href":"https:\/\/api.w.org\/{rel}","templated":true}]}}