{"id":3587,"date":"2023-11-20T19:06:39","date_gmt":"2023-11-21T00:06:39","guid":{"rendered":"https:\/\/puccha.com\/product\/custom-pet-portrait-beer-can-glass-personalized-pet-photo-pint-glass-in-memory-of-pet-loss-tumbler-keepsake-novelty-cat-dog-birthday-gift-2\/"},"modified":"2023-11-20T19:42:02","modified_gmt":"2023-11-21T00:42:02","slug":"custom-pet-portrait-beer-can-glass-personalized-pet-photo-pint-glass-in-memory-of-pet-loss-tumbler-keepsake-novelty-cat-dog-birthday-gift-2","status":"publish","type":"product","link":"https:\/\/puccha.com\/fr\/produit\/custom-pet-portrait-beer-can-glass-personalized-pet-photo-pint-glass-in-memory-of-pet-loss-tumbler-keepsake-novelty-cat-dog-birthday-gift-2\/","title":{"rendered":"Verre de canette de bi\u00e8re personnalis\u00e9 pour portrait d\u2019animal de compagnie, verre de pinte photo personnalis\u00e9 pour animaux de compagnie, en m\u00e9moire de la perte d\u2019un animal de compagnie, gobelet souvenir nouveaut\u00e9 chat chien cadeau d\u2019anniversaire"},"content":{"rendered":"<p>COMMENT COMMANDER<\/p>\n<p>1- Passez la commande avec le nom de votre animal et choisissez la police que vous souhaitez utiliser.<\/p>\n<p>2- Prenez une photo de face de votre animal dans un endroit suffisamment \u00e9clair\u00e9 de la t\u00eate \u00e0 la poitrine en vous assurant que l&#039;image est en haute r\u00e9solution. Nous recommandons que le museau de votre animal soit tourn\u00e9 vers l&#039;avant et sans accessoires pour un meilleur r\u00e9sultat.<\/p>\n<p>3- T\u00e9l\u00e9chargez la photo de votre animal via Etsy Messages ou envoyez-la-nous par e-mail \u00e0 order[!at]puccha.com.<\/p>\n<p>*** Si vous souhaitez nous envoyer quelques options, nous serons plus qu&#039;heureux de vous aider \u00e0 choisir celle qui, selon nous, s&#039;av\u00e9rera la meilleure ***<\/p>\n<p>4- Nous vous enverrons l&#039;\u00e9chantillon dans les 8 heures suivant votre achat avant d&#039;imprimer votre verre \u00e0 pinte et vous demanderons de confirmer si le design vous satisfait.<\/p>\n<p>5- Veuillez pr\u00e9voir entre 2 et 5 jours apr\u00e8s la confirmation pour que nous puissions pr\u00e9parer et exp\u00e9dier votre article.<\/p>\n<p>\u26a1\ufe0f DESCRIPTION DU PRODUIT \u26a1\ufe0f<br \/>\n* 16 onces (0,473 l).<br \/>\n* Mat\u00e9riau : verre transparent.<br \/>\n* Sans BPA.<br \/>\n* Construction r\u00e9sistante.<\/p>\n<p>\u26a0\ufe0f CONSEILS D&#039;ENTRETIEN<br \/>\nLavage \u00e0 la main seulement.<\/p>\n<p>  D\u00c9LAI DE TRAITEMENT ET D&#039;EXP\u00c9DITION<br \/>\nNos articles sont fabriqu\u00e9s sur commande. Veuillez pr\u00e9voir 2 \u00e0 5 jours ouvrables pour la production.<br \/>\nL\u2019exp\u00e9dition aux \u00c9tats-Unis prend jusqu\u2019\u00e0 2 \u00e0 5 jours ouvrables.<br \/>\nL&#039;exp\u00e9dition mondiale prend jusqu&#039;\u00e0 10 \u00e0 15 jours ouvrables.<\/p>\n<p>  POLITIQUE DE RETOUR<br \/>\nMalheureusement, puisqu&#039;il s&#039;agit d&#039;un produit personnalis\u00e9, nous ne pouvons offrir aucun remboursement ou \u00e9change, sauf si l&#039;article est endommag\u00e9 ou si l&#039;article n&#039;a jamais \u00e9t\u00e9 re\u00e7u.<\/p>\n<p>&#8212;&#8212;&#8212;&#8212;&#8212;&#8212;&#8212;&#8212;-<\/p>\n<p>  Nous esp\u00e9rons que vous appr\u00e9cierez ce produit.<br \/>\nN&#039;h\u00e9sitez pas \u00e0 laisser un avis sur l&#039;article\u00a0!<\/p>\n<p>Pour toute demande, merci de nous contacter directement par message Etsy ou par email : info[!at]puccha.com<\/p>\n<p>&#8212;&#8212;&#8212;&#8212;&#8212;&#8212;&#8212;&#8212;-<\/p>","protected":false},"excerpt":{"rendered":"<p>Si vous recherchez le cadeau parfait pour l&#039;amateur de bi\u00e8re et d&#039;animaux de votre vie, nous avons exactement ce qu&#039;il vous faut : un verre \u00e0 bi\u00e8re avec un portrait d&#039;animal personnalis\u00e9. Le verre \u00e0 pinte classique est personnalis\u00e9 avec le portrait de votre propre animal de compagnie. Nous prendrons la photo de votre b\u00e9b\u00e9 \u00e0 fourrure et la transformerons en une \u0153uvre d&#039;art imprim\u00e9e directement sur ce verre de canette. Que vous choisissiez d&#039;ajouter le visage de votre chien, de votre chat, des deux, ou de tout autre animal ou animal de compagnie, ce gobelet en verre deviendra s\u00fbrement un souvenir sinc\u00e8re.<\/p>\n<p>Ce verre \u00e0 pinte est \u00e9videmment id\u00e9al pour la bi\u00e8re, mais \u00e9galement parfait pour les caf\u00e9s glac\u00e9s, les th\u00e9s glac\u00e9s, le lait, l&#039;eau, les sodas, les boissons gazeuses et les d\u00e9licieuses boissons d&#039;\u00e9t\u00e9, les smoothies, les milkshakes et bien d&#039;autres encore. Les boissons deviendront instantan\u00e9ment plus savoureuses simplement parce que vous y porterez le portrait de votre animal de compagnie.<\/p>\n<p>Sp\u00e9cialement con\u00e7us pour les propri\u00e9taires et les amoureux d&#039;animaux car ils sont personnalis\u00e9s avec le visage de votre propre animal. Ils constituent un cadeau sp\u00e9cial pour un m\u00e9morial ou une perte d&#039;animal de compagnie, et pour partager votre sympathie. Vous pouvez \u00e9galement l&#039;offrir aux propri\u00e9taires d&#039;animaux, aux amoureux, \u00e0 la f\u00eate des p\u00e8res, aux membres de la famille et aux amis, ou surprendre vos amis \u00e0 quatre pattes.<\/p>","protected":false},"featured_media":3588,"comment_status":"closed","ping_status":"closed","template":"","meta":[],"product_cat":[21],"product_tag":[966,967,965,620,636,879,627,626,637,625,881,964,772],"_links":{"self":[{"href":"https:\/\/puccha.com\/fr\/wp-json\/wp\/v2\/product\/3587"}],"collection":[{"href":"https:\/\/puccha.com\/fr\/wp-json\/wp\/v2\/product"}],"about":[{"href":"https:\/\/puccha.com\/fr\/wp-json\/wp\/v2\/types\/product"}],"replies":[{"embeddable":true,"href":"https:\/\/puccha.com\/fr\/wp-json\/wp\/v2\/comments?post=3587"}],"wp:featuredmedia":[{"embeddable":true,"href":"https:\/\/puccha.com\/fr\/wp-json\/wp\/v2\/media\/3588"}],"wp:attachment":[{"href":"https:\/\/puccha.com\/fr\/wp-json\/wp\/v2\/media?parent=3587"}],"wp:term":[{"taxonomy":"product_cat","embeddable":true,"href":"https:\/\/puccha.com\/fr\/wp-json\/wp\/v2\/product_cat?post=3587"},{"taxonomy":"product_tag","embeddable":true,"href":"https:\/\/puccha.com\/fr\/wp-json\/wp\/v2\/product_tag?post=3587"}],"curies":[{"name":"wp","href":"https:\/\/api.w.org\/{rel}","templated":true}]}}