{"id":3565,"date":"2023-11-20T19:03:41","date_gmt":"2023-11-21T00:03:41","guid":{"rendered":"https:\/\/puccha.com\/product\/pet-memorial-custom-candle-pet-remembrance-gift-for-dog-cat-owner-in-memory-of-dogs-loss-of-a-pet-gift-sympathy-gift-bereavement-gift-2\/"},"modified":"2023-11-20T19:42:36","modified_gmt":"2023-11-21T00:42:36","slug":"pet-memorial-custom-candle-pet-remembrance-gift-for-dog-cat-owner-in-memory-of-dogs-loss-of-a-pet-gift-sympathy-gift-bereavement-gift-2","status":"publish","type":"product","link":"https:\/\/puccha.com\/fr\/produit\/pet-memorial-custom-candle-pet-remembrance-gift-for-dog-cat-owner-in-memory-of-dogs-loss-of-a-pet-gift-sympathy-gift-bereavement-gift-2\/","title":{"rendered":"Bougie personnalis\u00e9e comm\u00e9morative pour animaux de compagnie, cadeau de souvenir d\u2019animal de compagnie pour le propri\u00e9taire de chat de chien, \u00e0 la m\u00e9moire des chiens, perte d\u2019un cadeau d\u2019animal de compagnie, cadeau de sympathie, cadeau de deuil"},"content":{"rendered":"<p>COMMENT COMMANDER<\/p>\n<p>1- Please provide your custom quote and the name of your pet. Choose the font that you would like to use.<\/p>\n<p>2- Prenez une photo de face de votre animal dans un endroit suffisamment \u00e9clair\u00e9 de la t\u00eate \u00e0 la poitrine en vous assurant que l&#039;image est en haute r\u00e9solution. Nous recommandons que le museau de votre animal soit tourn\u00e9 vers l&#039;avant et sans accessoires pour un meilleur r\u00e9sultat.<\/p>\n<p>3- T\u00e9l\u00e9chargez la photo de votre animal via Etsy Messages ou envoyez-la-nous par e-mail \u00e0 order[!at]puccha.com.<\/p>\n<p>*** Si vous souhaitez nous envoyer quelques options, nous serons plus qu&#039;heureux de vous aider \u00e0 choisir celle qui, selon nous, s&#039;av\u00e9rera la meilleure ***<\/p>\n<p>4- We will send you the sample within 12 hours after of your purchase before printing your candle and will ask you to confirm if the design satisfies you.<\/p>\n<p>5- Veuillez pr\u00e9voir entre 2 et 5 jours apr\u00e8s la confirmation pour que nous puissions pr\u00e9parer et exp\u00e9dier votre article.<\/p>\n<p>*** Pour avoir plus d&#039;une impression sur votre produit, d\u00e9crivez vos amis animaux (esp\u00e8ce de l&#039;animal et son nom) dans la bo\u00eete de personnalisation et achetez notre \u00ab Module compl\u00e9mentaire pour animaux de compagnie suppl\u00e9mentaire \u00bb pour chaque animal suppl\u00e9mentaire \u00e0 l&#039;achat de ce produit en le lien ci-dessous :<\/p>\n<p>  https:\/\/etsy.me\/3KhY68f (Module compl\u00e9mentaire pour animaux de compagnie suppl\u00e9mentaire)<\/p>\n<p>Par exemple:<br \/>\nSi vous souhaitez que vos 3 amis animaux diff\u00e9rents soient imprim\u00e9s sur votre produit, vous devez \u00e9crire chacune de leurs esp\u00e8ces et noms dans la \u00ab zone de personnalisation \u00bb, puis s\u00e9lectionner la quantit\u00e9 de 2 dans \u00ab Module compl\u00e9mentaire pour animaux de compagnie suppl\u00e9mentaire \u00bb.<\/p>\n<p>\u26a1\ufe0f PRODUCT DESCIPTION \u26a1\ufe0f<br \/>\n* One size (3\u2033 \u00d7 3 2\/8&#8243;) (7.6cm \u00d7 8.25cm).<br \/>\n* 3 scents &#8211; This scented candle comes in 3 different scents &#8211; Vanilla Bean, Comfort Spice, and Sea Breeze.<br \/>\n* Reusable glass container &#8211; This candle comes in a glass container that can be cleaned after burning the candle and reused as a decor or a glass.<br \/>\n* Eco-friendly and non-toxic &#8211; This scented candle is completely natural and non-toxic. It contains no lead, plastics, parabens, synthetic dyes, or phthalates.<br \/>\n* 100% natural soy wax blend.<br \/>\n* Average burn time: 50-60 hours.<br \/>\n* 100% cotton wick.<br \/>\n* Permanent adhesive label.<\/p>\n<p>\u26a0\ufe0f CONSEILS D&#039;ENTRETIEN<br \/>\nKeep burning candle within sight, and keep away from children and pets. Never burn the candle near flammable items. For best results, burn candle 3 to 4 hours of each lighting and trim wick to 1\/4&#8243;. Discontinue use with 1\/2&#8243; of wax remaining.<\/p>\n<p>  D\u00c9LAI DE TRAITEMENT ET D&#039;EXP\u00c9DITION<br \/>\nNos articles sont fabriqu\u00e9s sur commande. Veuillez pr\u00e9voir 2 \u00e0 5 jours ouvrables pour la production.<br \/>\nUSA shipping takes up to 2-4 business days.<br \/>\nWorldwide shipping takes up to 10-20 business days.<\/p>\n<p>  POLITIQUE DE RETOUR<br \/>\nMalheureusement, puisqu&#039;il s&#039;agit d&#039;un produit personnalis\u00e9, nous ne pouvons offrir aucun remboursement ou \u00e9change, sauf si l&#039;article est endommag\u00e9 ou si l&#039;article n&#039;a jamais \u00e9t\u00e9 re\u00e7u.<\/p>\n<p>&#8212;&#8212;&#8212;&#8212;&#8212;&#8212;&#8212;&#8212;-<\/p>\n<p>  Nous esp\u00e9rons que vous appr\u00e9cierez ce produit.<br \/>\nN&#039;h\u00e9sitez pas \u00e0 laisser un avis sur l&#039;article\u00a0!<\/p>\n<p>Pour toute demande, merci de nous contacter directement par message Etsy ou par email : info[!at]puccha.com<\/p>\n<p>&#8212;&#8212;&#8212;&#8212;&#8212;&#8212;&#8212;&#8212;-<\/p>","protected":false},"excerpt":{"rendered":"<p>This is a made to order pet memorial custom candle with your animal friend\u2019s picture on it.<\/p>\n<p>\u2728 Cette pi\u00e8ce d\u00e9licate pr\u00e9sente le portrait et le nom de votre animal ! Ses sentiments d\u00e9licats mais adorables en font le cadeau parfait pour tous les amoureux des animaux sur votre liste et peut constituer une superbe pi\u00e8ce comm\u00e9morative qui ne manquera pas de faire sourire son porteur.<\/p>","protected":false},"featured_media":3566,"comment_status":"closed","ping_status":"closed","template":"","meta":[],"product_cat":[24],"product_tag":[624,950,928,953,620,955,954,951,627,625,949,952,676],"_links":{"self":[{"href":"https:\/\/puccha.com\/fr\/wp-json\/wp\/v2\/product\/3565"}],"collection":[{"href":"https:\/\/puccha.com\/fr\/wp-json\/wp\/v2\/product"}],"about":[{"href":"https:\/\/puccha.com\/fr\/wp-json\/wp\/v2\/types\/product"}],"replies":[{"embeddable":true,"href":"https:\/\/puccha.com\/fr\/wp-json\/wp\/v2\/comments?post=3565"}],"wp:featuredmedia":[{"embeddable":true,"href":"https:\/\/puccha.com\/fr\/wp-json\/wp\/v2\/media\/3566"}],"wp:attachment":[{"href":"https:\/\/puccha.com\/fr\/wp-json\/wp\/v2\/media?parent=3565"}],"wp:term":[{"taxonomy":"product_cat","embeddable":true,"href":"https:\/\/puccha.com\/fr\/wp-json\/wp\/v2\/product_cat?post=3565"},{"taxonomy":"product_tag","embeddable":true,"href":"https:\/\/puccha.com\/fr\/wp-json\/wp\/v2\/product_tag?post=3565"}],"curies":[{"name":"wp","href":"https:\/\/api.w.org\/{rel}","templated":true}]}}