{"id":3554,"date":"2023-11-20T19:02:12","date_gmt":"2023-11-21T00:02:12","guid":{"rendered":"https:\/\/puccha.com\/product\/custom-pet-magnet-personalized-dog-photo-magnet-for-gift-cat-portrait-fridge-magnet-custom-pet-memorial-gift-2\/"},"modified":"2023-11-20T19:42:43","modified_gmt":"2023-11-21T00:42:43","slug":"custom-pet-magnet-personalized-dog-photo-magnet-for-gift-cat-portrait-fridge-magnet-custom-pet-memorial-gift-2","status":"publish","type":"product","link":"https:\/\/puccha.com\/fr\/produit\/custom-pet-magnet-personalized-dog-photo-magnet-for-gift-cat-portrait-fridge-magnet-custom-pet-memorial-gift-2\/","title":{"rendered":"Aimant personnalis\u00e9 pour animaux de compagnie | Aimant photo de chien personnalis\u00e9 pour cadeau | Aimant de r\u00e9frig\u00e9rateur de portrait de chat | Cadeau comm\u00e9moratif personnalis\u00e9 pour animaux de compagnie"},"content":{"rendered":"<p>COMMENT COMMANDER<\/p>\n<p>1- Passez la commande avec le nom de votre animal et choisissez la police que vous souhaitez utiliser.<\/p>\n<p>2- Prenez une photo de face de votre animal dans un endroit suffisamment \u00e9clair\u00e9 de la t\u00eate \u00e0 la poitrine en vous assurant que l&#039;image est en haute r\u00e9solution. Nous recommandons que le museau de votre animal soit tourn\u00e9 vers l&#039;avant et sans accessoires pour un meilleur r\u00e9sultat.<\/p>\n<p>3- T\u00e9l\u00e9chargez la photo de votre animal via Etsy Messages ou envoyez-la-nous par e-mail \u00e0 order[!at]puccha.com.<br \/>\n*** Si vous souhaitez nous envoyer quelques options, nous serons plus qu&#039;heureux de vous aider \u00e0 choisir celle qui, selon nous, s&#039;av\u00e9rera la meilleure ***<\/p>\n<p>4- We will send you the sample within 12 hours after of your purchase before printing your magnet and will ask you to confirm if the design satisfies you.<\/p>\n<p>5- Veuillez pr\u00e9voir entre 2 et 5 jours apr\u00e8s la confirmation pour que nous puissions pr\u00e9parer et exp\u00e9dier votre article.<\/p>\n<p>*** Pour avoir plus d&#039;une impression sur votre produit, d\u00e9crivez vos amis animaux (esp\u00e8ce de l&#039;animal et son nom) dans la bo\u00eete de personnalisation et achetez notre \u00ab Module compl\u00e9mentaire pour animaux de compagnie suppl\u00e9mentaire \u00bb pour chaque animal suppl\u00e9mentaire \u00e0 l&#039;achat de ce produit en le lien ci-dessous :<\/p>\n<p>  https:\/\/etsy.me\/3KhY68f (Module compl\u00e9mentaire pour animaux de compagnie suppl\u00e9mentaire)<\/p>\n<p>Par exemple:<br \/>\nSi vous souhaitez que vos 3 amis animaux diff\u00e9rents soient imprim\u00e9s sur votre produit, vous devez \u00e9crire chacune de leurs esp\u00e8ces et noms dans la \u00ab zone de personnalisation \u00bb, puis s\u00e9lectionner la quantit\u00e9 de 2 dans \u00ab Module compl\u00e9mentaire pour animaux de compagnie suppl\u00e9mentaire \u00bb.<\/p>\n<p>\u26a1\ufe0f DESCRIPTION DU PRODUIT \u26a1\ufe0f<br \/>\n* For indoor or outdoor use<br \/>\n* Three sizes to choose from (3&#8243;x3&#8243; | 4&#8243;x4&#8243; | 6&#8243;x6&#8243;)<br \/>\n* Thin (0.03&#8243;) and lightweight<br \/>\n* Long lasting &#8211; Laminated surface with a black magnetic backing, perfect for any metal surface<br \/>\n* Matte Finish &#8211; Full color decoration on one side with a matte finish<\/p>\n<p>\u26a0\ufe0f CONSEILS D&#039;ENTRETIEN<br \/>\nUse a soft, clean and dry cloth to gently brush any dust or dirt off from the center of the magnet outwards.<\/p>\n<p>  D\u00c9LAI DE TRAITEMENT ET D&#039;EXP\u00c9DITION<br \/>\nNos articles sont fabriqu\u00e9s sur commande. Veuillez pr\u00e9voir 2 \u00e0 5 jours ouvrables pour la production.<br \/>\nL\u2019exp\u00e9dition aux \u00c9tats-Unis prend jusqu\u2019\u00e0 2 \u00e0 5 jours ouvrables.<br \/>\nWorldwide shipping takes up to 10-20 business days.<\/p>\n<p>  POLITIQUE DE RETOUR<br \/>\nMalheureusement, puisqu&#039;il s&#039;agit d&#039;un produit personnalis\u00e9, nous ne pouvons offrir aucun remboursement ou \u00e9change, sauf si l&#039;article est endommag\u00e9 ou si l&#039;article n&#039;a jamais \u00e9t\u00e9 re\u00e7u.<\/p>\n<p>&#8212;&#8212;&#8212;&#8212;&#8212;&#8212;&#8212;&#8212;-<\/p>\n<p>  Nous esp\u00e9rons que vous appr\u00e9cierez ce produit.<br \/>\nN&#039;h\u00e9sitez pas \u00e0 laisser un avis sur l&#039;article\u00a0!<\/p>\n<p>Pour toute demande, merci de nous contacter directement par message Etsy ou par email : info[!at]puccha.com<\/p>\n<p>&#8212;&#8212;&#8212;&#8212;&#8212;&#8212;&#8212;&#8212;-<\/p>","protected":false},"excerpt":{"rendered":"<p>This is a made to order custom pet magnet with your animal friend\u2019s picture on it.<\/p>\n<p>\u2728 Cette pi\u00e8ce d\u00e9licate pr\u00e9sente le portrait et le nom de votre animal ! Ses sentiments d\u00e9licats mais adorables en font le cadeau parfait pour tous les amoureux des animaux sur votre liste et peut constituer une superbe pi\u00e8ce comm\u00e9morative qui ne manquera pas de faire sourire son porteur.<\/p>","protected":false},"featured_media":3555,"comment_status":"closed","ping_status":"closed","template":"","meta":[],"product_cat":[24],"product_tag":[944,939,928,940,941,937,942,945,948,946,651,947,943],"_links":{"self":[{"href":"https:\/\/puccha.com\/fr\/wp-json\/wp\/v2\/product\/3554"}],"collection":[{"href":"https:\/\/puccha.com\/fr\/wp-json\/wp\/v2\/product"}],"about":[{"href":"https:\/\/puccha.com\/fr\/wp-json\/wp\/v2\/types\/product"}],"replies":[{"embeddable":true,"href":"https:\/\/puccha.com\/fr\/wp-json\/wp\/v2\/comments?post=3554"}],"wp:featuredmedia":[{"embeddable":true,"href":"https:\/\/puccha.com\/fr\/wp-json\/wp\/v2\/media\/3555"}],"wp:attachment":[{"href":"https:\/\/puccha.com\/fr\/wp-json\/wp\/v2\/media?parent=3554"}],"wp:term":[{"taxonomy":"product_cat","embeddable":true,"href":"https:\/\/puccha.com\/fr\/wp-json\/wp\/v2\/product_cat?post=3554"},{"taxonomy":"product_tag","embeddable":true,"href":"https:\/\/puccha.com\/fr\/wp-json\/wp\/v2\/product_tag?post=3554"}],"curies":[{"name":"wp","href":"https:\/\/api.w.org\/{rel}","templated":true}]}}