{"id":3496,"date":"2023-11-20T18:54:27","date_gmt":"2023-11-20T23:54:27","guid":{"rendered":"https:\/\/puccha.com\/product\/personalized-jigsaw-puzzle-with-pet-portrait-and-custom-name-dog-cat-photo-family-birthday-funny-gift-for-pet-owner-500-1000-pieces-2\/"},"modified":"2023-11-20T19:43:32","modified_gmt":"2023-11-21T00:43:32","slug":"personalized-jigsaw-puzzle-with-pet-portrait-and-custom-name-dog-cat-photo-family-birthday-funny-gift-for-pet-owner-500-1000-pieces-2","status":"publish","type":"product","link":"https:\/\/puccha.com\/fr\/produit\/personalized-jigsaw-puzzle-with-pet-portrait-and-custom-name-dog-cat-photo-family-birthday-funny-gift-for-pet-owner-500-1000-pieces-2\/","title":{"rendered":"Puzzle personnalis\u00e9 avec portrait d&#039;animal de compagnie et nom personnalis\u00e9, photo de chat de chien, cadeau amusant d&#039;anniversaire de famille pour propri\u00e9taire d&#039;animal de compagnie 500 1000 pi\u00e8ces"},"content":{"rendered":"<p>\u26a1\ufe0f DESCRIPTION DU PRODUIT \u26a1\ufe0f<br \/>\n* Pre-die cut chipboard with a satin finish.<br \/>\n* White metal tin box with finished image on the cover.<br \/>\n* Available in 5 sizes<br \/>\n30 pieces &#8211; (9.6&#8243; \u00d7 8&#8243;)<br \/>\n110 pieces &#8211; (9.6&#8243; \u00d7 8&#8243;)<br \/>\n252 pieces &#8211; (14&#8243; \u00d7 11&#8243;)<br \/>\n500 pieces &#8211; (20.5&#8243; \u00d7 15&#8243;)<br \/>\n1000 pieces &#8211; (29.25&#8243; \u00d7 19.75&#8243;)<br \/>\n  COMMENT COMMANDER<br \/>\n1- Upload your photo via Etsy Messages or send it to us by email at order[!at]puccha.com. Please ensure that the image is high resolution.<br \/>\n2- We will send you the sample within 12 hours after of your purchase before printing your puzzle and will ask you to confirm if the design satisfies you.<br \/>\n3- Please allow between 2 to 5 days after confirmation for us to prepare and ship your item.<br \/>\n\u26a0\ufe0f CONSEILS D&#039;ENTRETIEN<br \/>\nWipe the dirt or dust off gently with a clean, dry microfiber cloth.<br \/>\n  D\u00c9LAI DE TRAITEMENT ET D&#039;EXP\u00c9DITION<br \/>\nNos articles sont fabriqu\u00e9s sur commande. Veuillez pr\u00e9voir 2 \u00e0 5 jours ouvrables pour la production.<br \/>\nL\u2019exp\u00e9dition aux \u00c9tats-Unis prend jusqu\u2019\u00e0 2 \u00e0 5 jours ouvrables.<br \/>\nWorldwide shipping takes up to 10-25 business days.<br \/>\n  POLITIQUE DE RETOUR<br \/>\nMalheureusement, puisqu&#039;il s&#039;agit d&#039;un produit personnalis\u00e9, nous ne pouvons offrir aucun remboursement ou \u00e9change, sauf si l&#039;article est endommag\u00e9 ou si l&#039;article n&#039;a jamais \u00e9t\u00e9 re\u00e7u.<br \/>\n&#8212;&#8212;&#8212;&#8212;&#8212;&#8212;&#8212;&#8212;-<br \/>\n  Nous esp\u00e9rons que vous appr\u00e9cierez ce produit.<br \/>\nN&#039;h\u00e9sitez pas \u00e0 laisser un avis sur l&#039;article\u00a0!<br \/>\nPour toute demande, merci de nous contacter directement par message Etsy ou par email : info[!at]puccha.com<br \/>\n&#8212;&#8212;&#8212;&#8212;&#8212;&#8212;&#8212;&#8212;-<\/p>","protected":false},"excerpt":{"rendered":"<p>This personalized jigsaw puzzle is perfect downtime activity for friends, family and children. It comes in a white metal tin box with finished image on the cover. It is available in 30, 110, 252, 500, or 1000-Piece variations of perfectly interlocking pieces, printed on high quality chipboard with a satin finish. This customized puzzle features a drawn portrait of your pet. This can be any pet portrait, whatever animal you love the most, and can be customized for dog, cat, horse, hamster owners, and more. You can re-do the puzzle over and over or glue it together and hang it up as wall art.<br \/>\nYou can buy it for yourself or gift it. Makes a great gift for pet owners, lovers, for family members, and friends, or to surprise your furry friend.<\/p>","protected":false},"featured_media":3497,"comment_status":"closed","ping_status":"closed","template":"","meta":[],"product_cat":[24],"product_tag":[908,900,905,899,903,906,904,898,907,902,910,909,901],"_links":{"self":[{"href":"https:\/\/puccha.com\/fr\/wp-json\/wp\/v2\/product\/3496"}],"collection":[{"href":"https:\/\/puccha.com\/fr\/wp-json\/wp\/v2\/product"}],"about":[{"href":"https:\/\/puccha.com\/fr\/wp-json\/wp\/v2\/types\/product"}],"replies":[{"embeddable":true,"href":"https:\/\/puccha.com\/fr\/wp-json\/wp\/v2\/comments?post=3496"}],"wp:featuredmedia":[{"embeddable":true,"href":"https:\/\/puccha.com\/fr\/wp-json\/wp\/v2\/media\/3497"}],"wp:attachment":[{"href":"https:\/\/puccha.com\/fr\/wp-json\/wp\/v2\/media?parent=3496"}],"wp:term":[{"taxonomy":"product_cat","embeddable":true,"href":"https:\/\/puccha.com\/fr\/wp-json\/wp\/v2\/product_cat?post=3496"},{"taxonomy":"product_tag","embeddable":true,"href":"https:\/\/puccha.com\/fr\/wp-json\/wp\/v2\/product_tag?post=3496"}],"curies":[{"name":"wp","href":"https:\/\/api.w.org\/{rel}","templated":true}]}}