{"id":3485,"date":"2023-11-20T18:52:57","date_gmt":"2023-11-20T23:52:57","guid":{"rendered":"https:\/\/puccha.com\/product\/mug-with-pet-portrait-personalized-dog-cat-bunny-photo-and-custom-name-keepsake-novelty-memorial-sympathy-latte-cup-gift-for-dad-mom-2\/"},"modified":"2023-11-20T19:43:39","modified_gmt":"2023-11-21T00:43:39","slug":"mug-with-pet-portrait-personalized-dog-cat-bunny-photo-and-custom-name-keepsake-novelty-memorial-sympathy-latte-cup-gift-for-dad-mom-2","status":"publish","type":"product","link":"https:\/\/puccha.com\/fr\/produit\/mug-with-pet-portrait-personalized-dog-cat-bunny-photo-and-custom-name-keepsake-novelty-memorial-sympathy-latte-cup-gift-for-dad-mom-2\/","title":{"rendered":"Tasse avec portrait d&#039;animal de compagnie personnalis\u00e9 chien chat lapin photo et nom personnalis\u00e9, souvenir nouveaut\u00e9 comm\u00e9morative sympathie latte tasse cadeau pour papa et maman"},"content":{"rendered":"<p>COMMENT COMMANDER<\/p>\n<p>1- Passez la commande avec le nom de votre animal et choisissez la police que vous souhaitez utiliser.<\/p>\n<p>2- Prenez une photo de face de votre animal dans un endroit suffisamment \u00e9clair\u00e9 de la t\u00eate \u00e0 la poitrine en vous assurant que l&#039;image est en haute r\u00e9solution. Nous recommandons que le museau de votre animal soit tourn\u00e9 vers l&#039;avant et sans accessoires pour un meilleur r\u00e9sultat.<\/p>\n<p>3- T\u00e9l\u00e9chargez la photo de votre animal via Etsy Messages ou envoyez-la-nous par e-mail \u00e0 order[!at]puccha.com.<br \/>\n*** Si vous souhaitez nous envoyer quelques options, nous serons plus qu&#039;heureux de vous aider \u00e0 choisir celle qui, selon nous, s&#039;av\u00e9rera la meilleure ***<\/p>\n<p>4- We will send you the sample within 12 hours after of your purchase before printing your mug and will ask you to confirm if the design satisfies you.<\/p>\n<p>5- Veuillez pr\u00e9voir entre 2 et 5 jours apr\u00e8s la confirmation pour que nous puissions pr\u00e9parer et exp\u00e9dier votre article.<\/p>\n<p>\u26a1\ufe0f DESCRIPTION DU PRODUIT \u26a1\ufe0f<br \/>\n* White ceramic.<br \/>\n* 12oz (0.35 l)<br \/>\n* Rounded corners<br \/>\n* C-Handle.<br \/>\n* Microwave-safe &#8211; The mug can be safely placed in a microwave.<br \/>\n* Dishwasher-safe &#8211; Suitable for dishwasher use.<\/p>\n<p>\u26a0\ufe0f CONSEILS D&#039;ENTRETIEN<br \/>\nClean in dishwasher or wash by hand with warm water and dish soap.<\/p>\n<p>  D\u00c9LAI DE TRAITEMENT ET D&#039;EXP\u00c9DITION<br \/>\nNos articles sont fabriqu\u00e9s sur commande. Veuillez pr\u00e9voir 2 \u00e0 5 jours ouvrables pour la production.<br \/>\nUSA shipping takes up to 3-5 business days.<br \/>\nWorldwide shipping takes up to 10-20 business days.<\/p>\n<p>  POLITIQUE DE RETOUR<br \/>\nMalheureusement, puisqu&#039;il s&#039;agit d&#039;un produit personnalis\u00e9, nous ne pouvons offrir aucun remboursement ou \u00e9change, sauf si l&#039;article est endommag\u00e9 ou si l&#039;article n&#039;a jamais \u00e9t\u00e9 re\u00e7u.<\/p>\n<p>&#8212;&#8212;&#8212;&#8212;&#8212;&#8212;&#8212;&#8212;-<\/p>\n<p>  Nous esp\u00e9rons que vous appr\u00e9cierez ce produit.<br \/>\nN&#039;h\u00e9sitez pas \u00e0 laisser un avis sur l&#039;article\u00a0!<\/p>\n<p>Pour toute demande, merci de nous contacter directement par message Etsy ou par email : info[!at]puccha.com<\/p>\n<p>&#8212;&#8212;&#8212;&#8212;&#8212;&#8212;&#8212;&#8212;-<\/p>","protected":false},"excerpt":{"rendered":"<p>\u2728 Start your every morning with a smile by turning your pet photo to a portrait on a mug. Show your love to your pet by drinking coffee in this custom pet portrait mug and reminisce on all the sweet memories you share with your four-legged best friend. You will get one of a kind mug, 12 oz custom-made with a high-quality ceramic material to make as a beautiful keepsake for your pet!<br \/>\nOur personalized pet face mugs are available with a number of pet choices that makes them a great gift in memory of your pet, pet birthday, pet loss, pet remembrance, or pet owner.<\/p>","protected":false},"featured_media":3486,"comment_status":"closed","ping_status":"closed","template":"","meta":[],"product_cat":[20],"product_tag":[624,622,620,897,636,627,637,625,621,635,634,623,633],"_links":{"self":[{"href":"https:\/\/puccha.com\/fr\/wp-json\/wp\/v2\/product\/3485"}],"collection":[{"href":"https:\/\/puccha.com\/fr\/wp-json\/wp\/v2\/product"}],"about":[{"href":"https:\/\/puccha.com\/fr\/wp-json\/wp\/v2\/types\/product"}],"replies":[{"embeddable":true,"href":"https:\/\/puccha.com\/fr\/wp-json\/wp\/v2\/comments?post=3485"}],"wp:featuredmedia":[{"embeddable":true,"href":"https:\/\/puccha.com\/fr\/wp-json\/wp\/v2\/media\/3486"}],"wp:attachment":[{"href":"https:\/\/puccha.com\/fr\/wp-json\/wp\/v2\/media?parent=3485"}],"wp:term":[{"taxonomy":"product_cat","embeddable":true,"href":"https:\/\/puccha.com\/fr\/wp-json\/wp\/v2\/product_cat?post=3485"},{"taxonomy":"product_tag","embeddable":true,"href":"https:\/\/puccha.com\/fr\/wp-json\/wp\/v2\/product_tag?post=3485"}],"curies":[{"name":"wp","href":"https:\/\/api.w.org\/{rel}","templated":true}]}}