{"id":3474,"date":"2023-11-20T18:51:27","date_gmt":"2023-11-20T23:51:27","guid":{"rendered":"https:\/\/puccha.com\/product\/custom-iphone-case-with-pet-photo-personalized-dog-face-portrait-iphone-cover-pet-illustration-case-pet-remembrance-gift-for-dog-owner-2\/"},"modified":"2023-11-20T19:43:43","modified_gmt":"2023-11-21T00:43:43","slug":"custom-iphone-case-with-pet-photo-personalized-dog-face-portrait-iphone-cover-pet-illustration-case-pet-remembrance-gift-for-dog-owner-2","status":"publish","type":"product","link":"https:\/\/puccha.com\/fr\/produit\/custom-iphone-case-with-pet-photo-personalized-dog-face-portrait-iphone-cover-pet-illustration-case-pet-remembrance-gift-for-dog-owner-2\/","title":{"rendered":"\u00c9tui iPhone personnalis\u00e9 avec photo d\u2019animal de compagnie, couverture personnalis\u00e9e d\u2019iPhone de portrait de visage de chien, \u00e9tui d\u2019illustration d\u2019animal de compagnie, cadeau de souvenir d\u2019animal de compagnie pour le propri\u00e9taire de chien"},"content":{"rendered":"<p>COMMENT COMMANDER<br \/>\n1- Place the order with the name of your pet, color of your phone and choose the font that you would like to use.<br \/>\n2- Prenez une photo de face de votre animal dans un endroit suffisamment \u00e9clair\u00e9 de la t\u00eate \u00e0 la poitrine en vous assurant que l&#039;image est en haute r\u00e9solution. Nous recommandons que le museau de votre animal soit tourn\u00e9 vers l&#039;avant et sans accessoires pour un meilleur r\u00e9sultat.<br \/>\n3- T\u00e9l\u00e9chargez la photo de votre animal via Etsy Messages ou envoyez-la-nous par e-mail \u00e0 order[!at]puccha.com.<br \/>\n*** Si vous souhaitez nous envoyer quelques options, nous serons plus qu&#039;heureux de vous aider \u00e0 choisir celle qui, selon nous, s&#039;av\u00e9rera la meilleure ***<br \/>\n4- We will send you the sample within 12 hours after of your purchase before printing your phone case and will ask you to confirm if the design satisfies you.<br \/>\n5- Veuillez pr\u00e9voir entre 2 et 5 jours apr\u00e8s la confirmation pour que nous puissions pr\u00e9parer et exp\u00e9dier votre article.<br \/>\n\u26a1\ufe0f DESCRIPTION DU PRODUIT \u26a1\ufe0f<br \/>\n* Made of hybrid Thermoplastic Polyurethane (TPU) and Polycarbonate (PC) material<br \/>\n* Solid, durable polycarbonate back<br \/>\n* Secure yet flexible thermoplastic polyurethane sides<br \/>\n* 0.02\u2033 (0.5 mm) raised bezel front<br \/>\n* Precisely aligned port openings<br \/>\n* Easy to take on and off<br \/>\n* Wireless charging compatible<br \/>\n* Graphics are UV printed onto the case with a smooth, matte finish<br \/>\n* The SE case fits the 2020 iPhone SE model<br \/>\n\u26a0\ufe0f CONSEILS D&#039;ENTRETIEN<br \/>\nTo clean a phone case, remove the case from your phone. Add a little mild soap to water, and dampen a cloth or sponge with it. With the damp cloth, rub your case gently in circles. Let your case air-dry at room temperature.<br \/>\nDon\u2019t clean your phone case with any alcohol-based products as they can remove the ink and discolor the case.<br \/>\n  D\u00c9LAI DE TRAITEMENT ET D&#039;EXP\u00c9DITION<br \/>\nOur items are made to order. Please allow 2-5 business days for production and 3-5 business days for shipping.<br \/>\n  POLITIQUE DE RETOUR<br \/>\nMalheureusement, puisqu&#039;il s&#039;agit d&#039;un produit personnalis\u00e9, nous ne pouvons offrir aucun remboursement ou \u00e9change, sauf si l&#039;article est endommag\u00e9 ou si l&#039;article n&#039;a jamais \u00e9t\u00e9 re\u00e7u.<br \/>\n&#8212;&#8212;&#8212;&#8212;&#8212;&#8212;&#8212;&#8212;-<br \/>\n  Nous esp\u00e9rons que vous appr\u00e9cierez ce produit.<br \/>\nN&#039;h\u00e9sitez pas \u00e0 laisser un avis sur l&#039;article\u00a0!<br \/>\nPour toute demande, merci de nous contacter directement par message Etsy ou par email : info[!at]puccha.com<br \/>\n&#8212;&#8212;&#8212;&#8212;&#8212;&#8212;&#8212;&#8212;-<\/p>","protected":false},"excerpt":{"rendered":"<p>This is a made to order custom iPhone case with your animal friend\u2019s picture on it.<br \/>\n\u2728 Cette pi\u00e8ce d\u00e9licate pr\u00e9sente le portrait et le nom de votre animal ! Ses sentiments d\u00e9licats mais adorables en font le cadeau parfait pour tous les amoureux des animaux sur votre liste et peut constituer une superbe pi\u00e8ce comm\u00e9morative qui ne manquera pas de faire sourire son porteur.<\/p>","protected":false},"featured_media":3475,"comment_status":"closed","ping_status":"closed","template":"","meta":[],"product_cat":[39],"product_tag":[624,895,896,715,730,894,636,893,737,627,637,623,676],"_links":{"self":[{"href":"https:\/\/puccha.com\/fr\/wp-json\/wp\/v2\/product\/3474"}],"collection":[{"href":"https:\/\/puccha.com\/fr\/wp-json\/wp\/v2\/product"}],"about":[{"href":"https:\/\/puccha.com\/fr\/wp-json\/wp\/v2\/types\/product"}],"replies":[{"embeddable":true,"href":"https:\/\/puccha.com\/fr\/wp-json\/wp\/v2\/comments?post=3474"}],"wp:featuredmedia":[{"embeddable":true,"href":"https:\/\/puccha.com\/fr\/wp-json\/wp\/v2\/media\/3475"}],"wp:attachment":[{"href":"https:\/\/puccha.com\/fr\/wp-json\/wp\/v2\/media?parent=3474"}],"wp:term":[{"taxonomy":"product_cat","embeddable":true,"href":"https:\/\/puccha.com\/fr\/wp-json\/wp\/v2\/product_cat?post=3474"},{"taxonomy":"product_tag","embeddable":true,"href":"https:\/\/puccha.com\/fr\/wp-json\/wp\/v2\/product_tag?post=3474"}],"curies":[{"name":"wp","href":"https:\/\/api.w.org\/{rel}","templated":true}]}}