{"id":3454,"date":"2023-11-20T18:48:46","date_gmt":"2023-11-20T23:48:46","guid":{"rendered":"https:\/\/puccha.com\/product\/pet-portrait-custom-beer-glass-with-personalized-name-pint-can-glass-tumbler-heartfelt-keepsake-novelty-cat-dog-memorial-father-day-gift-2\/"},"modified":"2023-11-20T19:43:55","modified_gmt":"2023-11-21T00:43:55","slug":"pet-portrait-custom-beer-glass-with-personalized-name-pint-can-glass-tumbler-heartfelt-keepsake-novelty-cat-dog-memorial-father-day-gift-2","status":"publish","type":"product","link":"https:\/\/puccha.com\/fr\/produit\/pet-portrait-custom-beer-glass-with-personalized-name-pint-can-glass-tumbler-heartfelt-keepsake-novelty-cat-dog-memorial-father-day-gift-2\/","title":{"rendered":"Pet Portrait Verre \u00e0 bi\u00e8re personnalis\u00e9 avec nom personnalis\u00e9, Pint Can Glass Tumbler Heartfelt Keepsake Nouveaut\u00e9 Cat Dog Memorial Father Day Gift"},"content":{"rendered":"<p>COMMENT COMMANDER<\/p>\n<p>1- Passez la commande avec le nom de votre animal et choisissez la police que vous souhaitez utiliser.<\/p>\n<p>2- Prenez une photo de face de votre animal dans un endroit suffisamment \u00e9clair\u00e9 de la t\u00eate \u00e0 la poitrine en vous assurant que l&#039;image est en haute r\u00e9solution. Nous recommandons que le museau de votre animal soit tourn\u00e9 vers l&#039;avant et sans accessoires pour un meilleur r\u00e9sultat.<\/p>\n<p>3- T\u00e9l\u00e9chargez la photo de votre animal via Etsy Messages ou envoyez-la-nous par e-mail \u00e0 order[!at]puccha.com.<\/p>\n<p>*** Si vous souhaitez nous envoyer quelques options, nous serons plus qu&#039;heureux de vous aider \u00e0 choisir celle qui, selon nous, s&#039;av\u00e9rera la meilleure ***<\/p>\n<p>4- Nous vous enverrons l&#039;\u00e9chantillon dans les 8 heures suivant votre achat avant d&#039;imprimer votre verre \u00e0 pinte et vous demanderons de confirmer si le design vous satisfait.<\/p>\n<p>5- Veuillez pr\u00e9voir entre 2 et 5 jours apr\u00e8s la confirmation pour que nous puissions pr\u00e9parer et exp\u00e9dier votre article.<\/p>\n<p>\u26a1\ufe0f DESCRIPTION DU PRODUIT \u26a1\ufe0f<br \/>\n* 16 onces (0,473 l).<br \/>\n* Material: frosted glass.<br \/>\n* Microwave and dishwasher safe.<\/p>\n<p>\u26a0\ufe0f CONSEILS D&#039;ENTRETIEN<br \/>\nClean in dishwasher or wash by hand with warm water and dish soap.<\/p>\n<p>  D\u00c9LAI DE TRAITEMENT ET D&#039;EXP\u00c9DITION<br \/>\nNos articles sont fabriqu\u00e9s sur commande. Veuillez pr\u00e9voir 2 \u00e0 5 jours ouvrables pour la production.<br \/>\nL\u2019exp\u00e9dition aux \u00c9tats-Unis prend jusqu\u2019\u00e0 2 \u00e0 5 jours ouvrables.<br \/>\nWorldwide shipping takes up to 10-20 business days.<\/p>\n<p>  POLITIQUE DE RETOUR<br \/>\nMalheureusement, puisqu&#039;il s&#039;agit d&#039;un produit personnalis\u00e9, nous ne pouvons offrir aucun remboursement ou \u00e9change, sauf si l&#039;article est endommag\u00e9 ou si l&#039;article n&#039;a jamais \u00e9t\u00e9 re\u00e7u.<\/p>\n<p>&#8212;&#8212;&#8212;&#8212;&#8212;&#8212;&#8212;&#8212;-<\/p>\n<p>  Nous esp\u00e9rons que vous appr\u00e9cierez ce produit.<br \/>\nN&#039;h\u00e9sitez pas \u00e0 laisser un avis sur l&#039;article\u00a0!<\/p>\n<p>Pour toute demande, merci de nous contacter directement par message Etsy ou par email : info[!at]puccha.com<\/p>\n<p>&#8212;&#8212;&#8212;&#8212;&#8212;&#8212;&#8212;&#8212;-<\/p>","protected":false},"excerpt":{"rendered":"<p>If you are looking for the perfect gift for the beer and pet lover in your life, we have just the right thing for you, and that is a frosted beer glass with a personalized pet portrait. The classic frosted pint glass comes customized with the portrait of your own pet. We will take the photo of your fur baby and turn it into a piece of art printed directly on this can glass. Whether you choose to add the face of your dog, cat, both, or any other animal or pet, this glass tumbler will surely become a heartfelt keepsake.<\/p>\n<p>Ce verre \u00e0 pinte est \u00e9videmment id\u00e9al pour la bi\u00e8re, mais \u00e9galement parfait pour les caf\u00e9s glac\u00e9s, les th\u00e9s glac\u00e9s, le lait, l&#039;eau, les sodas, les boissons gazeuses et les d\u00e9licieuses boissons d&#039;\u00e9t\u00e9, les smoothies, les milkshakes et bien d&#039;autres encore. Les boissons deviendront instantan\u00e9ment plus savoureuses simplement parce que vous y porterez le portrait de votre animal de compagnie.<\/p>\n<p>Sp\u00e9cialement con\u00e7us pour les propri\u00e9taires et les amoureux d&#039;animaux car ils sont personnalis\u00e9s avec le visage de votre propre animal. Ils constituent un cadeau sp\u00e9cial pour un m\u00e9morial ou une perte d&#039;animal de compagnie, et pour partager votre sympathie. Vous pouvez \u00e9galement l&#039;offrir aux propri\u00e9taires d&#039;animaux, aux amoureux, \u00e0 la f\u00eate des p\u00e8res, aux membres de la famille et aux amis, ou surprendre vos amis \u00e0 quatre pattes.<\/p>","protected":false},"featured_media":3455,"comment_status":"closed","ping_status":"closed","template":"","meta":[],"product_cat":[21],"product_tag":[884,891,887,880,886,888,892,885,889,890,882,881,883],"_links":{"self":[{"href":"https:\/\/puccha.com\/fr\/wp-json\/wp\/v2\/product\/3454"}],"collection":[{"href":"https:\/\/puccha.com\/fr\/wp-json\/wp\/v2\/product"}],"about":[{"href":"https:\/\/puccha.com\/fr\/wp-json\/wp\/v2\/types\/product"}],"replies":[{"embeddable":true,"href":"https:\/\/puccha.com\/fr\/wp-json\/wp\/v2\/comments?post=3454"}],"wp:featuredmedia":[{"embeddable":true,"href":"https:\/\/puccha.com\/fr\/wp-json\/wp\/v2\/media\/3455"}],"wp:attachment":[{"href":"https:\/\/puccha.com\/fr\/wp-json\/wp\/v2\/media?parent=3454"}],"wp:term":[{"taxonomy":"product_cat","embeddable":true,"href":"https:\/\/puccha.com\/fr\/wp-json\/wp\/v2\/product_cat?post=3454"},{"taxonomy":"product_tag","embeddable":true,"href":"https:\/\/puccha.com\/fr\/wp-json\/wp\/v2\/product_tag?post=3454"}],"curies":[{"name":"wp","href":"https:\/\/api.w.org\/{rel}","templated":true}]}}