{"id":3434,"date":"2023-11-20T18:46:22","date_gmt":"2023-11-20T23:46:22","guid":{"rendered":"https:\/\/puccha.com\/product\/pet-photo-personalized-christmas-ornament-with-custom-name-pet-portrait-holiday-gift-for-dog-cat-mom-dad-owner-in-memory-of-dog-loss-2\/"},"modified":"2023-11-20T18:47:26","modified_gmt":"2023-11-20T23:47:26","slug":"pet-photo-personalized-christmas-ornament-with-custom-name-pet-portrait-holiday-gift-for-dog-cat-mom-dad-owner-in-memory-of-dog-loss-2","status":"publish","type":"product","link":"https:\/\/puccha.com\/fr\/produit\/pet-photo-personalized-christmas-ornament-with-custom-name-pet-portrait-holiday-gift-for-dog-cat-mom-dad-owner-in-memory-of-dog-loss-2\/","title":{"rendered":"Ornement de No\u00ebl personnalis\u00e9 avec photo d\u2019animal de compagnie avec nom personnalis\u00e9, cadeau de vacances de portrait d\u2019animal de compagnie pour le propri\u00e9taire de papa de maman de chat de chien, en m\u00e9moire de la perte de chien"},"content":{"rendered":"<p>COMMENT COMMANDER<\/p>\n<p>1- Passez la commande avec le nom de votre animal et choisissez la police que vous souhaitez utiliser.<\/p>\n<p>2- Prenez une photo de face de votre animal dans un endroit suffisamment \u00e9clair\u00e9 de la t\u00eate \u00e0 la poitrine en vous assurant que l&#039;image est en haute r\u00e9solution. Nous recommandons que le museau de votre animal soit tourn\u00e9 vers l&#039;avant et sans accessoires pour un meilleur r\u00e9sultat.<\/p>\n<p>3- T\u00e9l\u00e9chargez la photo de votre animal via Etsy Messages ou envoyez-la-nous par e-mail \u00e0 order[!at]puccha.com.<\/p>\n<p>*** Si vous souhaitez nous envoyer quelques options, nous serons plus qu&#039;heureux de vous aider \u00e0 choisir celle qui, selon nous, s&#039;av\u00e9rera la meilleure ***<\/p>\n<p>4- We will send you the sample within 12 hours after of your purchase before printing your pet ornament and will ask you to confirm if the design satisfies you.<\/p>\n<p>5- Veuillez pr\u00e9voir entre 2 et 5 jours apr\u00e8s la confirmation pour que nous puissions pr\u00e9parer et exp\u00e9dier votre article.<\/p>\n<p>*** Pour avoir plus d&#039;une impression sur votre produit, d\u00e9crivez vos amis animaux (esp\u00e8ce de l&#039;animal et son nom) dans la bo\u00eete de personnalisation et achetez notre \u00ab Module compl\u00e9mentaire pour animaux de compagnie suppl\u00e9mentaire \u00bb pour chaque animal suppl\u00e9mentaire \u00e0 l&#039;achat de ce produit en le lien ci-dessous :<\/p>\n<p>  https:\/\/etsy.me\/3KhY68f (Module compl\u00e9mentaire pour animaux de compagnie suppl\u00e9mentaire)<\/p>\n<p>\u26a1\ufe0f DESCRIPTION DU PRODUIT \u26a1\ufe0f<\/p>\n<p>* Ceramic<br \/>\n* Solid one-piece construction &#8211; No glued or &#8220;sandwiched&#8221; materials to wear out or fall apart<br \/>\n* 0.125&#8243; (3mm) thick high-quality porcelain<br \/>\n* One-sided print<br \/>\n* Hole for the hanging string<br \/>\n* Gold-toned string included<br \/>\n* Unique shapes &#8211; Snowflake, Star, Heart and Circle<br \/>\n* The height of the hole can slightly deviate<br \/>\n* Each pack contains a single ornament<\/p>\n<p>  SIZING<br \/>\nCircle: 2.76&#8243; (W) x 2.76&#8243; (H) x 0.12&#8243; (D)<br \/>\nSnowflake: 2.60&#8243; (W) x 3.00&#8243; (H) x 0.12&#8243; (D)<br \/>\nHeart: 3.20&#8243; (W) x 2.90&#8243; (H) x 0.12&#8243; (D)<br \/>\nStar: 3.19&#8243; (W) x 3.13&#8243; (H) x 0.12&#8243; (D)<\/p>\n<p>\u26a0\ufe0f CONSEILS D&#039;ENTRETIEN<br \/>\nWipe the dust off gently with a clean, dry microfiber cloth. <\/p>\n<p>  D\u00c9LAI DE TRAITEMENT ET D&#039;EXP\u00c9DITION<br \/>\nNos articles sont fabriqu\u00e9s sur commande. Veuillez pr\u00e9voir 2 \u00e0 5 jours ouvrables pour la production.<br \/>\nL\u2019exp\u00e9dition aux \u00c9tats-Unis prend jusqu\u2019\u00e0 2 \u00e0 5 jours ouvrables.<br \/>\nWorldwide shipping takes up to 10-20 business days.<\/p>\n<p>  POLITIQUE DE RETOUR<br \/>\nMalheureusement, puisqu&#039;il s&#039;agit d&#039;un produit personnalis\u00e9, nous ne pouvons offrir aucun remboursement ou \u00e9change, sauf si l&#039;article est endommag\u00e9 ou si l&#039;article n&#039;a jamais \u00e9t\u00e9 re\u00e7u.<\/p>\n<p>&#8212;&#8212;&#8212;&#8212;&#8212;&#8212;&#8212;&#8212;-<\/p>\n<p>  Nous esp\u00e9rons que vous appr\u00e9cierez ce produit.<br \/>\nN&#039;h\u00e9sitez pas \u00e0 laisser un avis sur l&#039;article\u00a0!<\/p>\n<p>Pour toute demande, merci de nous contacter directement par message Etsy ou par email : info[!at]puccha.com<\/p>\n<p>&#8212;&#8212;&#8212;&#8212;&#8212;&#8212;&#8212;&#8212;-<\/p>","protected":false},"excerpt":{"rendered":"<p>\u2728 Give your home a festive touch and express your love for your fur baby with our personalized Christmas ornament. Super cute and fun ornaments entirely customized and personalized. White ceramic design and loop for easy hanging. This festive ornament features your pet&#8217;s portrait and name, and it can be customized with any pet, dog, cat, hamster, and even your favorite animal. <\/p>\n<p>\u2728 The ornaments are perfect for gifts, treats, smaller toys, and Christmas goodies for your pets. Use it to add your pet\u2019s Christmas gifts, as a holiday keepsake, or as a memorial piece to always keep for your pet a place in the holiday set up. Although they make the perfect fireplace mantel, they will look as great hung on the Xmas tree, wall, door, or other festive corners of your home.<\/p>\n<p>\u2728 Its delicate yet adorable sentiments make it the perfect gift for all the animal lovers on your list and can make a great memorial piece that is sure to make its intended wearer smile. Gift it to pet owners, lovers, for family members, and friends, or surprise your furry friend.<\/p>\n<p>\u2728 Design your own set of Christmas decorations to make your tree hip, traditional, or funky to suit your unique style. These custom-made pet ornaments can be the perfect heirloom to use year after year, generation after generation. The ceramic ornaments are available in heart, star, snowflake, and round shapes for you to choose from.<\/p>","protected":false},"featured_media":3435,"comment_status":"closed","ping_status":"closed","template":"","meta":[],"product_cat":[39],"product_tag":[],"_links":{"self":[{"href":"https:\/\/puccha.com\/fr\/wp-json\/wp\/v2\/product\/3434"}],"collection":[{"href":"https:\/\/puccha.com\/fr\/wp-json\/wp\/v2\/product"}],"about":[{"href":"https:\/\/puccha.com\/fr\/wp-json\/wp\/v2\/types\/product"}],"replies":[{"embeddable":true,"href":"https:\/\/puccha.com\/fr\/wp-json\/wp\/v2\/comments?post=3434"}],"wp:featuredmedia":[{"embeddable":true,"href":"https:\/\/puccha.com\/fr\/wp-json\/wp\/v2\/media\/3435"}],"wp:attachment":[{"href":"https:\/\/puccha.com\/fr\/wp-json\/wp\/v2\/media?parent=3434"}],"wp:term":[{"taxonomy":"product_cat","embeddable":true,"href":"https:\/\/puccha.com\/fr\/wp-json\/wp\/v2\/product_cat?post=3434"},{"taxonomy":"product_tag","embeddable":true,"href":"https:\/\/puccha.com\/fr\/wp-json\/wp\/v2\/product_tag?post=3434"}],"curies":[{"name":"wp","href":"https:\/\/api.w.org\/{rel}","templated":true}]}}