{"id":3384,"date":"2023-11-20T18:39:47","date_gmt":"2023-11-20T23:39:47","guid":{"rendered":"https:\/\/puccha.com\/product\/pet-photo-personalized-christmas-mug-with-custom-name-dog-cat-bunny-hamster-fur-baby-holiday-festive-xmas-gift-for-cat-dog-mom-dad-owner-2\/"},"modified":"2023-11-20T18:48:02","modified_gmt":"2023-11-20T23:48:02","slug":"pet-photo-personalized-christmas-mug-with-custom-name-dog-cat-bunny-hamster-fur-baby-holiday-festive-xmas-gift-for-cat-dog-mom-dad-owner-2","status":"publish","type":"product","link":"https:\/\/puccha.com\/fr\/produit\/pet-photo-personalized-christmas-mug-with-custom-name-dog-cat-bunny-hamster-fur-baby-holiday-festive-xmas-gift-for-cat-dog-mom-dad-owner-2\/","title":{"rendered":"Tasse de No\u00ebl personnalis\u00e9e avec photo d&#039;animal de compagnie avec nom personnalis\u00e9 chien chat lapin hamster fourrure b\u00e9b\u00e9 vacances cadeau de No\u00ebl festif pour chat chien maman papa propri\u00e9taire"},"content":{"rendered":"<p>COMMENT COMMANDER<\/p>\n<p>1- Passez la commande avec le nom de votre animal et choisissez la police que vous souhaitez utiliser.<\/p>\n<p>2- Prenez une photo de face de votre animal dans un endroit suffisamment \u00e9clair\u00e9 de la t\u00eate \u00e0 la poitrine en vous assurant que l&#039;image est en haute r\u00e9solution. Nous recommandons que le museau de votre animal soit tourn\u00e9 vers l&#039;avant et sans accessoires pour un meilleur r\u00e9sultat.<\/p>\n<p>3- T\u00e9l\u00e9chargez la photo de votre animal via Etsy Messages ou envoyez-la-nous par e-mail \u00e0 order[!at]puccha.com.<br \/>\n*** Si vous souhaitez nous envoyer quelques options, nous serons plus qu&#039;heureux de vous aider \u00e0 choisir celle qui, selon nous, s&#039;av\u00e9rera la meilleure ***<\/p>\n<p>4- We will send you the sample within 8 hours after of your purchase before printing your mug and will ask you to confirm if the design satisfies you.<\/p>\n<p>5- Veuillez pr\u00e9voir entre 2 et 5 jours apr\u00e8s la confirmation pour que nous puissions pr\u00e9parer et exp\u00e9dier votre article.<\/p>\n<p>\u26a1\ufe0f DESCRIPTION DU PRODUIT \u26a1\ufe0f<br \/>\n* Ceramic.<br \/>\n* 11 oz mug dimensions: 3.79\u2033 (9.6 cm) in height, 3.25\u2033 (8.3 cm) in diameter.<br \/>\n* Dishwasher and microwave safe.<\/p>\n<p>\u26a0\ufe0f CONSEILS D&#039;ENTRETIEN<br \/>\nClean in dishwasher or wash by hand with warm water and dish soap.<\/p>\n<p>  D\u00c9LAI DE TRAITEMENT ET D&#039;EXP\u00c9DITION<br \/>\nNos articles sont fabriqu\u00e9s sur commande. Veuillez pr\u00e9voir 2 \u00e0 5 jours ouvrables pour la production.<br \/>\nL\u2019exp\u00e9dition aux \u00c9tats-Unis prend jusqu\u2019\u00e0 2 \u00e0 5 jours ouvrables.<br \/>\nL&#039;exp\u00e9dition mondiale prend jusqu&#039;\u00e0 10 \u00e0 15 jours ouvrables.<\/p>\n<p>  POLITIQUE DE RETOUR<br \/>\nMalheureusement, puisqu&#039;il s&#039;agit d&#039;un produit personnalis\u00e9, nous ne pouvons offrir aucun remboursement ou \u00e9change, sauf si l&#039;article est endommag\u00e9 ou si l&#039;article n&#039;a jamais \u00e9t\u00e9 re\u00e7u.<\/p>\n<p>&#8212;&#8212;&#8212;&#8212;&#8212;&#8212;&#8212;&#8212;-<\/p>\n<p>  Nous esp\u00e9rons que vous appr\u00e9cierez ce produit.<br \/>\nN&#039;h\u00e9sitez pas \u00e0 laisser un avis sur l&#039;article\u00a0!<\/p>\n<p>Pour toute demande, merci de nous contacter directement par message Etsy ou par email : info[!at]puccha.com<\/p>\n<p>&#8212;&#8212;&#8212;&#8212;&#8212;&#8212;&#8212;&#8212;-<\/p>","protected":false},"excerpt":{"rendered":"<p>Start your every morning with a smile by turning your pet photo to a portrait on a mug. Show your love to your pet by drinking coffee in this personalized Christmas mug and reminisce on all the sweet memories you share with your four-legged best friend. Super cute and fun mugs entirely customized and personalized. You will get one of a kind mug, 11 oz custom-made with a high-quality ceramic material to make as a beautiful keepsake for your pet!<\/p>\n<p>This festive mug features your pet&#8217;s portrait and name, and it can be customized with any pet, dog, cat, hamster, and even your favorite animal. The mug features the portrait of your own furry baby with Santa\u2019s hat.<\/p>\n<p>The mugs are perfect for gifts, treats, smaller toys, and Christmas goodies for your pets. Use it to add your pet\u2019s Christmas gifts, as a holiday keepsake, or as a memorial piece to always keep for your pet a place in the holiday set up.<\/p>","protected":false},"featured_media":3385,"comment_status":"closed","ping_status":"closed","template":"","meta":[],"product_cat":[15,20],"product_tag":[624,851,620,639,737,627,626,625,621,634,623,633,852],"_links":{"self":[{"href":"https:\/\/puccha.com\/fr\/wp-json\/wp\/v2\/product\/3384"}],"collection":[{"href":"https:\/\/puccha.com\/fr\/wp-json\/wp\/v2\/product"}],"about":[{"href":"https:\/\/puccha.com\/fr\/wp-json\/wp\/v2\/types\/product"}],"replies":[{"embeddable":true,"href":"https:\/\/puccha.com\/fr\/wp-json\/wp\/v2\/comments?post=3384"}],"wp:featuredmedia":[{"embeddable":true,"href":"https:\/\/puccha.com\/fr\/wp-json\/wp\/v2\/media\/3385"}],"wp:attachment":[{"href":"https:\/\/puccha.com\/fr\/wp-json\/wp\/v2\/media?parent=3384"}],"wp:term":[{"taxonomy":"product_cat","embeddable":true,"href":"https:\/\/puccha.com\/fr\/wp-json\/wp\/v2\/product_cat?post=3384"},{"taxonomy":"product_tag","embeddable":true,"href":"https:\/\/puccha.com\/fr\/wp-json\/wp\/v2\/product_tag?post=3384"}],"curies":[{"name":"wp","href":"https:\/\/api.w.org\/{rel}","templated":true}]}}