{"id":3355,"date":"2023-11-20T18:35:47","date_gmt":"2023-11-20T23:35:47","guid":{"rendered":"https:\/\/puccha.com\/product\/pet-portrait-custom-sketch-poster-with-name-personalized-dog-cat-bunny-horse-sympathy-loss-memorial-gift-for-pet-owner-pet-lover-wall-art-2\/"},"modified":"2023-11-20T18:48:23","modified_gmt":"2023-11-20T23:48:23","slug":"pet-portrait-custom-sketch-poster-with-name-personalized-dog-cat-bunny-horse-sympathy-loss-memorial-gift-for-pet-owner-pet-lover-wall-art-2","status":"publish","type":"product","link":"https:\/\/puccha.com\/fr\/produit\/pet-portrait-custom-sketch-poster-with-name-personalized-dog-cat-bunny-horse-sympathy-loss-memorial-gift-for-pet-owner-pet-lover-wall-art-2\/","title":{"rendered":"Affiche de croquis personnalis\u00e9e de portrait d\u2019animal de compagnie avec nom, cadeau comm\u00e9moratif personnalis\u00e9 de perte de sympathie de cheval de lapin de chat de chien pour le propri\u00e9taire d\u2019animal de compagnie, art mural d\u2019amoureux d\u2019animaux de compagnie"},"content":{"rendered":"<p>\u26a1\ufe0f DESCRIPTION DU PRODUIT \u26a1\ufe0f<\/p>\n<p>&#8211;POSTER WITH HANGER&#8211;<br \/>\n* Hangers made from natural wood with 3 color options: Black\/Oak\/White<br \/>\n* Poster secured by magnets: The poster is secured from both sides by magnets on the hanger.<br \/>\n* Comes with a matching string: Every frame color comes with a matching string.<br \/>\n* Hanger piece thickness: 0.2\u2033 (0.5 mm).<br \/>\n* Hanger piece width: 0.79\u2033 (2 cm).<br \/>\n* Paper weight: 192 g\/m\u00b2.<\/p>\n<p>\u2013FICHIER NUM\u00c9RIQUE UNIQUEMENT\u2013<br \/>\nPar d\u00e9faut, vous serez pr\u00eat \u00e0 imprimer des fichiers JPG et PNG de 8\u2033x10\u2033 et 300 dpi. Veuillez indiquer la taille que vous souhaitez obtenir si la taille 8\u2033x10\u2033 ne correspond pas \u00e0 vos besoins. Nous tenons \u00e9galement \u00e0 vous rappeler qu&#039;il s&#039;agit d&#039;un fichier num\u00e9rique uniquement. Aucun article physique n\u2019est envoy\u00e9 \u00e0 votre domicile.<\/p>\n<p>  COMMENT COMMANDER<\/p>\n<p>1- Passez la commande avec le nom de votre animal et choisissez la police que vous souhaitez utiliser.<\/p>\n<p>2- Prenez une photo de face de votre animal dans un endroit suffisamment \u00e9clair\u00e9 de la t\u00eate \u00e0 la poitrine en vous assurant que l&#039;image est en haute r\u00e9solution. Nous recommandons que le museau de votre animal soit tourn\u00e9 vers l&#039;avant et sans accessoires pour un meilleur r\u00e9sultat.<\/p>\n<p>3- T\u00e9l\u00e9chargez la photo de votre animal via Etsy Messages ou envoyez-la-nous par e-mail \u00e0 order[!at]puccha.com.<br \/>\n*** Si vous souhaitez nous envoyer quelques options, nous serons plus qu&#039;heureux de vous aider \u00e0 choisir celle qui, selon nous, s&#039;av\u00e9rera la meilleure ***<\/p>\n<p>4- Nous vous enverrons l&#039;\u00e9chantillon dans les 12 heures suivant votre achat avant d&#039;imprimer votre affiche et vous demanderons de confirmer si le design vous satisfait.<\/p>\n<p>5- Veuillez pr\u00e9voir entre 2 et 5 jours apr\u00e8s la confirmation pour que nous puissions pr\u00e9parer et exp\u00e9dier votre article.<\/p>\n<p>\u26a0\ufe0f CONSEILS D&#039;ENTRETIEN<br \/>\nPour garantir la long\u00e9vit\u00e9 de vos affiches, ne les conservez pas en plein soleil ou \u00e0 l&#039;ext\u00e9rieur. Ils peuvent \u00eatre d\u00e9licatement \u00e9pousset\u00e9s avec un chiffon doux et sec ou un plumeau.<\/p>\n<p>  D\u00c9LAI DE TRAITEMENT ET D&#039;EXP\u00c9DITION<br \/>\nNos articles sont fabriqu\u00e9s sur commande. Veuillez pr\u00e9voir 2 \u00e0 5 jours ouvrables pour la production et 2 \u00e0 5 jours ouvrables pour l&#039;exp\u00e9dition.<\/p>\n<p>  POLITIQUE DE RETOUR<br \/>\nMalheureusement, puisqu&#039;il s&#039;agit d&#039;un produit personnalis\u00e9, nous ne pouvons offrir aucun remboursement ou \u00e9change, sauf si l&#039;article est endommag\u00e9 ou si l&#039;article n&#039;a jamais \u00e9t\u00e9 re\u00e7u.<\/p>\n<p>&#8212;&#8212;&#8212;&#8212;&#8212;&#8212;&#8212;&#8212;-<\/p>\n<p>  Nous esp\u00e9rons que vous appr\u00e9cierez ce produit.<br \/>\nN&#039;h\u00e9sitez pas \u00e0 laisser un avis sur l&#039;article\u00a0!<\/p>\n<p>Pour toute demande, merci de nous contacter directement par message Etsy ou par email : info[!at]puccha.com<\/p>\n<p>&#8212;&#8212;&#8212;&#8212;&#8212;&#8212;&#8212;&#8212;-<\/p>\n<p>  OTHER CUSTOM PET PORTRAIT PRODUCTS<\/p>\n<p>Painting-Style Art<br \/>\nhttps:\/\/etsy.me\/48rmUYL<br \/>\nhttps:\/\/etsy.me\/48ag09T<\/p>\n<p>Colorful Sketch-Style Art<br \/>\nhttps:\/\/etsy.me\/46anxE0<br \/>\nhttps:\/\/etsy.me\/48eWUPT<\/p>","protected":false},"excerpt":{"rendered":"<p>Turn your fur baby into a piece of art, and order an artistic pet portrait. Inspired by the photo of your pet turned into a pencil sketch art, and sold as digital art, or printed, framed, and shipped to you. The pet portraits are inspired directly by the photo of your pet and they can be personalized with their name. The portrait can feature any animal or pet, may that be a dog, cat, puppy, horse, bunny, or even wildlife animals.<\/p>\n<p>The custom pet portrait will not only be a heartfelt gift idea but is also a perfect decorative piece for any room! Order a digital version if you are in rush or have it ready printed for you. The portrait will capture the personality of your pet in a minimalist but artistic way, such a portrait will be with you forever even after your pet has crossed the rainbow bridge.<br \/>\nA personalized artwork is a meaningful and adorable gift for all animal lovers. It makes a great memorial, pet loss, and sympathy gift that is sure to make its intended wearer smile. Alternatively gift it to pet owners, lovers, for family members, and friends, or surprise your furry friend.<\/p>","protected":false},"featured_media":3356,"comment_status":"closed","ping_status":"closed","template":"","meta":[],"product_cat":[23],"product_tag":[831,675,669,671,686,674,677,678,651,679,672,676,830],"_links":{"self":[{"href":"https:\/\/puccha.com\/fr\/wp-json\/wp\/v2\/product\/3355"}],"collection":[{"href":"https:\/\/puccha.com\/fr\/wp-json\/wp\/v2\/product"}],"about":[{"href":"https:\/\/puccha.com\/fr\/wp-json\/wp\/v2\/types\/product"}],"replies":[{"embeddable":true,"href":"https:\/\/puccha.com\/fr\/wp-json\/wp\/v2\/comments?post=3355"}],"wp:featuredmedia":[{"embeddable":true,"href":"https:\/\/puccha.com\/fr\/wp-json\/wp\/v2\/media\/3356"}],"wp:attachment":[{"href":"https:\/\/puccha.com\/fr\/wp-json\/wp\/v2\/media?parent=3355"}],"wp:term":[{"taxonomy":"product_cat","embeddable":true,"href":"https:\/\/puccha.com\/fr\/wp-json\/wp\/v2\/product_cat?post=3355"},{"taxonomy":"product_tag","embeddable":true,"href":"https:\/\/puccha.com\/fr\/wp-json\/wp\/v2\/product_tag?post=3355"}],"curies":[{"name":"wp","href":"https:\/\/api.w.org\/{rel}","templated":true}]}}