{"id":3323,"date":"2023-11-20T18:21:48","date_gmt":"2023-11-20T23:21:48","guid":{"rendered":"https:\/\/puccha.com\/product\/pet-portrait-custom-sweatshirt-with-name-personalized-dog-cat-bunny-hamster-photo-line-art-sweater-for-pet-owner-mom-dad-lost-a-pet-gift-2\/"},"modified":"2023-11-20T18:37:24","modified_gmt":"2023-11-20T23:37:24","slug":"pet-portrait-custom-sweatshirt-with-name-personalized-dog-cat-bunny-hamster-photo-line-art-sweater-for-pet-owner-mom-dad-lost-a-pet-gift-2","status":"publish","type":"product","link":"https:\/\/puccha.com\/fr\/produit\/pet-portrait-custom-sweatshirt-with-name-personalized-dog-cat-bunny-hamster-photo-line-art-sweater-for-pet-owner-mom-dad-lost-a-pet-gift-2\/","title":{"rendered":"Portrait d\u2019animal de compagnie Sweat-shirt personnalis\u00e9 avec nom, personnalis\u00e9 chien chat lapin hamster photo ligne art pull pour propri\u00e9taire d\u2019animal de compagnie maman et papa, cadeau pour animal de compagnie perdu"},"content":{"rendered":"<p>COMMENT COMMANDER<br \/>\n1- Passez la commande avec le nom de votre animal et choisissez la police que vous souhaitez utiliser.<br \/>\n2- Prenez une photo de face de votre animal dans un endroit suffisamment \u00e9clair\u00e9 de la t\u00eate \u00e0 la poitrine en vous assurant que l&#039;image est en haute r\u00e9solution. Nous recommandons que le museau de votre animal soit tourn\u00e9 vers l&#039;avant et sans accessoires pour un meilleur r\u00e9sultat.<br \/>\n3- T\u00e9l\u00e9chargez la photo de votre animal via Etsy Messages ou envoyez-la-nous par e-mail \u00e0 order[!at]puccha.com.<br \/>\n*** Si vous souhaitez nous envoyer quelques options, nous serons plus qu&#039;heureux de vous aider \u00e0 choisir celle qui, selon nous, s&#039;av\u00e9rera la meilleure ***<br \/>\n4- We will send you the sample within 24 hours after of your purchase before printing your sweatshirt and will ask you to confirm if the design satisfies you.<br \/>\n5- Veuillez pr\u00e9voir entre 2 et 5 jours apr\u00e8s la confirmation pour que nous puissions pr\u00e9parer et exp\u00e9dier votre article.<br \/>\n*** Pour avoir plus d&#039;une impression sur votre produit, d\u00e9crivez vos amis animaux (esp\u00e8ce de l&#039;animal et son nom) dans la bo\u00eete de personnalisation et achetez notre \u00ab Module compl\u00e9mentaire pour animaux de compagnie suppl\u00e9mentaire \u00bb pour chaque animal suppl\u00e9mentaire \u00e0 l&#039;achat de ce produit en le lien ci-dessous :<br \/>\n  https:\/\/etsy.me\/3KhY68f (Module compl\u00e9mentaire pour animaux de compagnie suppl\u00e9mentaire)<br \/>\nPar exemple:<br \/>\nSi vous souhaitez que vos 3 amis animaux diff\u00e9rents soient imprim\u00e9s sur votre produit, vous devez \u00e9crire chacune de leurs esp\u00e8ces et noms dans la \u00ab zone de personnalisation \u00bb, puis s\u00e9lectionner la quantit\u00e9 de 2 dans \u00ab Module compl\u00e9mentaire pour animaux de compagnie suppl\u00e9mentaire \u00bb.<br \/>\n\u26a1\ufe0f DESCRIPTION DU PRODUIT \u26a1\ufe0f<br \/>\n* Regular Fit \u2013 Standard length, the fabric easily gives into movement.<br \/>\n* The air-jet spun yarn and quarter-turned fabric helps eliminate creases and pilling, while the mix of cotton and polyester creates a soft and comfortable feel.<br \/>\n* 50% cotton, 50% polyester.<br \/>\n* Air-jet spun yarn with a soft feel and reduced pilling.<br \/>\n\u26a0\ufe0f CONSEILS D&#039;ENTRETIEN<br \/>\n* Machine wash cold, inside-out, gentle cycle with mild detergent and similar colors. * Use non-chlorine bleach, only when necessary. No fabric softeners.<br \/>\n* Tumble dry low, or hang-dry for longest life.<br \/>\n* Cool iron inside-out if necessary. Do not iron decoration.<br \/>\n* Do not dry clean.<br \/>\n  SIZING<br \/>\nThis custom product is unisex. Please refer to our size chart in the photos.<br \/>\n  D\u00c9LAI DE TRAITEMENT ET D&#039;EXP\u00c9DITION<br \/>\nNos articles sont fabriqu\u00e9s sur commande. Veuillez pr\u00e9voir 2 \u00e0 5 jours ouvrables pour la production.<br \/>\nL\u2019exp\u00e9dition aux \u00c9tats-Unis prend jusqu\u2019\u00e0 2 \u00e0 5 jours ouvrables.<br \/>\nCanada shipping takes up to 1-2 weeks<br \/>\nWorldwide shipping takes up to 15-20 business days.<br \/>\n  POLITIQUE DE RETOUR<br \/>\nMalheureusement, puisqu&#039;il s&#039;agit d&#039;un produit personnalis\u00e9, nous ne pouvons offrir aucun remboursement ou \u00e9change, sauf si l&#039;article est endommag\u00e9 ou si l&#039;article n&#039;a jamais \u00e9t\u00e9 re\u00e7u.<br \/>\n&#8212;&#8212;&#8212;&#8212;&#8212;&#8212;&#8212;&#8212;-<br \/>\n  Nous esp\u00e9rons que vous appr\u00e9cierez ce produit.<br \/>\nN&#039;h\u00e9sitez pas \u00e0 laisser un avis sur l&#039;article\u00a0!<br \/>\nPour toute demande, merci de nous contacter directement par message Etsy ou par email : info[!at]puccha.com<br \/>\n&#8212;&#8212;&#8212;&#8212;&#8212;&#8212;&#8212;&#8212;-<\/p>","protected":false},"excerpt":{"rendered":"<p>\u2728 Enjoy your day with a smile by turning your pet&#8217;s photo to a portrait on a sweatshirt. Show your love to your pet by wearing this personalized pet portrait crewneck sweatshirt and reminisce on all the sweet memories you share with your four-legged best friend. You will get one of a kind sweatshirt, custom-made with a high-quality cotton &#038; polyester material to make as a beautiful keepsake for your pet! Our personalized pet portrait sweatshirts are available with a number of pet choices that makes them a great gift in memory of your pet, pet birthday, pet loss, pet remembrance, or pet owner.<\/p>","protected":false},"featured_media":3324,"comment_status":"closed","ping_status":"closed","template":"","meta":[],"product_cat":[19],"product_tag":[733,726,730,817,728,729,723,731,725,732,713,676,727],"_links":{"self":[{"href":"https:\/\/puccha.com\/fr\/wp-json\/wp\/v2\/product\/3323"}],"collection":[{"href":"https:\/\/puccha.com\/fr\/wp-json\/wp\/v2\/product"}],"about":[{"href":"https:\/\/puccha.com\/fr\/wp-json\/wp\/v2\/types\/product"}],"replies":[{"embeddable":true,"href":"https:\/\/puccha.com\/fr\/wp-json\/wp\/v2\/comments?post=3323"}],"wp:featuredmedia":[{"embeddable":true,"href":"https:\/\/puccha.com\/fr\/wp-json\/wp\/v2\/media\/3324"}],"wp:attachment":[{"href":"https:\/\/puccha.com\/fr\/wp-json\/wp\/v2\/media?parent=3323"}],"wp:term":[{"taxonomy":"product_cat","embeddable":true,"href":"https:\/\/puccha.com\/fr\/wp-json\/wp\/v2\/product_cat?post=3323"},{"taxonomy":"product_tag","embeddable":true,"href":"https:\/\/puccha.com\/fr\/wp-json\/wp\/v2\/product_tag?post=3323"}],"curies":[{"name":"wp","href":"https:\/\/api.w.org\/{rel}","templated":true}]}}