{"id":3302,"date":"2023-11-20T18:18:55","date_gmt":"2023-11-20T23:18:55","guid":{"rendered":"https:\/\/puccha.com\/product\/pet-portrait-sweatshirt-with-custom-name-personalized-cat-dog-owner-crewneck-hoodie-lost-a-pet-gift-personalized-mothers-day-gift-2\/"},"modified":"2023-11-20T18:40:15","modified_gmt":"2023-11-20T23:40:15","slug":"pet-portrait-sweatshirt-with-custom-name-personalized-cat-dog-owner-crewneck-hoodie-lost-a-pet-gift-personalized-mothers-day-gift-2","status":"publish","type":"product","link":"https:\/\/puccha.com\/fr\/produit\/pet-portrait-sweatshirt-with-custom-name-personalized-cat-dog-owner-crewneck-hoodie-lost-a-pet-gift-personalized-mothers-day-gift-2\/","title":{"rendered":"Sweat-shirt portrait d\u2019animal de compagnie avec nom personnalis\u00e9, sweat \u00e0 capuche personnalis\u00e9 propri\u00e9taire de chien de chat Crewneck, cadeau perdu d\u2019un animal de compagnie, cadeau personnalis\u00e9 de la f\u00eate des m\u00e8res"},"content":{"rendered":"<p>COMMENT COMMANDER<\/p>\n<p>1- Passez la commande avec le nom de votre animal et choisissez la police que vous souhaitez utiliser.<\/p>\n<p>2- Prenez une photo de face de votre animal dans un endroit suffisamment \u00e9clair\u00e9 de la t\u00eate \u00e0 la poitrine en vous assurant que l&#039;image est en haute r\u00e9solution. Nous recommandons que le museau de votre animal soit tourn\u00e9 vers l&#039;avant et sans accessoires pour un meilleur r\u00e9sultat.<\/p>\n<p>3- T\u00e9l\u00e9chargez la photo de votre animal via Etsy Messages ou envoyez-la-nous par e-mail \u00e0 order[!at]puccha.com.<br \/>\n*** Si vous souhaitez nous envoyer quelques options, nous serons plus qu&#039;heureux de vous aider \u00e0 choisir celle qui, selon nous, s&#039;av\u00e9rera la meilleure ***<\/p>\n<p>4- We will send you the sample within 12 hours after of your purchase before printing your hoodie and will ask you to confirm if the design satisfies you.<\/p>\n<p>5- Veuillez pr\u00e9voir entre 2 et 5 jours apr\u00e8s la confirmation pour que nous puissions pr\u00e9parer et exp\u00e9dier votre article.<\/p>\n<p>*** Pour avoir plus d&#039;une impression sur votre produit, d\u00e9crivez vos amis animaux (esp\u00e8ce de l&#039;animal et son nom) dans la bo\u00eete de personnalisation et achetez notre \u00ab Module compl\u00e9mentaire pour animaux de compagnie suppl\u00e9mentaire \u00bb pour chaque animal suppl\u00e9mentaire \u00e0 l&#039;achat de ce produit en le lien ci-dessous :<\/p>\n<p>   https:\/\/etsy.me\/3KhY68f (Module compl\u00e9mentaire pour animaux de compagnie suppl\u00e9mentaire)<\/p>\n<p>Par exemple:<br \/>\nSi vous souhaitez que vos 3 amis animaux diff\u00e9rents soient imprim\u00e9s sur votre produit, vous devez \u00e9crire chacune de leurs esp\u00e8ces et noms dans la \u00ab zone de personnalisation \u00bb, puis s\u00e9lectionner la quantit\u00e9 de 2 dans \u00ab Module compl\u00e9mentaire pour animaux de compagnie suppl\u00e9mentaire \u00bb.<\/p>\n<p>\u26a1\ufe0f DESCRIPTION DU PRODUIT \u26a1\ufe0f<br \/>\nA unisex heavy blend hooded sweatshirt is relaxation itself. The material is a thick blend of cotton and polyester. This makes for a plush, soft feel alongside warmth.<br \/>\n* 50% cotton, 50% polyester.<br \/>\n* Classic fit.<br \/>\n* Runs true to size.<br \/>\n* Drawstring hood &#8211; Adjustable hood with self-colored woven cord.<br \/>\n* Spacious pockets &#8211; Kangaroo pouch pocket will always keep your hands warm.<\/p>\n<p>\u26a0\ufe0f CONSEILS D&#039;ENTRETIEN<br \/>\n* Machine wash: warm (max 40C or 105F).<br \/>\n* Bleach as needed.<br \/>\n* Tumble dry: medium.<br \/>\n* Iron, steam or dry: low heat.<br \/>\n* Do not dry clean.<\/p>\n<p>  SIZING<br \/>\nThis custom product is unisex. Please refer to our size chart in the photos.<\/p>\n<p>  D\u00c9LAI DE TRAITEMENT ET D&#039;EXP\u00c9DITION<br \/>\nOur items are made to order. Please allow 2-5 business days for production and 3-5 business days for shipping.<\/p>\n<p>  POLITIQUE DE RETOUR<br \/>\nMalheureusement, puisqu&#039;il s&#039;agit d&#039;un produit personnalis\u00e9, nous ne pouvons offrir aucun remboursement ou \u00e9change, sauf si l&#039;article est endommag\u00e9 ou si l&#039;article n&#039;a jamais \u00e9t\u00e9 re\u00e7u.<\/p>\n<p>&#8212;&#8212;&#8212;&#8212;&#8212;&#8212;&#8212;&#8212;-<\/p>\n<p>  Nous esp\u00e9rons que vous appr\u00e9cierez ce produit.<br \/>\nN&#039;h\u00e9sitez pas \u00e0 laisser un avis sur l&#039;article\u00a0!<\/p>\n<p>Pour toute demande, merci de nous contacter directement par message Etsy ou par email : info[!at]puccha.com<\/p>\n<p>&#8212;&#8212;&#8212;&#8212;&#8212;&#8212;&#8212;&#8212;-<\/p>","protected":false},"excerpt":{"rendered":"<p>Proudly flaunt the cuteness of your pet with our personalized sweatshirts. You will get one of a kind sweatshirt, custom-made from high-quality fabric, that is cozy and comfy but comes with sentimental value. This sports jumper features a portrait of your pet and its name below it. This can be any pet portrait, whatever animal you love the most, and can be customized for dog, cat, horse, hamster owners, and more. Enjoy your day with a smile by turning your pet&#8217;s photo into a portrait on a hoodie.<\/p>\n<p>Turn your favorite pet photo into an illustration printed directly on this pullover. The pet lovers&#8217; apparel will reminisce on all the sweet memories you share with your four-legged best friend. Whether you have a new pet that you just adopted or wish to commemorate the memory of a pet that has passed over the rainbow bridge<\/p>\n<p>Beat the cold with this premium crewneck sentimental pullover. Buy it for yourself or gift it. Our personalized pet portrait sweatshirts are available with several pet choices that make them a great gift in memory of your pet, pet birthday, pet loss, pet remembrance, or pet owner.<\/p>","protected":false},"featured_media":3303,"comment_status":"closed","ping_status":"closed","template":"","meta":[],"product_cat":[19],"product_tag":[726,730,728,729,813,731,732,814,815,724,676,727,774],"_links":{"self":[{"href":"https:\/\/puccha.com\/fr\/wp-json\/wp\/v2\/product\/3302"}],"collection":[{"href":"https:\/\/puccha.com\/fr\/wp-json\/wp\/v2\/product"}],"about":[{"href":"https:\/\/puccha.com\/fr\/wp-json\/wp\/v2\/types\/product"}],"replies":[{"embeddable":true,"href":"https:\/\/puccha.com\/fr\/wp-json\/wp\/v2\/comments?post=3302"}],"wp:featuredmedia":[{"embeddable":true,"href":"https:\/\/puccha.com\/fr\/wp-json\/wp\/v2\/media\/3303"}],"wp:attachment":[{"href":"https:\/\/puccha.com\/fr\/wp-json\/wp\/v2\/media?parent=3302"}],"wp:term":[{"taxonomy":"product_cat","embeddable":true,"href":"https:\/\/puccha.com\/fr\/wp-json\/wp\/v2\/product_cat?post=3302"},{"taxonomy":"product_tag","embeddable":true,"href":"https:\/\/puccha.com\/fr\/wp-json\/wp\/v2\/product_tag?post=3302"}],"curies":[{"name":"wp","href":"https:\/\/api.w.org\/{rel}","templated":true}]}}