{"id":3258,"date":"2023-11-20T18:12:41","date_gmt":"2023-11-20T23:12:41","guid":{"rendered":"https:\/\/puccha.com\/product\/personalized-pillow-with-pet-portrait-and-name-dog-puppy-cat-bunny-whimsical-cushion-for-pet-lover-owner-home-accessory-customized-gift-2\/"},"modified":"2023-11-20T18:49:19","modified_gmt":"2023-11-20T23:49:19","slug":"personalized-pillow-with-pet-portrait-and-name-dog-puppy-cat-bunny-whimsical-cushion-for-pet-lover-owner-home-accessory-customized-gift-2","status":"publish","type":"product","link":"https:\/\/puccha.com\/fr\/produit\/personalized-pillow-with-pet-portrait-and-name-dog-puppy-cat-bunny-whimsical-cushion-for-pet-lover-owner-home-accessory-customized-gift-2\/","title":{"rendered":"Oreiller personnalis\u00e9 avec PET PORTRAIT et NOM Dog Puppy Cat Bunny Coussin fantaisiste pour Pet Lover Owner Home Accessoire Cadeau personnalis\u00e9"},"content":{"rendered":"<p>\u26a1\ufe0f DESCRIPTION DU PRODUIT \u26a1\ufe0f<\/p>\n<p>* 100% Spun polyester &#8211; Made from spun polyester threads, it retains its shape, doesn&#8217;t wrinkle, and doesn&#8217;t require ironing.<br \/>\n* Beige plastic zipper with metal head &#8211; The beige zipper will look great together with your design.<br \/>\n* Concealed zipper.<\/p>\n<p>  COMMENT COMMANDER<\/p>\n<p>1- Passez la commande avec le nom de votre animal et choisissez la police que vous souhaitez utiliser.<\/p>\n<p>2- Prenez une photo de face de votre animal dans un endroit suffisamment \u00e9clair\u00e9 de la t\u00eate \u00e0 la poitrine en vous assurant que l&#039;image est en haute r\u00e9solution. Nous recommandons que le museau de votre animal soit tourn\u00e9 vers l&#039;avant et sans accessoires pour un meilleur r\u00e9sultat.<\/p>\n<p>3- T\u00e9l\u00e9chargez la photo de votre animal via Etsy Messages ou envoyez-la-nous par e-mail \u00e0 order[!at]puccha.com.<br \/>\n*** Si vous souhaitez nous envoyer quelques options, nous serons plus qu&#039;heureux de vous aider \u00e0 choisir celle qui, selon nous, s&#039;av\u00e9rera la meilleure ***<\/p>\n<p>4- We will send you the sample within 12 hours after of your purchase before printing your pillow and will ask you to confirm if the design satisfies you.<\/p>\n<p>5- Veuillez pr\u00e9voir entre 2 et 5 jours apr\u00e8s la confirmation pour que nous puissions pr\u00e9parer et exp\u00e9dier votre article.<\/p>\n<p>\u26a0\ufe0f CONSEILS D&#039;ENTRETIEN<br \/>\nRemove the pillow cover. Pre-treat the stains with soft cloth or bristle brush that had been soaked in warm soapy water. Machine wash, max 40\u00b0C (104\u00b0F), normal cycle. Do not bleach, do not tumble dry, do not dry-clean. Iron, steam, or dry low heat only. Fluff to reshape when assembling it back together.<\/p>\n<p>  D\u00c9LAI DE TRAITEMENT ET D&#039;EXP\u00c9DITION<br \/>\nNos articles sont fabriqu\u00e9s sur commande. Veuillez pr\u00e9voir 2 \u00e0 5 jours ouvrables pour la production.<br \/>\nL\u2019exp\u00e9dition aux \u00c9tats-Unis prend jusqu\u2019\u00e0 2 \u00e0 5 jours ouvrables.<br \/>\nWorldwide shipping takes up to 3-10 business days.<\/p>\n<p>  POLITIQUE DE RETOUR<br \/>\nMalheureusement, puisqu&#039;il s&#039;agit d&#039;un produit personnalis\u00e9, nous ne pouvons offrir aucun remboursement ou \u00e9change, sauf si l&#039;article est endommag\u00e9 ou si l&#039;article n&#039;a jamais \u00e9t\u00e9 re\u00e7u.<\/p>\n<p>&#8212;&#8212;&#8212;&#8212;&#8212;&#8212;&#8212;&#8212;-<\/p>\n<p>  Nous esp\u00e9rons que vous appr\u00e9cierez ce produit.<br \/>\nN&#039;h\u00e9sitez pas \u00e0 laisser un avis sur l&#039;article\u00a0!<\/p>\n<p>Pour toute demande, merci de nous contacter directement par message Etsy ou par email : info[!at]puccha.com<\/p>\n<p>&#8212;&#8212;&#8212;&#8212;&#8212;&#8212;&#8212;&#8212;-<\/p>","protected":false},"excerpt":{"rendered":"<p>Style the interior of your home with a whimsical pillow that is customized with the portrait of your pet. Premium quality, gorgeous throw pillows sold in a selection of fun colors. Each pillow is personalized with the portrait, and the face of your beloved animal, you can even add more than one pet. Besides having printed on it the face of your pet you can also add their name, for an ultimate heartfelt touch. The personalized pillows can feature the portrait of any pet or animal, may that be a cat, kitten, dog, puppy, bunny, or any other animal.<\/p>\n<p>Specially designed for pet owners and lovers since they come customized with the face of your own pet. They make a special gift for a pet memorial or pet loss, and to share your sympathy. Alternatively gift it to pet owners, lovers, for family members, and friends, or surprise your furry friends.<\/p>","protected":false},"featured_media":3259,"comment_status":"closed","ping_status":"closed","template":"","meta":[],"product_cat":[24],"product_tag":[793,669,798,797,789,796,679,791,790,792,794,799,795],"_links":{"self":[{"href":"https:\/\/puccha.com\/fr\/wp-json\/wp\/v2\/product\/3258"}],"collection":[{"href":"https:\/\/puccha.com\/fr\/wp-json\/wp\/v2\/product"}],"about":[{"href":"https:\/\/puccha.com\/fr\/wp-json\/wp\/v2\/types\/product"}],"replies":[{"embeddable":true,"href":"https:\/\/puccha.com\/fr\/wp-json\/wp\/v2\/comments?post=3258"}],"wp:featuredmedia":[{"embeddable":true,"href":"https:\/\/puccha.com\/fr\/wp-json\/wp\/v2\/media\/3259"}],"wp:attachment":[{"href":"https:\/\/puccha.com\/fr\/wp-json\/wp\/v2\/media?parent=3258"}],"wp:term":[{"taxonomy":"product_cat","embeddable":true,"href":"https:\/\/puccha.com\/fr\/wp-json\/wp\/v2\/product_cat?post=3258"},{"taxonomy":"product_tag","embeddable":true,"href":"https:\/\/puccha.com\/fr\/wp-json\/wp\/v2\/product_tag?post=3258"}],"curies":[{"name":"wp","href":"https:\/\/api.w.org\/{rel}","templated":true}]}}