{"id":3241,"date":"2023-11-20T18:10:24","date_gmt":"2023-11-20T23:10:24","guid":{"rendered":"https:\/\/puccha.com\/product\/personalized-pet-poster-from-photo-pet-portrait-birthday-gift-for-dog-cat-mom-dad-in-memory-of-dogs-loss-of-a-pet-gift-sympathy-gift-2\/"},"modified":"2023-11-20T18:49:54","modified_gmt":"2023-11-20T23:49:54","slug":"personalized-pet-poster-from-photo-pet-portrait-birthday-gift-for-dog-cat-mom-dad-in-memory-of-dogs-loss-of-a-pet-gift-sympathy-gift-2","status":"publish","type":"product","link":"https:\/\/puccha.com\/fr\/produit\/personalized-pet-poster-from-photo-pet-portrait-birthday-gift-for-dog-cat-mom-dad-in-memory-of-dogs-loss-of-a-pet-gift-sympathy-gift-2\/","title":{"rendered":"Affiche personnalis\u00e9e pour animaux de compagnie \u00e0 partir d\u2019une photo, cadeau d\u2019anniversaire de portrait d\u2019animal de compagnie pour maman et papa de chat de chien, \u00e0 la m\u00e9moire des chiens, perte d\u2019un cadeau d\u2019animal de compagnie, cadeau de sympathie"},"content":{"rendered":"<p>COMMENT COMMANDER<\/p>\n<p>1- Passez la commande avec le nom de votre animal et choisissez la police que vous souhaitez utiliser.<\/p>\n<p>2- Prenez une photo de face de votre animal dans un endroit suffisamment \u00e9clair\u00e9 de la t\u00eate \u00e0 la poitrine en vous assurant que l&#039;image est en haute r\u00e9solution. Nous recommandons que le museau de votre animal soit tourn\u00e9 vers l&#039;avant et sans accessoires pour un meilleur r\u00e9sultat.<\/p>\n<p>3- T\u00e9l\u00e9chargez la photo de votre animal via Etsy Messages ou envoyez-la-nous par e-mail \u00e0 order[!at]puccha.com.<br \/>\n*** Si vous souhaitez nous envoyer quelques options, nous serons plus qu&#039;heureux de vous aider \u00e0 choisir celle qui, selon nous, s&#039;av\u00e9rera la meilleure ***<\/p>\n<p>4- Nous vous enverrons l&#039;\u00e9chantillon dans les 12 heures suivant votre achat avant d&#039;imprimer votre affiche et vous demanderons de confirmer si le design vous satisfait.<\/p>\n<p>5- Veuillez pr\u00e9voir entre 2 et 5 jours apr\u00e8s la confirmation pour que nous puissions pr\u00e9parer et exp\u00e9dier votre article.<\/p>\n<p>*** Pour avoir plus d&#039;une impression sur votre produit, d\u00e9crivez vos amis animaux (esp\u00e8ce de l&#039;animal et son nom) dans la bo\u00eete de personnalisation et achetez notre \u00ab Module compl\u00e9mentaire pour animaux de compagnie suppl\u00e9mentaire \u00bb pour chaque animal suppl\u00e9mentaire \u00e0 l&#039;achat de ce produit en le lien ci-dessous :<\/p>\n<p>  https:\/\/etsy.me\/3KhY68f (Module compl\u00e9mentaire pour animaux de compagnie suppl\u00e9mentaire)<\/p>\n<p>Par exemple:<br \/>\nSi vous souhaitez que vos 3 amis animaux diff\u00e9rents soient imprim\u00e9s sur votre produit, vous devez \u00e9crire chacune de leurs esp\u00e8ces et noms dans la \u00ab zone de personnalisation \u00bb, puis s\u00e9lectionner la quantit\u00e9 de 2 dans \u00ab Module compl\u00e9mentaire pour animaux de compagnie suppl\u00e9mentaire \u00bb.<\/p>\n<p>*Plusieurs animaux seront produits en orientation horizontale.<\/p>\n<p>\u26a1\ufe0f DESCRIPTION DU PRODUIT \u26a1\ufe0f<\/p>\n<p>\u2013FICHIER NUM\u00c9RIQUE UNIQUEMENT\u2013<br \/>\nPar d\u00e9faut, vous serez pr\u00eat \u00e0 imprimer des fichiers JPG et PNG de 8\u2033x10\u2033 et 300 dpi. Veuillez indiquer la taille que vous souhaitez obtenir si la taille 8\u2033x10\u2033 ne correspond pas \u00e0 vos besoins. Nous tenons \u00e9galement \u00e0 vous rappeler qu&#039;il s&#039;agit d&#039;un fichier num\u00e9rique uniquement. Aucun article physique n\u2019est envoy\u00e9 \u00e0 votre domicile.<\/p>\n<p> \u2013AFFICHE ENCADR\u00c9E\u2013<br \/>\n* Une affiche encadr\u00e9e et am\u00e9lior\u00e9e dont le papier mat Epson gicl\u00e9e de qualit\u00e9 mus\u00e9e donnera au design un aspect soign\u00e9 et sophistiqu\u00e9. De plus, il est d\u00e9j\u00e0 encadr\u00e9 et pr\u00eat \u00e0 d\u00e9corer n&#039;importe quelle maison ou bureau.<br \/>\n* Cadre en bois Ayous de 0,75\u2033 (1,9 cm) d&#039;\u00e9paisseur issu de for\u00eats renouvelables.<br \/>\n* \u00c9paisseur du papier : 10,3 mil (0,26 mm).<br \/>\n* Grammage du papier\u00a0: 5,57 oz\/yd\u00b2 (189 g\/m\u00b2).<br \/>\n* Poids l\u00e9ger.<br \/>\n* Protecteur avant en acrylique.<br \/>\n* Mat\u00e9riel de suspension inclus.<\/p>\n<p>\u2013PAS D&#039;AFFICHE ENCADR\u00c9E\u2013<br \/>\n* Affiches de qualit\u00e9 mus\u00e9e r\u00e9alis\u00e9es sur du papier mat \u00e9pais et durable. Chaque affiche est imprim\u00e9e en gicl\u00e9e sur du papier d&#039;archives sans acide qui produit des impressions brillantes pour \u00e9gayer n&#039;importe quelle pi\u00e8ce.<br \/>\n* \u00c9paisseur du papier : 10,3 mil (0,26 mm).<br \/>\n* Grammage du papier\u00a0: 5,57 oz\/yd\u00b2 (189 g\/m\u00b2).<br \/>\n* Qualit\u00e9 d&#039;impression Gicl\u00e9e.<br \/>\n* Opacit\u00e9 : 94%<br \/>\n* Luminosit\u00e9 ISO\u00a0: 104%<\/p>\n<p>\u26a0\ufe0f CONSEILS D&#039;ENTRETIEN<br \/>\nPour garantir la long\u00e9vit\u00e9 de vos affiches, ne les conservez pas en plein soleil ou \u00e0 l&#039;ext\u00e9rieur. Ils peuvent \u00eatre d\u00e9licatement \u00e9pousset\u00e9s avec un chiffon doux et sec ou un plumeau.<\/p>\n<p>  D\u00c9LAI DE TRAITEMENT ET D&#039;EXP\u00c9DITION<br \/>\nNos articles sont fabriqu\u00e9s sur commande. Veuillez pr\u00e9voir 2 \u00e0 5 jours ouvrables pour la production et 2 \u00e0 5 jours ouvrables pour l&#039;exp\u00e9dition.<\/p>\n<p>  POLITIQUE DE RETOUR<br \/>\nMalheureusement, puisqu&#039;il s&#039;agit d&#039;un produit personnalis\u00e9, nous ne pouvons offrir aucun remboursement ou \u00e9change, sauf si l&#039;article est endommag\u00e9 ou si l&#039;article n&#039;a jamais \u00e9t\u00e9 re\u00e7u.<\/p>\n<p>&#8212;&#8212;&#8212;&#8212;&#8212;&#8212;&#8212;&#8212;-<\/p>\n<p>  Nous esp\u00e9rons que vous appr\u00e9cierez ce produit.<br \/>\nN&#039;h\u00e9sitez pas \u00e0 laisser un avis sur l&#039;article\u00a0!<\/p>\n<p>Pour toute demande, merci de nous contacter directement par message Etsy ou par email : info[!at]puccha.com<\/p>\n<p>&#8212;&#8212;&#8212;&#8212;&#8212;&#8212;&#8212;&#8212;-<\/p>","protected":false},"excerpt":{"rendered":"<p>This is a made to order personalized pet poster with your animal friend\u2019s picture on it.<\/p>\n<p>\u2728 Cette pi\u00e8ce d\u00e9licate pr\u00e9sente le portrait et le nom de votre animal ! Ses sentiments d\u00e9licats mais adorables en font le cadeau parfait pour tous les amoureux des animaux sur votre liste et peut constituer une superbe pi\u00e8ce comm\u00e9morative qui ne manquera pas de faire sourire son porteur.<\/p>","protected":false},"featured_media":3242,"comment_status":"closed","ping_status":"closed","template":"","meta":[],"product_cat":[23],"product_tag":[624,782,669,785,712,786,783,694,625,676,780,781,784],"_links":{"self":[{"href":"https:\/\/puccha.com\/fr\/wp-json\/wp\/v2\/product\/3241"}],"collection":[{"href":"https:\/\/puccha.com\/fr\/wp-json\/wp\/v2\/product"}],"about":[{"href":"https:\/\/puccha.com\/fr\/wp-json\/wp\/v2\/types\/product"}],"replies":[{"embeddable":true,"href":"https:\/\/puccha.com\/fr\/wp-json\/wp\/v2\/comments?post=3241"}],"wp:featuredmedia":[{"embeddable":true,"href":"https:\/\/puccha.com\/fr\/wp-json\/wp\/v2\/media\/3242"}],"wp:attachment":[{"href":"https:\/\/puccha.com\/fr\/wp-json\/wp\/v2\/media?parent=3241"}],"wp:term":[{"taxonomy":"product_cat","embeddable":true,"href":"https:\/\/puccha.com\/fr\/wp-json\/wp\/v2\/product_cat?post=3241"},{"taxonomy":"product_tag","embeddable":true,"href":"https:\/\/puccha.com\/fr\/wp-json\/wp\/v2\/product_tag?post=3241"}],"curies":[{"name":"wp","href":"https:\/\/api.w.org\/{rel}","templated":true}]}}