{"id":3209,"date":"2023-11-20T18:06:05","date_gmt":"2023-11-20T23:06:05","guid":{"rendered":"https:\/\/puccha.com\/product\/custom-pet-photo-sweater-with-name-trendy-comfy-sweatshirt-for-dog-owner-mom-dad-custom-pet-portrait-christmas-birthday-gift-for-him-2\/"},"modified":"2023-11-20T18:40:05","modified_gmt":"2023-11-20T23:40:05","slug":"custom-pet-photo-sweater-with-name-trendy-comfy-sweatshirt-for-dog-owner-mom-dad-custom-pet-portrait-christmas-birthday-gift-for-him-2","status":"publish","type":"product","link":"https:\/\/puccha.com\/fr\/produit\/custom-pet-photo-sweater-with-name-trendy-comfy-sweatshirt-for-dog-owner-mom-dad-custom-pet-portrait-christmas-birthday-gift-for-him-2\/","title":{"rendered":"Pull photo personnalis\u00e9 pour animaux de compagnie avec nom, sweat-shirt confortable \u00e0 la mode pour maman et papa propri\u00e9taire de chien, portrait d\u2019animal personnalis\u00e9 cadeau d\u2019anniversaire de No\u00ebl pour lui"},"content":{"rendered":"<p>COMMENT COMMANDER<\/p>\n<p>1- Passez la commande avec le nom de votre animal et choisissez la police que vous souhaitez utiliser.<\/p>\n<p>2- Prenez une photo de face de votre animal dans un endroit suffisamment \u00e9clair\u00e9 de la t\u00eate \u00e0 la poitrine en vous assurant que l&#039;image est en haute r\u00e9solution. Nous recommandons que le museau de votre animal soit tourn\u00e9 vers l&#039;avant et sans accessoires pour un meilleur r\u00e9sultat.<\/p>\n<p>3- T\u00e9l\u00e9chargez la photo de votre animal via Etsy Messages ou envoyez-la-nous par e-mail \u00e0 order[!at]puccha.com.<br \/>\n*** Si vous souhaitez nous envoyer quelques options, nous serons plus qu&#039;heureux de vous aider \u00e0 choisir celle qui, selon nous, s&#039;av\u00e9rera la meilleure ***<\/p>\n<p>4- We will send you the sample within 12 hours after of your purchase before printing your sweater and will ask you to confirm if the design satisfies you.<\/p>\n<p>5- Veuillez pr\u00e9voir entre 2 et 5 jours apr\u00e8s la confirmation pour que nous puissions pr\u00e9parer et exp\u00e9dier votre article.<\/p>\n<p>*** Pour avoir plus d&#039;une impression sur votre produit, d\u00e9crivez vos amis animaux (esp\u00e8ce de l&#039;animal et son nom) dans la bo\u00eete de personnalisation et achetez notre \u00ab Module compl\u00e9mentaire pour animaux de compagnie suppl\u00e9mentaire \u00bb pour chaque animal suppl\u00e9mentaire \u00e0 l&#039;achat de ce produit en le lien ci-dessous :<\/p>\n<p>  https:\/\/etsy.me\/3KhY68f (Module compl\u00e9mentaire pour animaux de compagnie suppl\u00e9mentaire)<\/p>\n<p>Par exemple:<br \/>\nSi vous souhaitez que vos 3 amis animaux diff\u00e9rents soient imprim\u00e9s sur votre produit, vous devez \u00e9crire chacune de leurs esp\u00e8ces et noms dans la \u00ab zone de personnalisation \u00bb, puis s\u00e9lectionner la quantit\u00e9 de 2 dans \u00ab Module compl\u00e9mentaire pour animaux de compagnie suppl\u00e9mentaire \u00bb.<\/p>\n<p>\u26a1\ufe0f DESCRIPTION DU PRODUIT \u26a1\ufe0f<br \/>\n* Regular Fit \u2013 Standard length, the fabric easily gives into movement.<br \/>\n* Apparel is made using airlume combed and ring-spun cotton, which is famous for its durability and extra softness.<br \/>\n* Heather colors are 52% combed ring-spun cotton, 48% polyester.<br \/>\n* Athletic Heather and Black Heather are 90% combed ring-spun cotton, 10% polyester.<br \/>\n* Regular fit.<br \/>\n* Side-seamed construction.<br \/>\n* Crew neck.<br \/>\n* Cover stitched collar.<\/p>\n<p>\u26a0\ufe0f CONSEILS D&#039;ENTRETIEN<br \/>\n* Machine wash cold, inside-out, gentle cycle with mild detergent and similar colors.<br \/>\n* Use non-chlorine bleach, only when necessary. No fabric softeners.<br \/>\n* Tumble dry low, or hang-dry for longest life.<br \/>\n* Cool iron inside-out if necessary. Do not iron decoration.<br \/>\n* Do not dry clean.<\/p>\n<p>  SIZING<br \/>\nThis custom product is unisex. Please refer to our size chart in the photos.<\/p>\n<p>  D\u00c9LAI DE TRAITEMENT ET D&#039;EXP\u00c9DITION<br \/>\nOur items are made to order. Please allow 2-5 business days for production and 3-5 business days for shipping.<\/p>\n<p>  POLITIQUE DE RETOUR<br \/>\nMalheureusement, puisqu&#039;il s&#039;agit d&#039;un produit personnalis\u00e9, nous ne pouvons offrir aucun remboursement ou \u00e9change, sauf si l&#039;article est endommag\u00e9 ou si l&#039;article n&#039;a jamais \u00e9t\u00e9 re\u00e7u.<\/p>\n<p>&#8212;&#8212;&#8212;&#8212;&#8212;&#8212;&#8212;&#8212;-<\/p>\n<p>  Nous esp\u00e9rons que vous appr\u00e9cierez ce produit.<br \/>\nN&#039;h\u00e9sitez pas \u00e0 laisser un avis sur l&#039;article\u00a0!<\/p>\n<p>Pour toute demande, merci de nous contacter directement par message Etsy ou par email : info[!at]puccha.com<\/p>\n<p>&#8212;&#8212;&#8212;&#8212;&#8212;&#8212;&#8212;&#8212;-<\/p>\n<p>  OTHER CUSTOM PET PRODUCTS<\/p>\n<p>&#8211;APPAREL&#8211;<br \/>\nCustom Pet Shirt -> https:\/\/etsy.me\/3kfofd9<br \/>\nCustom Pet Sweatshirt -> https:\/\/etsy.me\/3ENhw3q<br \/>\nCustom Pet Hoodie -> https:\/\/etsy.me\/3vku7s4<br \/>\nCustom Pet Crop Top -> https:\/\/etsy.me\/3Hpnclw<br \/>\nCustom Pet Tank Top -> https:\/\/etsy.me\/3tyQDf9<br \/>\nCustom Pet VNeck Shirt -> https:\/\/etsy.me\/3Qqi8ld<br \/>\nCustom Pet Sweater -> https:\/\/etsy.me\/3xUNyZq<\/p>\n<p>&#8211;WALL ART&#8211;<br \/>\nCustom Pet Poster -> https:\/\/etsy.me\/3QT2MVT<br \/>\nCustom Pet Portrait -> https:\/\/etsy.me\/3pOGzMV<br \/>\nCustom Dog Portrait -> https:\/\/etsy.me\/3dXCkvS<br \/>\nCustom Pet Portrait -> https:\/\/etsy.me\/3cnzyQ3<\/p>\n<p>&#8211;DRINKWARE&#8211;<br \/>\nCustom Pet Pint Glass -> https:\/\/etsy.me\/3Qqk7Gb<br \/>\nCustom Pet Mug -> https:\/\/etsy.me\/3khmOem<br \/>\nCustom Pet Memorial Mug -> https:\/\/etsy.me\/3zFj5zS<br \/>\nCustom Dog Mom Mug -> https:\/\/etsy.me\/3zFjpyL<br \/>\nCustom Pet Latte Mug -> https:\/\/etsy.me\/39oJ43W<br \/>\nCustom Pet Accent Mug -> https:\/\/etsy.me\/3MVRBt1<br \/>\nCustom Pet Tumbler -> https:\/\/etsy.me\/3Om97YB<br \/>\nStainless Steel Bottle -> https:\/\/etsy.me\/3OegocK<br \/>\nPet Tumbler with Straw -> https:\/\/etsy.me\/3MZ7mPD<br \/>\nCustom Travel Mug -> https:\/\/etsy.me\/3MTPi9G<\/p>\n<p>&#8211;ACCESSORIES&#8211;<br \/>\nCustom Pet Necklace -> https:\/\/etsy.me\/3MStuLx<br \/>\nCustom Pet Keyring Tag -> https:\/\/etsy.me\/3tDp5W1<br \/>\nCustom Pet Mouse Pad -> https:\/\/etsy.me\/39tqxUd<br \/>\nCustom Pet Keychain -> https:\/\/etsy.me\/3zBzdmd<br \/>\nCustom Pet Tote Bag -> https:\/\/etsy.me\/3xwikq9<br \/>\nCustom Pet Pin Button -> https:\/\/etsy.me\/3Hr0w4u<br \/>\nCustom Pet ID Tag -> https:\/\/etsy.me\/3MUaAEh<\/p>\n<p>&#8211;HOME GOODS&#8211;<br \/>\nCustom Dog Wall Clock -> https:\/\/etsy.me\/3tFr7oS<br \/>\nCustom Pet Pillow -> https:\/\/etsy.me\/3xUYO8u<br \/>\nCustom Pet Memorial Candle -> https:\/\/etsy.me\/3zBsiJx<br \/>\nCustom Pet Coaster -> https:\/\/etsy.me\/3xrWzbb<\/p>\n<p>&#8211;PHONE CASE&#8211;<br \/>\nCustom Pet iPhone Case -> https:\/\/etsy.me\/3TjVmNa<br \/>\nCustom Pet Slim Phone Case -> https:\/\/etsy.me\/3mQMYpm<br \/>\nCustom Pet Tough Phone Case -> https:\/\/etsy.me\/3OiKqfC<\/p>","protected":false},"excerpt":{"rendered":"<p>\u2728 Enjoy your day with a smile by turning your pet&#8217;s photo to a portrait on a sweater. Show your love to your pet by wearing this personalized pet photo sweater and reminisce on all the sweet memories you share with your four-legged best friend. You will get one of a kind long sleeve shirt, custom-made with a high-quality cotton material to make as a beautiful keepsake for your pet! Our personalized pet portrait sweaters are available with a number of pet choices that makes them a great gift in memory of your pet, pet birthday, pet loss, pet remembrance, or pet owner.<\/p>","protected":false},"featured_media":3210,"comment_status":"closed","ping_status":"closed","template":"","meta":[],"product_cat":[19],"product_tag":[726,730,728,729,723,731,725,775,776,724,676,727,774],"_links":{"self":[{"href":"https:\/\/puccha.com\/fr\/wp-json\/wp\/v2\/product\/3209"}],"collection":[{"href":"https:\/\/puccha.com\/fr\/wp-json\/wp\/v2\/product"}],"about":[{"href":"https:\/\/puccha.com\/fr\/wp-json\/wp\/v2\/types\/product"}],"replies":[{"embeddable":true,"href":"https:\/\/puccha.com\/fr\/wp-json\/wp\/v2\/comments?post=3209"}],"wp:featuredmedia":[{"embeddable":true,"href":"https:\/\/puccha.com\/fr\/wp-json\/wp\/v2\/media\/3210"}],"wp:attachment":[{"href":"https:\/\/puccha.com\/fr\/wp-json\/wp\/v2\/media?parent=3209"}],"wp:term":[{"taxonomy":"product_cat","embeddable":true,"href":"https:\/\/puccha.com\/fr\/wp-json\/wp\/v2\/product_cat?post=3209"},{"taxonomy":"product_tag","embeddable":true,"href":"https:\/\/puccha.com\/fr\/wp-json\/wp\/v2\/product_tag?post=3209"}],"curies":[{"name":"wp","href":"https:\/\/api.w.org\/{rel}","templated":true}]}}