{"id":3067,"date":"2023-11-20T17:48:10","date_gmt":"2023-11-20T22:48:10","guid":{"rendered":"https:\/\/puccha.com\/product\/personalized-coaster-with-pet-portrait-and-name-dog-cat-photo-coffee-tea-drink-mat-kitchen-accessory-sympathy-loss-memorial-pet-owner-gift-2\/"},"modified":"2023-11-20T18:50:59","modified_gmt":"2023-11-20T23:50:59","slug":"personalized-coaster-with-pet-portrait-and-name-dog-cat-photo-coffee-tea-drink-mat-kitchen-accessory-sympathy-loss-memorial-pet-owner-gift-2","status":"publish","type":"product","link":"https:\/\/puccha.com\/fr\/produit\/personalized-coaster-with-pet-portrait-and-name-dog-cat-photo-coffee-tea-drink-mat-kitchen-accessory-sympathy-loss-memorial-pet-owner-gift-2\/","title":{"rendered":"Dessous de verre personnalis\u00e9 avec PORTRAIT d&#039;animal de compagnie et nom de chien chat photo caf\u00e9 th\u00e9 boisson tapis accessoire de cuisine perte de sympathie m\u00e9morial propri\u00e9taire d&#039;animal de compagnie cadeau"},"content":{"rendered":"<p>COMMENT COMMANDER<br \/>\n1- Passez la commande avec le nom de votre animal et choisissez la police que vous souhaitez utiliser.<br \/>\n2- Prenez une photo de face de votre animal dans un endroit suffisamment \u00e9clair\u00e9 de la t\u00eate \u00e0 la poitrine en vous assurant que l&#039;image est en haute r\u00e9solution. Nous recommandons que le museau de votre animal soit tourn\u00e9 vers l&#039;avant et sans accessoires pour un meilleur r\u00e9sultat.<br \/>\n3- T\u00e9l\u00e9chargez la photo de votre animal via Etsy Messages ou envoyez-la-nous par e-mail \u00e0 order[!at]puccha.com.<br \/>\n*** Si vous souhaitez nous envoyer quelques options, nous serons plus qu&#039;heureux de vous aider \u00e0 choisir celle qui, selon nous, s&#039;av\u00e9rera la meilleure ***<br \/>\n4- We will send you the sample within 12 hours after of your purchase before printing your coaster set and will ask you to confirm if the design satisfies you.<br \/>\n5- Veuillez pr\u00e9voir entre 2 et 5 jours apr\u00e8s la confirmation pour que nous puissions pr\u00e9parer et exp\u00e9dier votre article.<br \/>\n\u26a1\ufe0f DESCRIPTION DU PRODUIT \u26a1\ufe0f<br \/>\n* 4-piece set.<br \/>\n* High-gloss MDF top.<br \/>\n* Cork back to prevent sliding.<br \/>\n* 0.16&#8243; (0.4cm) thick.<br \/>\n* One size: 3.75&#8243; \u00d7 3.75&#8243; (9.50cm x 9.50cm).<br \/>\n\u26a0\ufe0f CONSEILS D&#039;ENTRETIEN<br \/>\nGently wipe the dirt or dust off with a clean, dry microfiber cloth.<br \/>\n  D\u00c9LAI DE TRAITEMENT ET D&#039;EXP\u00c9DITION<br \/>\nNos articles sont fabriqu\u00e9s sur commande. Veuillez pr\u00e9voir 2 \u00e0 5 jours ouvrables pour la production.<br \/>\nUSA, UK &#038; Australia shipping takes up to 3-6 business days.<br \/>\nEU shipping takes up to 3-5 business days.<br \/>\nCanada shipping takes up to 3-9 business days.<br \/>\nWorldwide shipping takes up to 10-20 business days.<br \/>\n  POLITIQUE DE RETOUR<br \/>\nMalheureusement, puisqu&#039;il s&#039;agit d&#039;un produit personnalis\u00e9, nous ne pouvons offrir aucun remboursement ou \u00e9change, sauf si l&#039;article est endommag\u00e9 ou si l&#039;article n&#039;a jamais \u00e9t\u00e9 re\u00e7u.<br \/>\n&#8212;&#8212;&#8212;&#8212;&#8212;&#8212;&#8212;&#8212;-<br \/>\n  Nous esp\u00e9rons que vous appr\u00e9cierez ce produit.<br \/>\nN&#039;h\u00e9sitez pas \u00e0 laisser un avis sur l&#039;article\u00a0!<br \/>\nPour toute demande, merci de nous contacter directement par message Etsy ou par email : info[!at]puccha.com<br \/>\n&#8212;&#8212;&#8212;&#8212;&#8212;&#8212;&#8212;&#8212;-<\/p>","protected":false},"excerpt":{"rendered":"<p>This is a made to order 4-piece set coaster with your animal friend\u2019s picture on it. Decorate your tables with a heartfelt touch and choose a personalized pet coaster. These coasters are made from cork with an MDF top and they are sold in sets of four. Specially designed for pet owners and lovers since they come customized with the face of your own pet. Inspired by their photo, the coasters can be personalized with several pets, and optionally you can even add their name under the portrait. Minimalist square coasters are available in a selection of fun colors that will give your home a cozy feel while protecting your surfaces from spills. A stylish addition to your kitchen, living room, and even bedroom. Such coasters protect the surface against high temperature, moisture, and stains while being waterproof. Practical and beautiful while protecting your table and furniture. The personalized animal coasters are a meaningful and adorable gift for all pet owners and not only. They make a great memorial, pet loss, and sympathy gift that is sure to make its intended recipient smile. Alternatively gift it to pet owners, lovers, for family members, and friends, or surprise your furry friend.<\/p>","protected":false},"featured_media":3068,"comment_status":"closed","ping_status":"closed","template":"","meta":[],"product_cat":[24],"product_tag":[746,742,745,743,741,738,739,694,651,740,679,744,676],"_links":{"self":[{"href":"https:\/\/puccha.com\/fr\/wp-json\/wp\/v2\/product\/3067"}],"collection":[{"href":"https:\/\/puccha.com\/fr\/wp-json\/wp\/v2\/product"}],"about":[{"href":"https:\/\/puccha.com\/fr\/wp-json\/wp\/v2\/types\/product"}],"replies":[{"embeddable":true,"href":"https:\/\/puccha.com\/fr\/wp-json\/wp\/v2\/comments?post=3067"}],"wp:featuredmedia":[{"embeddable":true,"href":"https:\/\/puccha.com\/fr\/wp-json\/wp\/v2\/media\/3068"}],"wp:attachment":[{"href":"https:\/\/puccha.com\/fr\/wp-json\/wp\/v2\/media?parent=3067"}],"wp:term":[{"taxonomy":"product_cat","embeddable":true,"href":"https:\/\/puccha.com\/fr\/wp-json\/wp\/v2\/product_cat?post=3067"},{"taxonomy":"product_tag","embeddable":true,"href":"https:\/\/puccha.com\/fr\/wp-json\/wp\/v2\/product_tag?post=3067"}],"curies":[{"name":"wp","href":"https:\/\/api.w.org\/{rel}","templated":true}]}}