{"id":3056,"date":"2023-11-20T17:46:36","date_gmt":"2023-11-20T22:46:36","guid":{"rendered":"https:\/\/puccha.com\/product\/pet-portrait-custom-sketch-mug-from-photo-personalized-birthday-gift-for-cat-dog-mom-dad-owner-in-memory-of-dog-loss-pet-illustration-mug-2\/"},"modified":"2024-03-26T19:15:09","modified_gmt":"2024-03-26T23:15:09","slug":"custom-pet-portrait-sketch-mug-from-photo","status":"publish","type":"product","link":"https:\/\/puccha.com\/fr\/produit\/custom-pet-portrait-sketch-mug-from-photo\/","title":{"rendered":"Custom Pet Portrait Sketch Mug from Photo"},"content":{"rendered":"<p>Capture the essence of your furry friend with a custom pet portrait sketch mug. Personalized mug for pet owners looking for a heartfelt tribute. Perfect for pet loss sympathy gifts.<\/p>\n<p>COMMENT COMMANDER<br \/>\n1- Passez la commande avec le nom de votre animal et choisissez la police que vous souhaitez utiliser.<br \/>\n2- Prenez une photo de face de votre animal dans un endroit suffisamment \u00e9clair\u00e9 de la t\u00eate \u00e0 la poitrine en vous assurant que l&#039;image est en haute r\u00e9solution. Nous recommandons que le museau de votre animal soit tourn\u00e9 vers l&#039;avant et sans accessoires pour un meilleur r\u00e9sultat.<br \/>\n3- T\u00e9l\u00e9chargez la photo de votre animal via Etsy Messages ou envoyez-la-nous par e-mail \u00e0 order[!at]puccha.com.<br \/>\n*** Si vous souhaitez nous envoyer quelques options, nous serons plus qu&#039;heureux de vous aider \u00e0 choisir celle qui, selon nous, s&#039;av\u00e9rera la meilleure ***<br \/>\n4- We will send you the sample within 24 hours after of your purchase before printing your poster and will ask you to confirm if the design satisfies you. The approval window after the final design is 48 hours. We&#8217;ll proceed with preparing your item if we don&#8217;t hear back from you after 48 hours.<br \/>\n5- Veuillez pr\u00e9voir entre 2 et 5 jours apr\u00e8s la confirmation pour que nous puissions pr\u00e9parer et exp\u00e9dier votre article.<br \/>\n\u26a1\ufe0f DESCRIPTION DU PRODUIT \u26a1\ufe0f<br \/>\n* Ceramic.<br \/>\n* 11 oz mug dimensions: 3.79\u2033 (9.6 cm) in height, 3.25\u2033 (8.3 cm) in diameter.<br \/>\n* Dishwasher and microwave safe.<br \/>\n\u26a0\ufe0f CONSEILS D&#039;ENTRETIEN<br \/>\nClean in dishwasher or wash by hand with warm water and dish soap.<br \/>\nD\u00c9LAI DE TRAITEMENT ET D&#039;EXP\u00c9DITION<br \/>\nNos articles sont fabriqu\u00e9s sur commande. Veuillez pr\u00e9voir 2 \u00e0 5 jours ouvrables pour la production.<br \/>\nUSA &amp; UK shipping takes up to 2-5 business days.<br \/>\nL&#039;exp\u00e9dition mondiale prend jusqu&#039;\u00e0 10 \u00e0 15 jours ouvrables.<br \/>\nPOLITIQUE DE RETOUR<br \/>\nMalheureusement, puisqu&#039;il s&#039;agit d&#039;un produit personnalis\u00e9, nous ne pouvons offrir aucun remboursement ou \u00e9change, sauf si l&#039;article est endommag\u00e9 ou si l&#039;article n&#039;a jamais \u00e9t\u00e9 re\u00e7u.<br \/>\n&#8212;&#8212;&#8212;&#8212;&#8212;&#8212;&#8212;&#8212;-<br \/>\nNous esp\u00e9rons que vous appr\u00e9cierez ce produit.<br \/>\nN&#039;h\u00e9sitez pas \u00e0 laisser un avis sur l&#039;article\u00a0!<br \/>\nPour toute demande, merci de nous contacter directement par message Etsy ou par email : info[!at]puccha.com<br \/>\n&#8212;&#8212;&#8212;&#8212;&#8212;&#8212;&#8212;&#8212;-<\/p>","protected":false},"excerpt":{"rendered":"<p>Celebrate the special bond you share with your furry companion by gifting yourself or a fellow pet lover a personalized pet portrait sketch mug. Whether you&#8217;re a proud cat parent or a devoted dog owner, this custom birthday gift is a thoughtful way to cherish your pet&#8217;s memory. Each mug features a unique pet illustration that captures the essence of your beloved animal, making it a heartfelt keepsake. Share your love for your furry friend with a one-of-a-kind mug that celebrates the joy they bring to your life.<\/p>\n<h2>Personalized Pet Portrait Sketch Mug<\/h2>\n<p>Enhance the special bond you shared with your pet by immortalizing their spirit in a custom pet portrait sketch mug. Our personalized mug is a touching reminder of the love and joy they brought into your life. A meaningful gift for any pet owner, our pet loss sympathy gift is a heartfelt way to honor the memory of a beloved furry friend.<\/p>\n<h2>Custom Birthday Gift for Pet Lovers<\/h2>\n<p>Celebrate the cherished memories of your furry companion with a one-of-a-kind custom pet portrait sketch mug. Our personalized pet illustration mug captures the unique essence of your beloved pet, making it a heartfelt tribute that will bring comfort and joy. Whether you are looking for a thoughtful gift for a fellow pet owner or a way to honor your own pet&#8217;s memory, our pet loss memorial sympathy gift is a beautiful choice.<\/p>","protected":false},"featured_media":3057,"comment_status":"closed","ping_status":"closed","template":"","meta":[],"product_cat":[20],"product_tag":[624,620,636,737,627,626,637,625,621,736,634,623,633],"_links":{"self":[{"href":"https:\/\/puccha.com\/fr\/wp-json\/wp\/v2\/product\/3056"}],"collection":[{"href":"https:\/\/puccha.com\/fr\/wp-json\/wp\/v2\/product"}],"about":[{"href":"https:\/\/puccha.com\/fr\/wp-json\/wp\/v2\/types\/product"}],"replies":[{"embeddable":true,"href":"https:\/\/puccha.com\/fr\/wp-json\/wp\/v2\/comments?post=3056"}],"wp:featuredmedia":[{"embeddable":true,"href":"https:\/\/puccha.com\/fr\/wp-json\/wp\/v2\/media\/3057"}],"wp:attachment":[{"href":"https:\/\/puccha.com\/fr\/wp-json\/wp\/v2\/media?parent=3056"}],"wp:term":[{"taxonomy":"product_cat","embeddable":true,"href":"https:\/\/puccha.com\/fr\/wp-json\/wp\/v2\/product_cat?post=3056"},{"taxonomy":"product_tag","embeddable":true,"href":"https:\/\/puccha.com\/fr\/wp-json\/wp\/v2\/product_tag?post=3056"}],"curies":[{"name":"wp","href":"https:\/\/api.w.org\/{rel}","templated":true}]}}