{"id":3046,"date":"2023-11-20T17:45:10","date_gmt":"2023-11-20T22:45:10","guid":{"rendered":"https:\/\/puccha.com\/product\/custom-pet-portrait-tumbler-personalized-travel-mug-with-name-in-memory-of-dog-loss-pet-birthday-gift-for-cat-dog-mom-dad-owner-2\/"},"modified":"2023-11-20T18:42:23","modified_gmt":"2023-11-20T23:42:23","slug":"custom-pet-portrait-tumbler-personalized-travel-mug-with-name-in-memory-of-dog-loss-pet-birthday-gift-for-cat-dog-mom-dad-owner-2","status":"publish","type":"product","link":"https:\/\/puccha.com\/fr\/produit\/custom-pet-portrait-tumbler-personalized-travel-mug-with-name-in-memory-of-dog-loss-pet-birthday-gift-for-cat-dog-mom-dad-owner-2\/","title":{"rendered":"Tumbler personnalis\u00e9 de portrait d\u2019animal de compagnie, tasse de voyage personnalis\u00e9e avec nom, en m\u00e9moire de la perte de chien, cadeau d\u2019anniversaire d\u2019animal de compagnie pour le propri\u00e9taire de papa de maman de chien de chat"},"content":{"rendered":"<p>COMMENT COMMANDER<\/p>\n<p>1- Passez la commande avec le nom de votre animal et choisissez la police que vous souhaitez utiliser.<\/p>\n<p>2- Prenez une photo de face de votre animal dans un endroit suffisamment \u00e9clair\u00e9 de la t\u00eate \u00e0 la poitrine en vous assurant que l&#039;image est en haute r\u00e9solution. Nous recommandons que le museau de votre animal soit tourn\u00e9 vers l&#039;avant et sans accessoires pour un meilleur r\u00e9sultat.<\/p>\n<p>3- T\u00e9l\u00e9chargez la photo de votre animal via Etsy Messages ou envoyez-la-nous par e-mail \u00e0 order[!at]puccha.com.<\/p>\n<p>*** Si vous souhaitez nous envoyer quelques options, nous serons plus qu&#039;heureux de vous aider \u00e0 choisir celle qui, selon nous, s&#039;av\u00e9rera la meilleure ***<\/p>\n<p>4- We will send you the sample within 12 hours after of your purchase before printing your tumbler and will ask you to confirm if the design satisfies you.<\/p>\n<p>5- Veuillez pr\u00e9voir entre 2 et 5 jours apr\u00e8s la confirmation pour que nous puissions pr\u00e9parer et exp\u00e9dier votre article.<\/p>\n<p>\u26a1\ufe0f DESCRIPTION DU PRODUIT \u26a1\ufe0f<br \/>\n* 20oz (0.59 l).<br \/>\n* Stainless steel &#8211; Double wall interior makes the tumbler durable, resistant to rust, staining and corrosion.<br \/>\n* Hot or Cold &#8211; Perfect for everyday use, the tumbler&#8217;s design provides an excellent seal which keeps beverages hot or cold.<br \/>\n* Dishwasher-safe &#8211; Suitable for dishwasher use.<br \/>\n* Rounded corners.<br \/>\n* See-thru plastic lid.<br \/>\n* Glossy finish.<\/p>\n<p>\u26a0\ufe0f CONSEILS D&#039;ENTRETIEN<br \/>\nClean in dishwasher or wash by hand with warm water and dish soap.<\/p>\n<p>  D\u00c9LAI DE TRAITEMENT ET D&#039;EXP\u00c9DITION<br \/>\nNos articles sont fabriqu\u00e9s sur commande. Veuillez pr\u00e9voir 2 \u00e0 5 jours ouvrables pour la production.<br \/>\nL\u2019exp\u00e9dition aux \u00c9tats-Unis prend jusqu\u2019\u00e0 2 \u00e0 5 jours ouvrables.<br \/>\nWorldwide shipping takes up to 10-20 business days.<\/p>\n<p>  POLITIQUE DE RETOUR<br \/>\nMalheureusement, puisqu&#039;il s&#039;agit d&#039;un produit personnalis\u00e9, nous ne pouvons offrir aucun remboursement ou \u00e9change, sauf si l&#039;article est endommag\u00e9 ou si l&#039;article n&#039;a jamais \u00e9t\u00e9 re\u00e7u.<\/p>\n<p>&#8212;&#8212;&#8212;&#8212;&#8212;&#8212;&#8212;&#8212;-<\/p>\n<p>  Nous esp\u00e9rons que vous appr\u00e9cierez ce produit.<br \/>\nN&#039;h\u00e9sitez pas \u00e0 laisser un avis sur l&#039;article\u00a0!<\/p>\n<p>Pour toute demande, merci de nous contacter directement par message Etsy ou par email : info[!at]puccha.com<\/p>\n<p>&#8212;&#8212;&#8212;&#8212;&#8212;&#8212;&#8212;&#8212;-<\/p>","protected":false},"excerpt":{"rendered":"<p>\u2728 Enjoy your day with a smile by turning your pet photo to a portrait on a tumbler. Show your love to your pet by drinking hot or cold beverages in this custom pet portrait tumbler and reminisce on all the sweet memories you share with your four-legged best friend. You will get one of a kind tumbler, 20 oz custom-made with a high-quality stainless steel material to make as a beautiful keepsake for your pet! Our personalized pet face tumblers are available with a number of pet choices that makes them a great gift in memory of your pet, pet birthday, pet loss, pet remembrance, or pet owner.<\/p>","protected":false},"featured_media":3047,"comment_status":"closed","ping_status":"closed","template":"","meta":[],"product_cat":[21],"product_tag":[624,622,669,620,636,627,626,637,625,735,635,734,623],"_links":{"self":[{"href":"https:\/\/puccha.com\/fr\/wp-json\/wp\/v2\/product\/3046"}],"collection":[{"href":"https:\/\/puccha.com\/fr\/wp-json\/wp\/v2\/product"}],"about":[{"href":"https:\/\/puccha.com\/fr\/wp-json\/wp\/v2\/types\/product"}],"replies":[{"embeddable":true,"href":"https:\/\/puccha.com\/fr\/wp-json\/wp\/v2\/comments?post=3046"}],"wp:featuredmedia":[{"embeddable":true,"href":"https:\/\/puccha.com\/fr\/wp-json\/wp\/v2\/media\/3047"}],"wp:attachment":[{"href":"https:\/\/puccha.com\/fr\/wp-json\/wp\/v2\/media?parent=3046"}],"wp:term":[{"taxonomy":"product_cat","embeddable":true,"href":"https:\/\/puccha.com\/fr\/wp-json\/wp\/v2\/product_cat?post=3046"},{"taxonomy":"product_tag","embeddable":true,"href":"https:\/\/puccha.com\/fr\/wp-json\/wp\/v2\/product_tag?post=3046"}],"curies":[{"name":"wp","href":"https:\/\/api.w.org\/{rel}","templated":true}]}}