{"id":3013,"date":"2023-11-20T17:40:42","date_gmt":"2023-11-20T22:40:42","guid":{"rendered":"https:\/\/puccha.com\/product\/custom-pet-portrait-pencil-sketch-dog-cat-drawing-from-photo-personalized-pet-photo-poster-for-pet-owner-pet-loss-memorial-sympathy-gift-2\/"},"modified":"2024-03-26T18:46:07","modified_gmt":"2024-03-26T22:46:07","slug":"custom-pet-portrait-pencil-sketch","status":"publish","type":"product","link":"https:\/\/puccha.com\/fr\/produit\/custom-pet-portrait-pencil-sketch\/","title":{"rendered":"Portrait d\u2019animal de compagnie personnalis\u00e9 Croquis au crayon Dessin de chat de chien \u00e0 partir d\u2019une photo, Affiche photo personnalis\u00e9e pour animaux de compagnie pour le propri\u00e9taire de l\u2019animal de compagnie, Cadeau de sympathie comm\u00e9moratif pour la perte d\u2019un animal de compagnie"},"content":{"rendered":"<p>Capture the essence of your furry friend with a custom pet portrait sketch. Perfect for heartfelt pet loss sympathy gifts.<\/p>\n<p>COMMENT COMMANDER<\/p>\n<p>1- Passez la commande avec le nom de votre animal et choisissez la police que vous souhaitez utiliser.<\/p>\n<p>2- Prenez une photo de face de votre animal dans un endroit suffisamment \u00e9clair\u00e9 de la t\u00eate \u00e0 la poitrine en vous assurant que l&#039;image est en haute r\u00e9solution. Nous recommandons que le museau de votre animal soit tourn\u00e9 vers l&#039;avant et sans accessoires pour un meilleur r\u00e9sultat.<\/p>\n<p>3- T\u00e9l\u00e9chargez la photo de votre animal via Etsy Messages ou envoyez-la-nous par e-mail \u00e0 order[!at]puccha.com.<br \/>\n*** Si vous souhaitez nous envoyer quelques options, nous serons plus qu&#039;heureux de vous aider \u00e0 choisir celle qui, selon nous, s&#039;av\u00e9rera la meilleure ***<\/p>\n<p>4- We will send you the sample within 24 hours after of your purchase before printing your poster and will ask you to confirm if the design satisfies you. The approval window after the final design is 48 hours. We&#8217;ll proceed with preparing your item if we don&#8217;t hear back from you after 48 hours.<\/p>\n<p>5- Veuillez pr\u00e9voir entre 2 et 5 jours apr\u00e8s la confirmation pour que nous puissions pr\u00e9parer et exp\u00e9dier votre article.<\/p>\n<p>*Plusieurs animaux seront produits en orientation horizontale.<\/p>\n<p>\u26a1\ufe0f DESCRIPTION DU PRODUIT \u26a1\ufe0f<\/p>\n<p>\u2013FICHIER NUM\u00c9RIQUE UNIQUEMENT\u2013<br \/>\nPar d\u00e9faut, vous serez pr\u00eat \u00e0 imprimer des fichiers JPG et PNG de 8\u2033x10\u2033 et 300 dpi. Veuillez indiquer la taille que vous souhaitez obtenir si la taille 8\u2033x10\u2033 ne correspond pas \u00e0 vos besoins. Nous tenons \u00e9galement \u00e0 vous rappeler qu&#039;il s&#039;agit d&#039;un fichier num\u00e9rique uniquement. Aucun article physique n\u2019est envoy\u00e9 \u00e0 votre domicile.<\/p>\n<p>\u2013AFFICHE ENCADR\u00c9E\u2013<br \/>\n* Une affiche encadr\u00e9e et am\u00e9lior\u00e9e dont le papier mat Epson gicl\u00e9e de qualit\u00e9 mus\u00e9e donnera au design un aspect soign\u00e9 et sophistiqu\u00e9. De plus, il est d\u00e9j\u00e0 encadr\u00e9 et pr\u00eat \u00e0 d\u00e9corer n&#039;importe quelle maison ou bureau.<br \/>\n* Cadre en bois Ayous de 0,75\u2033 (1,9 cm) d&#039;\u00e9paisseur issu de for\u00eats renouvelables.<br \/>\n* \u00c9paisseur du papier : 10,3 mil (0,26 mm).<br \/>\n* Grammage du papier\u00a0: 5,57 oz\/yd\u00b2 (189 g\/m\u00b2).<br \/>\n* Poids l\u00e9ger.<br \/>\n* Protecteur avant en acrylique.<br \/>\n* Mat\u00e9riel de suspension inclus.<\/p>\n<p>\u2013PAS D&#039;AFFICHE ENCADR\u00c9E\u2013<br \/>\n* Affiches de qualit\u00e9 mus\u00e9e r\u00e9alis\u00e9es sur du papier mat \u00e9pais et durable. Chaque affiche est imprim\u00e9e en gicl\u00e9e sur du papier d&#039;archives sans acide qui produit des impressions brillantes pour \u00e9gayer n&#039;importe quelle pi\u00e8ce.<br \/>\n* \u00c9paisseur du papier : 10,3 mil (0,26 mm).<br \/>\n* Grammage du papier\u00a0: 5,57 oz\/yd\u00b2 (189 g\/m\u00b2).<br \/>\n* Qualit\u00e9 d&#039;impression Gicl\u00e9e.<br \/>\n* Opacit\u00e9 : 94%<br \/>\n* Luminosit\u00e9 ISO\u00a0: 104%<\/p>\n<p>\u26a0\ufe0f CONSEILS D&#039;ENTRETIEN<br \/>\nPour garantir la long\u00e9vit\u00e9 de vos affiches, ne les conservez pas en plein soleil ou \u00e0 l&#039;ext\u00e9rieur. Ils peuvent \u00eatre d\u00e9licatement \u00e9pousset\u00e9s avec un chiffon doux et sec ou un plumeau.<\/p>\n<p>D\u00c9LAI DE TRAITEMENT ET D&#039;EXP\u00c9DITION<br \/>\nNos articles sont fabriqu\u00e9s sur commande. Veuillez pr\u00e9voir 2 \u00e0 5 jours ouvrables pour la production et 2 \u00e0 5 jours ouvrables pour l&#039;exp\u00e9dition.<\/p>\n<p>POLITIQUE DE RETOUR<br \/>\nMalheureusement, puisqu&#039;il s&#039;agit d&#039;un produit personnalis\u00e9, nous ne pouvons offrir aucun remboursement ou \u00e9change, sauf si l&#039;article est endommag\u00e9 ou si l&#039;article n&#039;a jamais \u00e9t\u00e9 re\u00e7u.<\/p>\n<p>&#8212;&#8212;&#8212;&#8212;&#8212;&#8212;&#8212;&#8212;-<\/p>\n<p>Nous esp\u00e9rons que vous appr\u00e9cierez ce produit.<br \/>\nN&#039;h\u00e9sitez pas \u00e0 laisser un avis sur l&#039;article\u00a0!<\/p>\n<p>Pour toute demande, merci de nous contacter directement par message Etsy ou par email : info[!at]puccha.com<\/p>\n<p>&#8212;&#8212;&#8212;&#8212;&#8212;&#8212;&#8212;&#8212;-<\/p>\n<p>OTHER CUSTOM PET PORTRAIT PRODUCTS<\/p>\n<p>Painting-Style Art<br \/>\nhttps:\/\/pucchastudio.etsy.com\/listing\/1275349404<br \/>\nhttps:\/\/pucchastudio.etsy.com\/listing\/1267325988<\/p>\n<p>Colorful Sketch-Style Art<br \/>\nhttps:\/\/pucchastudio.etsy.com\/listing\/1294095603<br \/>\nhttps:\/\/pucchastudio.etsy.com\/listing\/1294102255<\/p>","protected":false},"excerpt":{"rendered":"<p>Celebrate the cherished memories of your furry companion with a one-of-a-kind custom pet portrait sketch. Our <strong>custom pet portrait<\/strong> captures the unique essence of your beloved pet, making it a heartfelt tribute that will bring comfort and joy. Whether you are looking for a thoughtful gift for a fellow pet owner or a way to honor your own pet&#8217;s memory, our <strong>pet loss memorial sympathy gift<\/strong> is a beautiful choice.<\/p>\n<h2>Immortalize Your Beloved Companion with a Custom Pet Portrait Sketch<\/h2>\n<p>Enhance the special bond you shared with your pet by immortalizing their spirit in a custom pet portrait. Our personalized pet poster is a touching reminder of the love and joy they brought into your life. A meaningful gift for any pet owner, our <strong>pet loss sympathy gift<\/strong> is a heartfelt way to honor the memory of a beloved furry friend.<\/p>\n<h2>Personalized Pet Photo Poster<\/h2>\n<p>Celebrate the cherished memories of your furry companion with a one-of-a-kind custom pet portrait sketch. Our personalized pet photo poster captures the unique essence of your beloved pet, making it a heartfelt tribute that will bring comfort and joy. Whether you are looking for a thoughtful gift for a fellow pet owner or a way to honor your own pet&#8217;s memory, our pet loss memorial sympathy gift is a beautiful choice.<\/p>","protected":false},"featured_media":3014,"comment_status":"closed","ping_status":"closed","template":"","meta":[],"product_cat":[23],"product_tag":[669,719,712,715,718,720,714,721,694,722,713,716,717],"_links":{"self":[{"href":"https:\/\/puccha.com\/fr\/wp-json\/wp\/v2\/product\/3013"}],"collection":[{"href":"https:\/\/puccha.com\/fr\/wp-json\/wp\/v2\/product"}],"about":[{"href":"https:\/\/puccha.com\/fr\/wp-json\/wp\/v2\/types\/product"}],"replies":[{"embeddable":true,"href":"https:\/\/puccha.com\/fr\/wp-json\/wp\/v2\/comments?post=3013"}],"wp:featuredmedia":[{"embeddable":true,"href":"https:\/\/puccha.com\/fr\/wp-json\/wp\/v2\/media\/3014"}],"wp:attachment":[{"href":"https:\/\/puccha.com\/fr\/wp-json\/wp\/v2\/media?parent=3013"}],"wp:term":[{"taxonomy":"product_cat","embeddable":true,"href":"https:\/\/puccha.com\/fr\/wp-json\/wp\/v2\/product_cat?post=3013"},{"taxonomy":"product_tag","embeddable":true,"href":"https:\/\/puccha.com\/fr\/wp-json\/wp\/v2\/product_tag?post=3013"}],"curies":[{"name":"wp","href":"https:\/\/api.w.org\/{rel}","templated":true}]}}