{"id":2991,"date":"2023-11-20T17:37:41","date_gmt":"2023-11-20T22:37:41","guid":{"rendered":"https:\/\/puccha.com\/product\/personalized-tote-bag-with-pet-portrait-custom-cat-dog-photo-and-name-reusable-spacious-canvas-everyday-market-grocery-bag-pet-owner-gift-2\/"},"modified":"2023-11-20T18:51:28","modified_gmt":"2023-11-20T23:51:28","slug":"personalized-tote-bag-with-pet-portrait-custom-cat-dog-photo-and-name-reusable-spacious-canvas-everyday-market-grocery-bag-pet-owner-gift-2","status":"publish","type":"product","link":"https:\/\/puccha.com\/fr\/produit\/personalized-tote-bag-with-pet-portrait-custom-cat-dog-photo-and-name-reusable-spacious-canvas-everyday-market-grocery-bag-pet-owner-gift-2\/","title":{"rendered":"Sac fourre-tout personnalis\u00e9 avec PORTRAIT D\u2019ANIMAL FAMILIER Photo et nom de chien de chat personnalis\u00e9 Toile spacieuse r\u00e9utilisable Sac d\u2019\u00e9picerie du march\u00e9 quotidien Cadeau de propri\u00e9taire d\u2019animal de compagnie"},"content":{"rendered":"<p>COMMENT COMMANDER<\/p>\n<p>1- Passez la commande avec le nom de votre animal et choisissez la police que vous souhaitez utiliser.<\/p>\n<p>2- Prenez une photo de face de votre animal dans un endroit suffisamment \u00e9clair\u00e9 de la t\u00eate \u00e0 la poitrine en vous assurant que l&#039;image est en haute r\u00e9solution. Nous recommandons que le museau de votre animal soit tourn\u00e9 vers l&#039;avant et sans accessoires pour un meilleur r\u00e9sultat.<\/p>\n<p>3- T\u00e9l\u00e9chargez la photo de votre animal via Etsy Messages ou envoyez-la-nous par e-mail \u00e0 order[!at]puccha.com.<br \/>\n*** Si vous souhaitez nous envoyer quelques options, nous serons plus qu&#039;heureux de vous aider \u00e0 choisir celle qui, selon nous, s&#039;av\u00e9rera la meilleure ***<\/p>\n<p>4- We will send you the sample within 12 hours after of your purchase before printing your tote bag and will ask you to confirm if the design satisfies you.<\/p>\n<p>5- Veuillez pr\u00e9voir entre 2 et 5 jours apr\u00e8s la confirmation pour que nous puissions pr\u00e9parer et exp\u00e9dier votre article.<\/p>\n<p>\u26a1\ufe0f DESCRIPTION DU PRODUIT \u26a1\ufe0f<br \/>\n* 100% Polyester &#8211; Extremely strong and durable synthetic fabric that retains its shape and dries quickly.<br \/>\n* Boxed corners.<br \/>\n* Black cotton handles.<br \/>\n* Black lining.<br \/>\n* Boxed corners &#8211; Front and back sides are sewn together by creating extra space on the sides, adding more room.<\/p>\n<p>\u26a0\ufe0f CONSEILS D&#039;ENTRETIEN<br \/>\nBefore cleaning the bag, remove all the items from bag. Suggested to pretreat visible stains with stain remover. Mix warm water with laundry detergent and clean the bag with terry washcloth or soft bristle brush. Let the bag air dry.<\/p>\n<p>  D\u00c9LAI DE TRAITEMENT ET D&#039;EXP\u00c9DITION<br \/>\nNos articles sont fabriqu\u00e9s sur commande. Veuillez pr\u00e9voir 2 \u00e0 5 jours ouvrables pour la production.<br \/>\nL\u2019exp\u00e9dition aux \u00c9tats-Unis prend jusqu\u2019\u00e0 2 \u00e0 5 jours ouvrables.<br \/>\nWorldwide shipping takes up to 3-10 business days.<\/p>\n<p>  POLITIQUE DE RETOUR<br \/>\nMalheureusement, puisqu&#039;il s&#039;agit d&#039;un produit personnalis\u00e9, nous ne pouvons offrir aucun remboursement ou \u00e9change, sauf si l&#039;article est endommag\u00e9 ou si l&#039;article n&#039;a jamais \u00e9t\u00e9 re\u00e7u.<\/p>\n<p>&#8212;&#8212;&#8212;&#8212;&#8212;&#8212;&#8212;&#8212;-<\/p>\n<p>  Nous esp\u00e9rons que vous appr\u00e9cierez ce produit.<br \/>\nN&#039;h\u00e9sitez pas \u00e0 laisser un avis sur l&#039;article\u00a0!<\/p>\n<p>Pour toute demande, merci de nous contacter directement par message Etsy ou par email : info[!at]puccha.com<\/p>\n<p>&#8212;&#8212;&#8212;&#8212;&#8212;&#8212;&#8212;&#8212;-<\/p>","protected":false},"excerpt":{"rendered":"<p>Show off your love for your furry friend with a personalized tote bag. Premium quality canvas bag, made from sturdy material with thick straps so you can easily carry all your and your pet\u2019s belongings. The minimalist tote bag is a special one since it can be personalized with the portrait of your pet and even their name. You can choose to add one pet or several different furry friends to it. The happy photo portrait of your pet will be with you all day long, simply order this customized tote bag.<\/p>\n<p>The personalized tote can feature the portrait of any pet or animal, may that be a cat, kitten, dog, puppy, bunny, or any other animal. While it has a sentimental value it is a totally practicable accessory for both men and women. Totally reusable and thus eco-friendly, just fold it up and have it ready to fill with your items wherever you go. Ideal as an everyday bag and perfect for shopping, traveling, working, going to the gym or school, farmer&#8217;s markets, and so on. <\/p>\n<p>Specially designed for pet owners and lovers since they come customized with the face of your own pet. They make a special gift for a pet memorial or pet loss, and to share your sympathy. Alternatively gift it to pet owners, lovers, for family members, and friends, or surprise your furry friends.<\/p>","protected":false},"featured_media":2992,"comment_status":"closed","ping_status":"closed","template":"","meta":[],"product_cat":[39],"product_tag":[703,702,707,705,704,710,711,709,708,700,679,701,706],"_links":{"self":[{"href":"https:\/\/puccha.com\/fr\/wp-json\/wp\/v2\/product\/2991"}],"collection":[{"href":"https:\/\/puccha.com\/fr\/wp-json\/wp\/v2\/product"}],"about":[{"href":"https:\/\/puccha.com\/fr\/wp-json\/wp\/v2\/types\/product"}],"replies":[{"embeddable":true,"href":"https:\/\/puccha.com\/fr\/wp-json\/wp\/v2\/comments?post=2991"}],"wp:featuredmedia":[{"embeddable":true,"href":"https:\/\/puccha.com\/fr\/wp-json\/wp\/v2\/media\/2992"}],"wp:attachment":[{"href":"https:\/\/puccha.com\/fr\/wp-json\/wp\/v2\/media?parent=2991"}],"wp:term":[{"taxonomy":"product_cat","embeddable":true,"href":"https:\/\/puccha.com\/fr\/wp-json\/wp\/v2\/product_cat?post=2991"},{"taxonomy":"product_tag","embeddable":true,"href":"https:\/\/puccha.com\/fr\/wp-json\/wp\/v2\/product_tag?post=2991"}],"curies":[{"name":"wp","href":"https:\/\/api.w.org\/{rel}","templated":true}]}}