{"id":2961,"date":"2023-11-20T17:33:34","date_gmt":"2023-11-20T22:33:34","guid":{"rendered":"https:\/\/puccha.com\/product\/personalized-pin-button-badge-with-custom-pet-portrait-and-name-dog-cat-owner-face-patch-pinback-accessory-sympathy-loss-memorial-gift-2\/"},"modified":"2023-11-20T18:51:40","modified_gmt":"2023-11-20T23:51:40","slug":"personalized-pin-button-badge-with-custom-pet-portrait-and-name-dog-cat-owner-face-patch-pinback-accessory-sympathy-loss-memorial-gift-2","status":"publish","type":"product","link":"https:\/\/puccha.com\/fr\/produit\/personalized-pin-button-badge-with-custom-pet-portrait-and-name-dog-cat-owner-face-patch-pinback-accessory-sympathy-loss-memorial-gift-2\/","title":{"rendered":"Insigne personnalis\u00e9 de bouton d\u2019\u00e9pingle avec le portrait et le nom personnalis\u00e9s d\u2019animal de compagnie, cadeau comm\u00e9moratif de perte de sympathie d\u2019accessoire de patch de visage de propri\u00e9taire de chat de chien"},"content":{"rendered":"<p>COMMENT COMMANDER<\/p>\n<p>1- Passez la commande avec le nom de votre animal et choisissez la police que vous souhaitez utiliser.<\/p>\n<p>2- Prenez une photo de face de votre animal dans un endroit suffisamment \u00e9clair\u00e9 de la t\u00eate \u00e0 la poitrine en vous assurant que l&#039;image est en haute r\u00e9solution. Nous recommandons que le museau de votre animal soit tourn\u00e9 vers l&#039;avant et sans accessoires pour un meilleur r\u00e9sultat.<\/p>\n<p>3- T\u00e9l\u00e9chargez la photo de votre animal via Etsy Messages ou envoyez-la-nous par e-mail \u00e0 order[!at]puccha.com.<br \/>\n*** Si vous souhaitez nous envoyer quelques options, nous serons plus qu&#039;heureux de vous aider \u00e0 choisir celle qui, selon nous, s&#039;av\u00e9rera la meilleure ***<\/p>\n<p>4- We will send you the sample within 8 hours after of your purchase before printing your pin button badge and will ask you to confirm if the design satisfies you.<\/p>\n<p>5- Veuillez pr\u00e9voir entre 2 et 5 jours apr\u00e8s la confirmation pour que nous puissions pr\u00e9parer et exp\u00e9dier votre article.<\/p>\n<p>\u26a1\ufe0f DESCRIPTION DU PRODUIT \u26a1\ufe0f<br \/>\n* 3 sizes &#8211; (1.25&#8243; &#8211; 2.25&#8243; &#8211; 3&#8243;)<br \/>\n*Glossy Finish &#8211; Full color decoration on one side with a glossy finish.<br \/>\n*Safety pin backing &#8211; A traditional safety pin from durable steel is attached to the back of the pin.<\/p>\n<p>\u26a0\ufe0f CONSEILS D&#039;ENTRETIEN<br \/>\nWipe the dust or any dirt off gently with a clean, dry cloth.<\/p>\n<p>  D\u00c9LAI DE TRAITEMENT ET D&#039;EXP\u00c9DITION<br \/>\nNos articles sont fabriqu\u00e9s sur commande. Veuillez pr\u00e9voir 2 \u00e0 5 jours ouvrables pour la production.<br \/>\nL\u2019exp\u00e9dition aux \u00c9tats-Unis prend jusqu\u2019\u00e0 2 \u00e0 5 jours ouvrables.<br \/>\nWorldwide shipping takes up to 10-20 business days.<\/p>\n<p>  POLITIQUE DE RETOUR<br \/>\nMalheureusement, puisqu&#039;il s&#039;agit d&#039;un produit personnalis\u00e9, nous ne pouvons offrir aucun remboursement ou \u00e9change, sauf si l&#039;article est endommag\u00e9 ou si l&#039;article n&#039;a jamais \u00e9t\u00e9 re\u00e7u.<\/p>\n<p>&#8212;&#8212;&#8212;&#8212;&#8212;&#8212;&#8212;&#8212;-<\/p>\n<p>  Nous esp\u00e9rons que vous appr\u00e9cierez ce produit.<br \/>\nN&#039;h\u00e9sitez pas \u00e0 laisser un avis sur l&#039;article\u00a0!<\/p>\n<p>Pour toute demande, merci de nous contacter directement par message Etsy ou par email : info[!at]puccha.com<\/p>\n<p>&#8212;&#8212;&#8212;&#8212;&#8212;&#8212;&#8212;&#8212;-<\/p>","protected":false},"excerpt":{"rendered":"<p>Show off your love for your furry friend with a personalized pin button. The minimalist pinback is a special one since it can be personalized with the portrait of your pet and even their name. The customized pin button can feature the face of any pet or animal, may that be a cat, kitten, dog, puppy, bunny, or any other animal. While it has a sentimental value it is a totally practicable accessory for both men and women. <\/p>\n<p>The personalized pin button badges are a meaningful and adorable gift for all pet owners and not only. They make a great memorial, pet loss, and sympathy gift that is sure to make its intended recipient smile. Alternatively gift it to pet owners, lovers, for family members, and friends, or surprise your furry friend.<\/p>","protected":false},"featured_media":2962,"comment_status":"closed","ping_status":"closed","template":"","meta":[],"product_cat":[39],"product_tag":[695,690,691,696,687,693,694,651,689,679,688,692,676],"_links":{"self":[{"href":"https:\/\/puccha.com\/fr\/wp-json\/wp\/v2\/product\/2961"}],"collection":[{"href":"https:\/\/puccha.com\/fr\/wp-json\/wp\/v2\/product"}],"about":[{"href":"https:\/\/puccha.com\/fr\/wp-json\/wp\/v2\/types\/product"}],"replies":[{"embeddable":true,"href":"https:\/\/puccha.com\/fr\/wp-json\/wp\/v2\/comments?post=2961"}],"wp:featuredmedia":[{"embeddable":true,"href":"https:\/\/puccha.com\/fr\/wp-json\/wp\/v2\/media\/2962"}],"wp:attachment":[{"href":"https:\/\/puccha.com\/fr\/wp-json\/wp\/v2\/media?parent=2961"}],"wp:term":[{"taxonomy":"product_cat","embeddable":true,"href":"https:\/\/puccha.com\/fr\/wp-json\/wp\/v2\/product_cat?post=2961"},{"taxonomy":"product_tag","embeddable":true,"href":"https:\/\/puccha.com\/fr\/wp-json\/wp\/v2\/product_tag?post=2961"}],"curies":[{"name":"wp","href":"https:\/\/api.w.org\/{rel}","templated":true}]}}