{"id":2904,"date":"2023-11-20T17:25:44","date_gmt":"2023-11-20T22:25:44","guid":{"rendered":"https:\/\/puccha.com\/product\/pet-mouse-pad-with-custom-photo-and-name-personalized-dog-cat-non-slip-mat-computer-gadget-pc-office-accessory-coworker-gift-idea-2\/"},"modified":"2023-11-20T18:52:05","modified_gmt":"2023-11-20T23:52:05","slug":"pet-mouse-pad-with-custom-photo-and-name-personalized-dog-cat-non-slip-mat-computer-gadget-pc-office-accessory-coworker-gift-idea-2","status":"publish","type":"product","link":"https:\/\/puccha.com\/fr\/produit\/pet-mouse-pad-with-custom-photo-and-name-personalized-dog-cat-non-slip-mat-computer-gadget-pc-office-accessory-coworker-gift-idea-2\/","title":{"rendered":"Tapis de souris pour animaux de compagnie avec photo et nom personnalis\u00e9s, tapis antid\u00e9rapant pour chien et chat personnalis\u00e9, gadget informatique, accessoire de bureau PC, id\u00e9e cadeau pour coll\u00e8gue"},"content":{"rendered":"<p>\u26a1\ufe0f DESCRIPTION DU PRODUIT \u26a1\ufe0f<br \/>\n* Size: 8&#8243;x9&#8243;<br \/>\n* Personalized mouse pad<br \/>\n* Designed for pet lovers<br \/>\n* Durable, high-density foam with an ultra-thin rubber base<br \/>\n* Smooth surface &#8211; Provides effortless mouse gliding * Easy to clean.<br \/>\n* Rubber base &#8211; Keeps the mouse pad firmly gripped to the desk providing a smooth, non-slip, and even surface.<br \/>\n* 1\/16&#8243; (1.58 mm) thick.<br \/>\n  COMMENT COMMANDER<br \/>\n1- Passez la commande avec le nom de votre animal et choisissez la police que vous souhaitez utiliser.<br \/>\n2- Prenez une photo de face de votre animal dans un endroit suffisamment \u00e9clair\u00e9 de la t\u00eate \u00e0 la poitrine en vous assurant que l&#039;image est en haute r\u00e9solution. Nous recommandons que le museau de votre animal soit tourn\u00e9 vers l&#039;avant et sans accessoires pour un meilleur r\u00e9sultat.<br \/>\n3- T\u00e9l\u00e9chargez la photo de votre animal via Etsy Messages ou envoyez-la-nous par e-mail \u00e0 order[!at]puccha.com.<br \/>\n*** Si vous souhaitez nous envoyer quelques options, nous serons plus qu&#039;heureux de vous aider \u00e0 choisir celle qui, selon nous, s&#039;av\u00e9rera la meilleure ***<br \/>\n4- We will send you the sample within 12 hours after of your purchase before printing your mouse pad and will ask you to confirm if the design satisfies you.<br \/>\n5- Veuillez pr\u00e9voir entre 2 et 5 jours apr\u00e8s la confirmation pour que nous puissions pr\u00e9parer et exp\u00e9dier votre article.<br \/>\n\u26a0\ufe0f CONSEILS D&#039;ENTRETIEN<br \/>\nUse warm water and dish soap to clean spots off your pad. It&#8217;s not necessary to soak the whole pad. For hard-to-clean spots use a soft-bristled brush.<br \/>\n  D\u00c9LAI DE TRAITEMENT ET D&#039;EXP\u00c9DITION<br \/>\nNos articles sont fabriqu\u00e9s sur commande. Veuillez pr\u00e9voir 2 \u00e0 5 jours ouvrables pour la production.<br \/>\nUSA shipping takes up to 3-6 business days.<br \/>\nWorldwide shipping takes up to 10-20 business days.<br \/>\n  POLITIQUE DE RETOUR<br \/>\nMalheureusement, puisqu&#039;il s&#039;agit d&#039;un produit personnalis\u00e9, nous ne pouvons offrir aucun remboursement ou \u00e9change, sauf si l&#039;article est endommag\u00e9 ou si l&#039;article n&#039;a jamais \u00e9t\u00e9 re\u00e7u.<br \/>\n&#8212;&#8212;&#8212;&#8212;&#8212;&#8212;&#8212;&#8212;-<br \/>\n  Nous esp\u00e9rons que vous appr\u00e9cierez ce produit.<br \/>\nN&#039;h\u00e9sitez pas \u00e0 laisser un avis sur l&#039;article\u00a0!<br \/>\nPour toute demande, merci de nous contacter directement par message Etsy ou par email : info[!at]puccha.com<br \/>\n&#8212;&#8212;&#8212;&#8212;&#8212;&#8212;&#8212;&#8212;-<\/p>","protected":false},"excerpt":{"rendered":"<p>Customize your desk with a personalized mouse pad that contains the portrait of your furry friend. Premium quality computer gadget available in a large selection of colors and fully customized to your liking. This PC accessory features a drawn portrait of your pet and its name below it. This can be any pet portrait, whatever animal you love the most, and can be customized for dog, cat, horse, hamster owners, and more.<br \/>\nAn eye-catching, unique accent on one&#8217;s desk, besides being personalized this mouse mat is high-quality and offers a consistent, soft, non-slip, and durable surface during your work. With a rubber base and a smooth surface, you will get the job done in no time while having your fur baby next to you. Not just a simple gadget, but makes also a keepsake and even a memorial piece. The cool mouse pad can be used at work, in the office, or even at home, as a great work tool, desk stationery, and even a gaming accessory. Buy it for yourself or gift it. Makes a great gift for pet owners, lovers, for family members, and friends, or to surprise your furry friend.<\/p>","protected":false},"featured_media":2905,"comment_status":"closed","ping_status":"closed","template":"","meta":[],"product_cat":[39],"product_tag":[665,660,656,664,666,667,659,661,662,655,657,658,663],"_links":{"self":[{"href":"https:\/\/puccha.com\/fr\/wp-json\/wp\/v2\/product\/2904"}],"collection":[{"href":"https:\/\/puccha.com\/fr\/wp-json\/wp\/v2\/product"}],"about":[{"href":"https:\/\/puccha.com\/fr\/wp-json\/wp\/v2\/types\/product"}],"replies":[{"embeddable":true,"href":"https:\/\/puccha.com\/fr\/wp-json\/wp\/v2\/comments?post=2904"}],"wp:featuredmedia":[{"embeddable":true,"href":"https:\/\/puccha.com\/fr\/wp-json\/wp\/v2\/media\/2905"}],"wp:attachment":[{"href":"https:\/\/puccha.com\/fr\/wp-json\/wp\/v2\/media?parent=2904"}],"wp:term":[{"taxonomy":"product_cat","embeddable":true,"href":"https:\/\/puccha.com\/fr\/wp-json\/wp\/v2\/product_cat?post=2904"},{"taxonomy":"product_tag","embeddable":true,"href":"https:\/\/puccha.com\/fr\/wp-json\/wp\/v2\/product_tag?post=2904"}],"curies":[{"name":"wp","href":"https:\/\/api.w.org\/{rel}","templated":true}]}}