{"id":2893,"date":"2023-11-20T17:24:14","date_gmt":"2023-11-20T22:24:14","guid":{"rendered":"https:\/\/puccha.com\/product\/custom-dog-cat-mug-from-photo-with-name-personalized-sketch-bunny-hamster-travel-cup-keepsake-memorial-pet-loss-sympathy-gift-for-mom-dad-2\/"},"modified":"2023-11-20T18:42:56","modified_gmt":"2023-11-20T23:42:56","slug":"custom-dog-cat-mug-from-photo-with-name-personalized-sketch-bunny-hamster-travel-cup-keepsake-memorial-pet-loss-sympathy-gift-for-mom-dad-2","status":"publish","type":"product","link":"https:\/\/puccha.com\/fr\/produit\/custom-dog-cat-mug-from-photo-with-name-personalized-sketch-bunny-hamster-travel-cup-keepsake-memorial-pet-loss-sympathy-gift-for-mom-dad-2\/","title":{"rendered":"Tasse personnalis\u00e9e de chat de chien de photo avec le nom, tasse de voyage personnalis\u00e9e de hamster de lapin de croquis, cadeau comm\u00e9moratif de sympathie de perte d&#039;animal de compagnie de souvenir pour papa de maman"},"content":{"rendered":"<p>COMMENT COMMANDER<br \/>\n1- Passez la commande avec le nom de votre animal et choisissez la police que vous souhaitez utiliser.<br \/>\n2- Prenez une photo de face de votre animal dans un endroit suffisamment \u00e9clair\u00e9 de la t\u00eate \u00e0 la poitrine en vous assurant que l&#039;image est en haute r\u00e9solution. Nous recommandons que le museau de votre animal soit tourn\u00e9 vers l&#039;avant et sans accessoires pour un meilleur r\u00e9sultat.<br \/>\n3- T\u00e9l\u00e9chargez la photo de votre animal via Etsy Messages ou envoyez-la-nous par e-mail \u00e0 order[!at]puccha.com.<br \/>\n*** Si vous souhaitez nous envoyer quelques options, nous serons plus qu&#039;heureux de vous aider \u00e0 choisir celle qui, selon nous, s&#039;av\u00e9rera la meilleure ***<br \/>\n4- We will send you the sample within 24 hours after of your purchase before printing your poster and will ask you to confirm if the design satisfies you. The approval window after the final design is 48 hours. We&#8217;ll proceed with preparing your item if we don&#8217;t hear back from you after 48 hours.<br \/>\n5- Veuillez pr\u00e9voir entre 2 et 5 jours apr\u00e8s la confirmation pour que nous puissions pr\u00e9parer et exp\u00e9dier votre article.<br \/>\n\u26a1\ufe0f PRODUCT DESCRIPTION \u26a1\ufe0f * 11 oz (0.33 l).<br \/>\n* White ceramic with colored interior and handle.<br \/>\n* C-handle.<br \/>\n* Eye-catching color contrast.<br \/>\n* Microwave-safe &#8211; The mug can be safely placed in a microwave.<br \/>\n* Dishwasher-safe &#8211; Suitable for dishwasher use.<br \/>\n\u26a0\ufe0f CONSEILS D&#039;ENTRETIEN<br \/>\nClean in dishwasher or wash by hand with warm water and dish soap.<br \/>\n  D\u00c9LAI DE TRAITEMENT ET D&#039;EXP\u00c9DITION<br \/>\nNos articles sont fabriqu\u00e9s sur commande. Veuillez pr\u00e9voir 2 \u00e0 5 jours ouvrables pour la production.<br \/>\nUSA shipping takes up to 3-5 business days.<br \/>\nWorldwide shipping takes up to 10-20 business days.<br \/>\n  POLITIQUE DE RETOUR<br \/>\nMalheureusement, puisqu&#039;il s&#039;agit d&#039;un produit personnalis\u00e9, nous ne pouvons offrir aucun remboursement ou \u00e9change, sauf si l&#039;article est endommag\u00e9 ou si l&#039;article n&#039;a jamais \u00e9t\u00e9 re\u00e7u.<br \/>\n&#8212;&#8212;&#8212;&#8212;&#8212;&#8212;&#8212;&#8212;-<br \/>\n  Nous esp\u00e9rons que vous appr\u00e9cierez ce produit.<br \/>\nN&#039;h\u00e9sitez pas \u00e0 laisser un avis sur l&#039;article\u00a0!<br \/>\nPour toute demande, merci de nous contacter directement par message Etsy ou par email : info[!at]puccha.com<br \/>\n&#8212;&#8212;&#8212;&#8212;&#8212;&#8212;&#8212;&#8212;-<\/p>","protected":false},"excerpt":{"rendered":"<p>\u2728 Start your every morning with a smile by turning your pet photo to a portrait on a mug. Show your love to your pet by drinking coffee in this custom sketch-style mug and reminisce on all the sweet memories you share with your four-legged best friend. You will get one of a kind mug, 11 oz custom-made with a high-quality ceramic material to make as a beautiful keepsake for your pet!<br \/>\nOur personalized pet face coffee mugs can feature the portrait of any pet, may that be a cat, kitten, dog, puppy, bunny, or any other animal that makes them a great gift in memory of your pet, pet birthday, pet loss, pet remembrance, or pet owner.<\/p>","protected":false},"featured_media":2894,"comment_status":"closed","ping_status":"closed","template":"","meta":[],"product_cat":[20],"product_tag":[624,642,638,620,639,627,626,637,635,634,623,633,641],"_links":{"self":[{"href":"https:\/\/puccha.com\/fr\/wp-json\/wp\/v2\/product\/2893"}],"collection":[{"href":"https:\/\/puccha.com\/fr\/wp-json\/wp\/v2\/product"}],"about":[{"href":"https:\/\/puccha.com\/fr\/wp-json\/wp\/v2\/types\/product"}],"replies":[{"embeddable":true,"href":"https:\/\/puccha.com\/fr\/wp-json\/wp\/v2\/comments?post=2893"}],"wp:featuredmedia":[{"embeddable":true,"href":"https:\/\/puccha.com\/fr\/wp-json\/wp\/v2\/media\/2894"}],"wp:attachment":[{"href":"https:\/\/puccha.com\/fr\/wp-json\/wp\/v2\/media?parent=2893"}],"wp:term":[{"taxonomy":"product_cat","embeddable":true,"href":"https:\/\/puccha.com\/fr\/wp-json\/wp\/v2\/product_cat?post=2893"},{"taxonomy":"product_tag","embeddable":true,"href":"https:\/\/puccha.com\/fr\/wp-json\/wp\/v2\/product_tag?post=2893"}],"curies":[{"name":"wp","href":"https:\/\/api.w.org\/{rel}","templated":true}]}}