{"id":2805,"date":"2023-11-20T17:13:11","date_gmt":"2023-11-20T22:13:11","guid":{"rendered":"https:\/\/puccha.com\/product\/custom-christmas-wrapping-paper-with-personalized-name-holiday-festive-xmas-funny-gift-wrapping-paper-sheet-for-friends-family-children-2\/"},"modified":"2023-11-20T18:52:21","modified_gmt":"2023-11-20T23:52:21","slug":"custom-christmas-wrapping-paper-with-personalized-name-holiday-festive-xmas-funny-gift-wrapping-paper-sheet-for-friends-family-children-2","status":"publish","type":"product","link":"https:\/\/puccha.com\/fr\/produit\/custom-christmas-wrapping-paper-with-personalized-name-holiday-festive-xmas-funny-gift-wrapping-paper-sheet-for-friends-family-children-2\/","title":{"rendered":"Papier d&#039;emballage de No\u00ebl personnalis\u00e9 avec nom personnalis\u00e9, feuille de papier d&#039;emballage cadeau dr\u00f4le de No\u00ebl festif pour les amis, la famille et les enfants"},"content":{"rendered":"<p>\u26a1\ufe0f DESCRIPTION DU PRODUIT \u26a1\ufe0f<br \/>\n* Made by using 90 gsm fine art paper, which is perfect for wrapping your gifts.<br \/>\n* Available in two sizes: 30&#8243; \u00d7 36&#8243;and 30&#8243; \u00d7 72&#8243;<br \/>\n* Glossy finish &#8211; printed in high-definition, on thick paper stock.<\/p>\n<p>\u26a0\ufe0f CONSEILS D&#039;ENTRETIEN<br \/>\nUse a soft, clean, and dry cloth to gently brush any dust or dirt off from the center of the product outwards.<\/p>\n<p>  D\u00c9LAI DE TRAITEMENT ET D&#039;EXP\u00c9DITION<br \/>\nNos articles sont fabriqu\u00e9s sur commande. Veuillez pr\u00e9voir 2 \u00e0 5 jours ouvrables pour la production.<br \/>\nL\u2019exp\u00e9dition aux \u00c9tats-Unis prend jusqu\u2019\u00e0 2 \u00e0 5 jours ouvrables.<br \/>\nWorldwide shipping takes up to 10-20 business days.<\/p>\n<p>  POLITIQUE DE RETOUR<br \/>\nMalheureusement, puisqu&#039;il s&#039;agit d&#039;un produit personnalis\u00e9, nous ne pouvons offrir aucun remboursement ou \u00e9change, sauf si l&#039;article est endommag\u00e9 ou si l&#039;article n&#039;a jamais \u00e9t\u00e9 re\u00e7u.<\/p>\n<p>&#8212;&#8212;&#8212;&#8212;&#8212;&#8212;&#8212;&#8212;-<\/p>\n<p>  Nous esp\u00e9rons que vous appr\u00e9cierez ce produit.<br \/>\nN&#039;h\u00e9sitez pas \u00e0 laisser un avis sur l&#039;article\u00a0!<\/p>\n<p>Pour toute demande, merci de nous contacter directement par message Etsy ou par email : info[!at]puccha.com<\/p>\n<p>&#8212;&#8212;&#8212;&#8212;&#8212;&#8212;&#8212;&#8212;-<\/p>","protected":false},"excerpt":{"rendered":"<p>\u2728 Add a touch of personality to your wrapping paper with these custom wrapping papers featuring your family members, friends, or children&#8217;s names. Each roll is great for various small gifts or one-time usage for bigger gifts and is available in 10 different colors. While getting a gift is always a good thing, having a special or noteworthy wrap job is a big piece of the overall presentation. This wrapping paper features edge-to-edge printing on a premium 90 gsm glossy paper for a smooth and clean look, which is perfect for wrapping your gifts.<\/p>","protected":false},"featured_media":2806,"comment_status":"closed","ping_status":"closed","template":"","meta":[],"product_cat":[15],"product_tag":[851,1065,1060,1061,1068,1063,1070,1067,1062,1069,1064,1058,1066],"_links":{"self":[{"href":"https:\/\/puccha.com\/fr\/wp-json\/wp\/v2\/product\/2805"}],"collection":[{"href":"https:\/\/puccha.com\/fr\/wp-json\/wp\/v2\/product"}],"about":[{"href":"https:\/\/puccha.com\/fr\/wp-json\/wp\/v2\/types\/product"}],"replies":[{"embeddable":true,"href":"https:\/\/puccha.com\/fr\/wp-json\/wp\/v2\/comments?post=2805"}],"wp:featuredmedia":[{"embeddable":true,"href":"https:\/\/puccha.com\/fr\/wp-json\/wp\/v2\/media\/2806"}],"wp:attachment":[{"href":"https:\/\/puccha.com\/fr\/wp-json\/wp\/v2\/media?parent=2805"}],"wp:term":[{"taxonomy":"product_cat","embeddable":true,"href":"https:\/\/puccha.com\/fr\/wp-json\/wp\/v2\/product_cat?post=2805"},{"taxonomy":"product_tag","embeddable":true,"href":"https:\/\/puccha.com\/fr\/wp-json\/wp\/v2\/product_tag?post=2805"}],"curies":[{"name":"wp","href":"https:\/\/api.w.org\/{rel}","templated":true}]}}