{"id":2739,"date":"2023-11-20T17:04:40","date_gmt":"2023-11-20T22:04:40","guid":{"rendered":"https:\/\/puccha.com\/product\/pet-photo-personalized-ornament-with-custom-name-dog-cat-bunny-hamster-puppy-fur-baby-christmas-holiday-festive-xmas-gift-decoration-2\/"},"modified":"2023-11-20T18:52:51","modified_gmt":"2023-11-20T23:52:51","slug":"pet-photo-personalized-ornament-with-custom-name-dog-cat-bunny-hamster-puppy-fur-baby-christmas-holiday-festive-xmas-gift-decoration-2","status":"publish","type":"product","link":"https:\/\/puccha.com\/fr\/produit\/pet-photo-personalized-ornament-with-custom-name-dog-cat-bunny-hamster-puppy-fur-baby-christmas-holiday-festive-xmas-gift-decoration-2\/","title":{"rendered":"Ornement personnalis\u00e9 avec photo d\u2019animal de compagnie avec nom personnalis\u00e9, chien chat lapin hamster chiot fourrure b\u00e9b\u00e9 vacances de No\u00ebl d\u00e9coration de cadeau de No\u00ebl festif"},"content":{"rendered":"<p>COMMENT COMMANDER<\/p>\n<p>1- Passez la commande avec le nom de votre animal et choisissez la police que vous souhaitez utiliser.<\/p>\n<p>2- Prenez une photo de face de votre animal dans un endroit suffisamment \u00e9clair\u00e9 de la t\u00eate \u00e0 la poitrine en vous assurant que l&#039;image est en haute r\u00e9solution. Nous recommandons que le museau de votre animal soit tourn\u00e9 vers l&#039;avant et sans accessoires pour un meilleur r\u00e9sultat.<\/p>\n<p>3- T\u00e9l\u00e9chargez la photo de votre animal via Etsy Messages ou envoyez-la-nous par e-mail \u00e0 order[!at]puccha.com.<\/p>\n<p>*** Si vous souhaitez nous envoyer quelques options, nous serons plus qu&#039;heureux de vous aider \u00e0 choisir celle qui, selon nous, s&#039;av\u00e9rera la meilleure ***<\/p>\n<p>4- We will send you the sample within 24 hours after of your purchase before printing your poster and will ask you to confirm if the design satisfies you. The approval window after the final design is 48 hours. We&#8217;ll proceed with preparing your item if we don&#8217;t hear back from you after 48 hours.<\/p>\n<p>5- Veuillez pr\u00e9voir entre 2 et 5 jours apr\u00e8s la confirmation pour que nous puissions pr\u00e9parer et exp\u00e9dier votre article.<\/p>\n<p>\u26a1\ufe0f DESCRIPTION DU PRODUIT \u26a1\ufe0f<\/p>\n<p>* Ceramic.<br \/>\n* Solid one-piece construction &#8211; No glued or &#8220;sandwiched&#8221; materials to wear out or fall apart.<br \/>\n* 0.125&#8243; (3mm) thick high-quality porcelain.<br \/>\n* One-sided print.<br \/>\n* Hole for the hanging string.<br \/>\n* Gold-toned string included.<br \/>\n* The height of the hole can slightly deviate.<br \/>\n* Each pack contains a single ornament.<\/p>\n<p>  SIZING<br \/>\n* 2.76&#8243; (W) x 2.76&#8243; (H) x 0.12&#8243; (D)<\/p>\n<p>\u26a0\ufe0f CONSEILS D&#039;ENTRETIEN<br \/>\nWipe the dust off gently with a clean, dry microfiber cloth. <\/p>\n<p>  D\u00c9LAI DE TRAITEMENT ET D&#039;EXP\u00c9DITION<br \/>\nNos articles sont fabriqu\u00e9s sur commande. Veuillez pr\u00e9voir 2 \u00e0 5 jours ouvrables pour la production.<br \/>\nL\u2019exp\u00e9dition aux \u00c9tats-Unis prend jusqu\u2019\u00e0 2 \u00e0 5 jours ouvrables.<br \/>\nWorldwide shipping takes up to 10-20 business days.<\/p>\n<p>  POLITIQUE DE RETOUR<br \/>\nMalheureusement, puisqu&#039;il s&#039;agit d&#039;un produit personnalis\u00e9, nous ne pouvons offrir aucun remboursement ou \u00e9change, sauf si l&#039;article est endommag\u00e9 ou si l&#039;article n&#039;a jamais \u00e9t\u00e9 re\u00e7u.<\/p>\n<p>&#8212;&#8212;&#8212;&#8212;&#8212;&#8212;&#8212;&#8212;-<\/p>\n<p>  Nous esp\u00e9rons que vous appr\u00e9cierez ce produit.<br \/>\nN&#039;h\u00e9sitez pas \u00e0 laisser un avis sur l&#039;article\u00a0!<\/p>\n<p>Pour toute demande, merci de nous contacter directement par message Etsy ou par email : info[!at]puccha.com<\/p>\n<p>&#8212;&#8212;&#8212;&#8212;&#8212;&#8212;&#8212;&#8212;-<\/p>","protected":false},"excerpt":{"rendered":"<p>Give your home a festive touch and express your love for your fur baby with our personalized Christmas ornament. Super cute and fun ornaments entirely customized and personalized. White ceramic design and loop for easy hanging. This festive ornament features your pet&#8217;s portrait and name, and it can be customized with any pet, dog, cat, hamster, and even your favorite animal. The ornament features the portrait of your own furry baby with Santa\u2019s hat.<\/p>\n<p>The ornaments are perfect for gifts, treats, smaller toys, and Christmas goodies for your pets. Use it to add your pet\u2019s Christmas gifts, as a holiday keepsake, or as a memorial piece to always keep for your pet a place in the holiday set up. Although they make the perfect fireplace mantel, they will look as great hung on the Xmas tree, wall, door, or other festive corners of your home.<\/p>\n<p>Its delicate yet adorable sentiments make it the perfect gift for all the animal lovers on your list and can make a great memorial piece that is sure to make its intended wearer smile. Gift it to pet owners, lovers, for family members, and friends, or surprise your furry friend.<\/p>","protected":false},"featured_media":2740,"comment_status":"closed","ping_status":"closed","template":"","meta":[],"product_cat":[15,39],"product_tag":[872,866,867,871,874,873,807,875,811,869,868,870,1052],"_links":{"self":[{"href":"https:\/\/puccha.com\/fr\/wp-json\/wp\/v2\/product\/2739"}],"collection":[{"href":"https:\/\/puccha.com\/fr\/wp-json\/wp\/v2\/product"}],"about":[{"href":"https:\/\/puccha.com\/fr\/wp-json\/wp\/v2\/types\/product"}],"replies":[{"embeddable":true,"href":"https:\/\/puccha.com\/fr\/wp-json\/wp\/v2\/comments?post=2739"}],"wp:featuredmedia":[{"embeddable":true,"href":"https:\/\/puccha.com\/fr\/wp-json\/wp\/v2\/media\/2740"}],"wp:attachment":[{"href":"https:\/\/puccha.com\/fr\/wp-json\/wp\/v2\/media?parent=2739"}],"wp:term":[{"taxonomy":"product_cat","embeddable":true,"href":"https:\/\/puccha.com\/fr\/wp-json\/wp\/v2\/product_cat?post=2739"},{"taxonomy":"product_tag","embeddable":true,"href":"https:\/\/puccha.com\/fr\/wp-json\/wp\/v2\/product_tag?post=2739"}],"curies":[{"name":"wp","href":"https:\/\/api.w.org\/{rel}","templated":true}]}}