{"id":2728,"date":"2023-11-20T17:03:21","date_gmt":"2023-11-20T22:03:21","guid":{"rendered":"https:\/\/puccha.com\/product\/personalized-christmas-stocking-with-pet-photo-and-custom-name-dog-cat-bunny-hamster-puppy-holiday-festive-xmas-fireplace-mantel-decoration-3\/"},"modified":"2023-11-20T18:52:56","modified_gmt":"2023-11-20T23:52:56","slug":"personalized-christmas-stocking-with-pet-photo-and-custom-name-dog-cat-bunny-hamster-puppy-holiday-festive-xmas-fireplace-mantel-decoration-3","status":"publish","type":"product","link":"https:\/\/puccha.com\/fr\/produit\/personalized-christmas-stocking-with-pet-photo-and-custom-name-dog-cat-bunny-hamster-puppy-holiday-festive-xmas-fireplace-mantel-decoration-3\/","title":{"rendered":"Chaussette de No\u00ebl personnalis\u00e9e avec photo d&#039;animal de compagnie et nom personnalis\u00e9 chien chat lapin hamster chiot vacances festive No\u00ebl chemin\u00e9e d\u00e9coration de chemin\u00e9e"},"content":{"rendered":"<p>\u26a1\ufe0f DESCRIPTION DU PRODUIT \u26a1\ufe0f<br \/>\n* Personalized Christmas stocking.<br \/>\n* Dual-sided print.<br \/>\n* 100% Polyester fleece.<br \/>\n* Size: Cuff Width -> 30cm (11.81\u201d), Cuff to heel -> 44cm (17.32\u201d), Heel to toe -> 42cm (16.54\u201d)<br \/>\n* 3&#8243; twill ribbon hanging loop.<br \/>\n* Spacious &#8211; The stocking is spacious, with the possibility to fit a lot of presents.<br \/>\n* Soft and plush fleece material.<br \/>\n* Attached loop for easy hanging.<\/p>\n<p>  COMMENT COMMANDER<\/p>\n<p>1- Place the order with the name of your pet choose the font that you would like to use.<\/p>\n<p>2- Prenez une photo de face de votre animal dans un endroit suffisamment \u00e9clair\u00e9 de la t\u00eate \u00e0 la poitrine en vous assurant que l&#039;image est en haute r\u00e9solution. Nous recommandons que le museau de votre animal soit tourn\u00e9 vers l&#039;avant et sans accessoires pour un meilleur r\u00e9sultat.<\/p>\n<p>3- T\u00e9l\u00e9chargez la photo de votre animal via Etsy Messages ou envoyez-la-nous par e-mail \u00e0 order[!at]puccha.com.<\/p>\n<p>*** Si vous souhaitez nous envoyer quelques options, nous serons plus qu&#039;heureux de vous aider \u00e0 choisir celle qui, selon nous, s&#039;av\u00e9rera la meilleure ***<\/p>\n<p>4- We will send you the sample within 24 hours after of your purchase before printing your stockings and will ask you to confirm if the design satisfies you. The approval window after the final design is 48 hours. We&#8217;ll proceed with preparing your item if we don&#8217;t hear back from you after 48 hours.<\/p>\n<p>5- Veuillez pr\u00e9voir entre 2 et 5 jours apr\u00e8s la confirmation pour que nous puissions pr\u00e9parer et exp\u00e9dier votre article.<\/p>\n<p>\u26a0\ufe0f CONSEILS D&#039;ENTRETIEN<br \/>\n* Wash the item only cold machine wash with similar colors garments using a gentle cycle.<br \/>\n* Tumble dry on low settings or hang dry.<br \/>\n* Do not bleach or dry clean. <\/p>\n<p>  D\u00c9LAI DE TRAITEMENT ET D&#039;EXP\u00c9DITION<br \/>\nNos articles sont fabriqu\u00e9s sur commande. Veuillez pr\u00e9voir 2 \u00e0 5 jours ouvrables pour la production.<br \/>\nL\u2019exp\u00e9dition aux \u00c9tats-Unis prend jusqu\u2019\u00e0 2 \u00e0 5 jours ouvrables.<br \/>\nCanada shipping takes up to 5-15 business days.<br \/>\nWorldwide shipping takes up to 10-20 business days.<\/p>\n<p>  POLITIQUE DE RETOUR<br \/>\nMalheureusement, puisqu&#039;il s&#039;agit d&#039;un produit personnalis\u00e9, nous ne pouvons offrir aucun remboursement ou \u00e9change, sauf si l&#039;article est endommag\u00e9 ou si l&#039;article n&#039;a jamais \u00e9t\u00e9 re\u00e7u.<\/p>\n<p>&#8212;&#8212;&#8212;&#8212;&#8212;&#8212;&#8212;&#8212;-<\/p>\n<p>  Nous esp\u00e9rons que vous appr\u00e9cierez ce produit.<br \/>\nN&#039;h\u00e9sitez pas \u00e0 laisser un avis sur l&#039;article\u00a0!<\/p>\n<p>Pour toute demande, merci de nous contacter directement par message Etsy ou par email : info[!at]puccha.com<\/p>\n<p>&#8212;&#8212;&#8212;&#8212;&#8212;&#8212;&#8212;&#8212;-<\/p>","protected":false},"excerpt":{"rendered":"<p>Give your home a festive touch and express your love for your fur baby with our personalized Christmas stockings. Super cute and fun stockings entirely customized and personalized. White polyester stockings with different design options and loop for easy hanging. This festive stocking features your pet&#8217;s portrait and name, and it can be customized with any pet, dog, cat, hamster, and even your favorite animal. The stocking features the portrait of your own furry baby with Santa\u2019s hat. <\/p>\n<p>The stockings are perfect for gifts, treats, smaller toys, and Christmas goodies for your pets. Use it to add your pet\u2019s Christmas gifts, as a holiday keepsake, or as a memorial piece to always keep for your pet a place in the holiday set up. Although they make the perfect fireplace mantel, they will look as great hung on the Xmas tree, wall, door, or other festive corners of your home.<\/p>\n<p>Its delicate yet adorable sentiments make it the perfect gift for all the animal lovers on your list and can make a great memorial piece that is sure to make its intended wearer smile. Gift it to pet owners, lovers, for family members, and friends, or surprise your furry friend.<\/p>","protected":false},"featured_media":2729,"comment_status":"closed","ping_status":"closed","template":"","meta":[],"product_cat":[15],"product_tag":[806,800,801,805,810,808,1059,807,812,803,804,802,1058],"_links":{"self":[{"href":"https:\/\/puccha.com\/fr\/wp-json\/wp\/v2\/product\/2728"}],"collection":[{"href":"https:\/\/puccha.com\/fr\/wp-json\/wp\/v2\/product"}],"about":[{"href":"https:\/\/puccha.com\/fr\/wp-json\/wp\/v2\/types\/product"}],"replies":[{"embeddable":true,"href":"https:\/\/puccha.com\/fr\/wp-json\/wp\/v2\/comments?post=2728"}],"wp:featuredmedia":[{"embeddable":true,"href":"https:\/\/puccha.com\/fr\/wp-json\/wp\/v2\/media\/2729"}],"wp:attachment":[{"href":"https:\/\/puccha.com\/fr\/wp-json\/wp\/v2\/media?parent=2728"}],"wp:term":[{"taxonomy":"product_cat","embeddable":true,"href":"https:\/\/puccha.com\/fr\/wp-json\/wp\/v2\/product_cat?post=2728"},{"taxonomy":"product_tag","embeddable":true,"href":"https:\/\/puccha.com\/fr\/wp-json\/wp\/v2\/product_tag?post=2728"}],"curies":[{"name":"wp","href":"https:\/\/api.w.org\/{rel}","templated":true}]}}