{"id":4069,"date":"2023-11-24T05:00:51","date_gmt":"2023-11-24T10:00:51","guid":{"rendered":"https:\/\/puccha.com\/?page_id=4069"},"modified":"2023-11-24T05:30:39","modified_gmt":"2023-11-24T10:30:39","slug":"cookie-policy","status":"publish","type":"page","link":"https:\/\/puccha.com\/fr\/politique-de-cookies\/","title":{"rendered":"Politique en mati\u00e8re de cookies"},"content":{"rendered":"<div id=\"fws_69d04d57d8de6\"  data-column-margin=\"default\" data-midnight=\"dark\"  class=\"wpb_row vc_row-fluid vc_row\"  style=\"padding-top: 0px; padding-bottom: 0px; \"><div class=\"row-bg-wrap\" data-bg-animation=\"none\" data-bg-animation-delay=\"\" data-bg-overlay=\"false\"><div class=\"inner-wrap row-bg-layer\" ><div class=\"row-bg viewport-desktop\"  style=\"\"><\/div><\/div><\/div><div class=\"row_col_wrap_12 col span_12 dark left\">\n\t<div  class=\"vc_col-sm-2 vc_hidden-xs wpb_column column_container vc_column_container col nectar-sticky-column no-extra-padding inherit_tablet inherit_phone\"  data-padding-pos=\"all\" data-has-bg-color=\"false\" data-bg-color=\"\" data-bg-opacity=\"1\" data-animation=\"\" data-delay=\"0\" >\n\t\t<div class=\"vc_column-inner\" >\n\t\t\t<div class=\"wpb_wrapper\">\n\t\t\t\t<div class=\"img-with-aniamtion-wrap\" data-max-width=\"100%\" data-max-width-mobile=\"default\" data-border-radius=\"10px\" data-shadow=\"none\" data-animation=\"none\" >\n      <div class=\"inner\">\n        <div class=\"hover-wrap\"> \n          <div class=\"hover-wrap-inner\">\n            <img loading=\"lazy\" decoding=\"async\" class=\"img-with-animation skip-lazy\" data-delay=\"0\" height=\"512\" width=\"512\" data-animation=\"none\" src=\"https:\/\/puccha.com\/wp-content\/uploads\/2023\/11\/cropped-favicon.png\" alt=\"\" srcset=\"https:\/\/puccha.com\/wp-content\/uploads\/2023\/11\/cropped-favicon.png 512w, https:\/\/puccha.com\/wp-content\/uploads\/2023\/11\/cropped-favicon-300x300.png 300w, https:\/\/puccha.com\/wp-content\/uploads\/2023\/11\/cropped-favicon-150x150.png 150w, https:\/\/puccha.com\/wp-content\/uploads\/2023\/11\/cropped-favicon-140x140.png 140w, https:\/\/puccha.com\/wp-content\/uploads\/2023\/11\/cropped-favicon-100x100.png 100w, https:\/\/puccha.com\/wp-content\/uploads\/2023\/11\/cropped-favicon-500x500.png 500w, https:\/\/puccha.com\/wp-content\/uploads\/2023\/11\/cropped-favicon-350x350.png 350w, https:\/\/puccha.com\/wp-content\/uploads\/2023\/11\/cropped-favicon-270x270.png 270w, https:\/\/puccha.com\/wp-content\/uploads\/2023\/11\/cropped-favicon-192x192.png 192w, https:\/\/puccha.com\/wp-content\/uploads\/2023\/11\/cropped-favicon-180x180.png 180w, https:\/\/puccha.com\/wp-content\/uploads\/2023\/11\/cropped-favicon-32x32.png 32w\" sizes=\"(max-width: 512px) 100vw, 512px\" \/>\n          <\/div>\n        <\/div>\n      <\/div>\n    <\/div>\n\t\t\t<\/div> \n\t\t<\/div>\n\t<\/div> \n\n\t<div  class=\"vc_col-sm-10 wpb_column column_container vc_column_container col padding-2-percent inherit_tablet inherit_phone\"  data-padding-pos=\"all\" data-has-bg-color=\"false\" data-bg-color=\"\" data-bg-opacity=\"1\" data-animation=\"\" data-delay=\"0\" >\n\t\t<div class=\"vc_column-inner\" >\n\t\t\t<div class=\"wpb_wrapper\">\n\t\t\t\t<h1 style=\"font-size: 3vw;color: #592c39;line-height: 1.1;text-align: left\" class=\"vc_custom_heading vc_custom_1700821823989\" >Politique en mati\u00e8re de cookies<\/h1>\n<div class=\"wpb_text_column wpb_content_element\" >\n\t<div class=\"wpb_wrapper\">\n\t\t<p>Puccha respecte vos pr\u00e9occupations en mati\u00e8re de confidentialit\u00e9. Nous obtenons certaines informations par des moyens automatis\u00e9s, tels que les cookies, les journaux du serveur Web, les balises Web et d&#039;autres technologies (collectivement \u00ab\u00a0Cookies\u00a0\u00bb) lorsque vous visitez, acc\u00e9dez ou utilisez notre site Web ou notre site mobile, qui renvoient \u00e0 cette politique en mati\u00e8re de cookies ( collectivement le \u00ab Site \u00bb). Cette politique en mati\u00e8re de cookies explique comment nous utilisons les cookies, leurs finalit\u00e9s et comment vous pouvez les contr\u00f4ler. Notre utilisation de cookies peut impliquer le traitement d&#039;informations personnelles. Pour plus d&#039;informations sur nos pratiques en mati\u00e8re de protection des donn\u00e9es, consultez notre <a href=\"https:\/\/puccha.com\/fr\/politique-de-confidentialite\/\">politique de confidentialit\u00e9<\/a>.<\/p>\n<h4>Que sont les cookies ?<\/h4>\n<p>Un \u00ab cookie \u00bb est un fichier texte que le site Web envoie \u00e0 l&#039;ordinateur d&#039;un visiteur ou \u00e0 un autre appareil connect\u00e9 \u00e0 Internet pour identifier de mani\u00e8re unique le navigateur du visiteur ou pour stocker des informations ou des param\u00e8tres dans le navigateur. Cette technologie nous aide (1) \u00e0 m\u00e9moriser vos informations afin que vous n&#039;ayez pas \u00e0 les saisir \u00e0 nouveau\u00a0; (2) suivre et comprendre comment vous utilisez et interagissez avec le Site\u00a0; (3) adapter le Site \u00e0 vos pr\u00e9f\u00e9rences\u00a0; (4) mesurer la convivialit\u00e9 du Site\u00a0; (5) comprendre l\u2019efficacit\u00e9 de nos communications\u00a0; et (6) g\u00e9rer et am\u00e9liorer autrement le site.<\/p>\n<h4>Quelles informations obtenons-nous gr\u00e2ce aux cookies ?<\/h4>\n<p>Les informations que nous obtenons via les cookies comprennent l&#039;adresse IP de votre appareil, le nom de domaine, les identifiants associ\u00e9s \u00e0 vos appareils, le type et les caract\u00e9ristiques de l&#039;appareil et du syst\u00e8me d&#039;exploitation, les caract\u00e9ristiques du navigateur Web, les pr\u00e9f\u00e9rences linguistiques, les donn\u00e9es de parcours de navigation, vos interactions avec le Site (telles que les pages Web vous visitez, les liens sur lesquels vous cliquez et les fonctionnalit\u00e9s que vous utilisez), les pages qui vous ont conduit ou vous ont renvoy\u00e9 au Site, les dates et heures d&#039;acc\u00e8s au Site et d&#039;autres informations sur votre utilisation du Site.<\/p>\n<h4>Cookies utilis\u00e9s sur notre Site<\/h4>\n<p>Vous trouverez ci-dessous une liste des cookies que nous utilisons sur notre site. Vous pouvez indiquer ci-dessous vos choix concernant l\u2019utilisation des Cookies. Veuillez noter que, selon votre s\u00e9lection, vous ne pourrez peut-\u00eatre pas profiter pleinement du Site ou de nos produits et services.<\/p>\n<p><strong>Cookies essentiels<\/strong><\/p>\n<p>Ces Cookies sont indispensables pour utiliser et naviguer sur notre Site. Les cookies essentiels nous aident \u00e0 collecter des informations, telles que votre identifiant de session et d&#039;autres informations sur le serveur, qui nous permettent d&#039;authentifier les utilisateurs. Les cookies essentiels sont supprim\u00e9s lorsque vous terminez votre session de navigation ou peu de temps apr\u00e8s.<\/p>\n<p><strong>Cookies fonctionnels<\/strong><\/p>\n<p>Ces cookies collectent des informations sur vos choix ou m\u00e9morisent vos pr\u00e9f\u00e9rences afin que nous puissions vous montrer un contenu pertinent. Ils nous permettent d&#039;identifier votre localisation et de m\u00e9moriser votre langue lors d&#039;une session de navigation et de personnaliser le Site auquel vous avez acc\u00e9d\u00e9. Ces Cookies sont supprim\u00e9s lorsque vous terminez votre session de navigation.<\/p>\n<p><strong>Cookies d&#039;analyse<\/strong><\/p>\n<p>Nous utilisons des cookies d&#039;analyse pour collecter des informations sur la fa\u00e7on dont les utilisateurs naviguent et utilisent notre site, telles que la mani\u00e8re dont les utilisateurs parcourent notre site, les pages qu&#039;ils consultent, la dur\u00e9e pendant laquelle ils restent sur une page et si la page s&#039;affiche correctement ou si des erreurs se produisent. Ces cookies nous aident \u00e0 am\u00e9liorer les performances de notre site et \u00e0 rendre le site plus convivial. Certains de ces cookies sont des cookies persistants qui restent sur votre ordinateur ou autre appareil connect\u00e9 \u00e0 Internet pendant un certain temps apr\u00e8s la fin de votre session de navigation, \u00e0 moins que vous ne les supprimiez. Ces cookies sont fournis par des fournisseurs d&#039;analyse tiers, notamment Google Analytics. Pour plus d&#039;informations sur les cookies de ces fournisseurs tiers, veuillez cliquer sur les liens ci-dessous :<br \/>\n<a href=\"https:\/\/support.google.com\/analytics\/answer\/6004245\" target=\"_blank\" rel=\"noopener\">Google Analytics<\/a><\/p>\n<h4>Cookies tiers<\/h4>\n<p>Dans certaines circonstances, nous travaillons avec des tiers pour fournir certains services \u00e0 nos utilisateurs tels que des fonctionnalit\u00e9s suppl\u00e9mentaires (notamment la possibilit\u00e9 de voir des vid\u00e9os sur notre Site) et de se connecter \u00e0 certains r\u00e9seaux sociaux. Ces tiers utilisent des Cookies pour collecter des informations sur notre Site, notamment via des plug-ins et des widgets. Certains de ces Cookies sont des Cookies persistants qui restent sur votre ordinateur ou autre appareil connect\u00e9 \u00e0 Internet pendant un certain temps apr\u00e8s la fin de votre session de navigation, \u00e0 moins que vous ne les supprimiez.<br \/>\nLes pratiques de confidentialit\u00e9 de ces tiers, notamment Facebook, Instagram et LinkedIn, sont soumises aux d\u00e9clarations de confidentialit\u00e9 de ces tiers, disponibles ici\u00a0:<br \/>\n<strong>&#8211;<\/strong> <a href=\"https:\/\/www.facebook.com\/full_data_use_policy\" target=\"_blank\" rel=\"noopener\">Facebook<\/a><br \/>\n<strong>&#8211; <\/strong><a href=\"https:\/\/help.instagram.com\/519522125107875\" target=\"_blank\" rel=\"noopener\">Instagram<\/a><br \/>\n<strong>&#8211; <\/strong><a href=\"https:\/\/www.linkedin.com\/legal\/privacy-policy\" target=\"_blank\" rel=\"noopener\">LinkedIn<\/a><\/p>\n<h4>Vos choix<\/h4>\n<p>Vous pouvez indiquer votre choix concernant l&#039;utilisation des Cookies. Veuillez noter que, selon votre s\u00e9lection, vous ne pourrez peut-\u00eatre pas profiter pleinement du Site ou de nos produits et services. Vous pouvez emp\u00eacher le t\u00e9l\u00e9chargement de cookies sur votre ordinateur en s\u00e9lectionnant les param\u00e8tres appropri\u00e9s sur votre navigateur Web. La plupart des navigateurs Web vous indiqueront comment cesser d&#039;accepter de nouveaux cookies, comment \u00eatre averti lorsque vous recevez un nouveau cookie et comment d\u00e9sactiver les cookies existants. Sur Microsoft Internet Explorer, cela peut \u00eatre fait en s\u00e9lectionnant \u00ab Outils\/Options Internet \u00bb et en v\u00e9rifiant vos param\u00e8tres de confidentialit\u00e9 ou en s\u00e9lectionnant \u00ab Supprimer les cookies \u00bb. Vous pouvez d\u00e9couvrir comment proc\u00e9der pour votre navigateur particulier en cliquant sur \u00ab aide \u00bb dans le menu de votre navigateur ou en visitant www.allaboutcookies.org. Pour les appareils mobiles, vous pouvez g\u00e9rer la fa\u00e7on dont votre appareil et votre navigateur partagent certaines donn\u00e9es de l&#039;appareil en ajustant les param\u00e8tres de confidentialit\u00e9 et de s\u00e9curit\u00e9 sur votre appareil mobile. Veuillez toutefois noter que sans Cookies, vous ne pourrez peut-\u00eatre pas profiter pleinement du Site ou de nos produits ou services.<\/p>\n<h4>Contactez-nous<\/h4>\n<p>Si vous avez des questions concernant cette politique en mati\u00e8re de cookies, veuillez nous contacter par e-mail \u00e0 : info@puccha.com<\/p>\n\t<\/div>\n<\/div>\n\n\n\n\n\t\t\t<\/div> \n\t\t<\/div>\n\t<\/div> \n<\/div><\/div>","protected":false},"excerpt":{"rendered":"Cookie Policy Puccha respects your concerns about privacy. We obtain certain information by automated means, such as cookies, web server logs, web beacons, and other technologies (collectively \u201cCookies\u201d) when you...","protected":false},"author":2,"featured_media":0,"parent":0,"menu_order":0,"comment_status":"closed","ping_status":"closed","template":"","meta":{"footnotes":""},"_links":{"self":[{"href":"https:\/\/puccha.com\/fr\/wp-json\/wp\/v2\/pages\/4069"}],"collection":[{"href":"https:\/\/puccha.com\/fr\/wp-json\/wp\/v2\/pages"}],"about":[{"href":"https:\/\/puccha.com\/fr\/wp-json\/wp\/v2\/types\/page"}],"author":[{"embeddable":true,"href":"https:\/\/puccha.com\/fr\/wp-json\/wp\/v2\/users\/2"}],"replies":[{"embeddable":true,"href":"https:\/\/puccha.com\/fr\/wp-json\/wp\/v2\/comments?post=4069"}],"version-history":[{"count":4,"href":"https:\/\/puccha.com\/fr\/wp-json\/wp\/v2\/pages\/4069\/revisions"}],"predecessor-version":[{"id":4078,"href":"https:\/\/puccha.com\/fr\/wp-json\/wp\/v2\/pages\/4069\/revisions\/4078"}],"wp:attachment":[{"href":"https:\/\/puccha.com\/fr\/wp-json\/wp\/v2\/media?parent=4069"}],"curies":[{"name":"wp","href":"https:\/\/api.w.org\/{rel}","templated":true}]}}