{"id":3,"date":"2023-09-23T11:22:14","date_gmt":"2023-09-23T11:22:14","guid":{"rendered":"https:\/\/puccha.com\/?page_id=3"},"modified":"2023-11-24T05:31:59","modified_gmt":"2023-11-24T10:31:59","slug":"privacy-policy","status":"publish","type":"page","link":"https:\/\/puccha.com\/fr\/politique-de-confidentialite\/","title":{"rendered":"politique de confidentialit\u00e9"},"content":{"rendered":"<div id=\"fws_69d037bc852d5\"  data-column-margin=\"default\" data-midnight=\"dark\" data-top-percent=\"3%\" data-bottom-percent=\"8%\"  class=\"wpb_row vc_row-fluid vc_row\"  style=\"padding-top: calc(100vw * 0.03); padding-bottom: calc(100vw * 0.08); \"><div class=\"row-bg-wrap\" data-bg-animation=\"none\" data-bg-animation-delay=\"\" data-bg-overlay=\"false\"><div class=\"inner-wrap row-bg-layer\" ><div class=\"row-bg viewport-desktop\"  style=\"\"><\/div><\/div><\/div><div class=\"row_col_wrap_12 col span_12 dark left\">\n\t<div  class=\"vc_col-sm-2 vc_hidden-xs wpb_column column_container vc_column_container col nectar-sticky-column no-extra-padding inherit_tablet inherit_phone\"  data-padding-pos=\"all\" data-has-bg-color=\"false\" data-bg-color=\"\" data-bg-opacity=\"1\" data-animation=\"\" data-delay=\"0\" >\n\t\t<div class=\"vc_column-inner\" >\n\t\t\t<div class=\"wpb_wrapper\">\n\t\t\t\t<div class=\"img-with-aniamtion-wrap\" data-max-width=\"100%\" data-max-width-mobile=\"default\" data-border-radius=\"10px\" data-shadow=\"small_depth\" data-animation=\"none\" >\n      <div class=\"inner\">\n        <div class=\"hover-wrap\"> \n          <div class=\"hover-wrap-inner\">\n            <img loading=\"lazy\" decoding=\"async\" class=\"img-with-animation skip-lazy\" data-delay=\"0\" height=\"512\" width=\"512\" data-animation=\"none\" src=\"https:\/\/puccha.com\/wp-content\/uploads\/2023\/11\/cropped-favicon.png\" alt=\"\" srcset=\"https:\/\/puccha.com\/wp-content\/uploads\/2023\/11\/cropped-favicon.png 512w, https:\/\/puccha.com\/wp-content\/uploads\/2023\/11\/cropped-favicon-300x300.png 300w, https:\/\/puccha.com\/wp-content\/uploads\/2023\/11\/cropped-favicon-150x150.png 150w, https:\/\/puccha.com\/wp-content\/uploads\/2023\/11\/cropped-favicon-140x140.png 140w, https:\/\/puccha.com\/wp-content\/uploads\/2023\/11\/cropped-favicon-100x100.png 100w, https:\/\/puccha.com\/wp-content\/uploads\/2023\/11\/cropped-favicon-500x500.png 500w, https:\/\/puccha.com\/wp-content\/uploads\/2023\/11\/cropped-favicon-350x350.png 350w, https:\/\/puccha.com\/wp-content\/uploads\/2023\/11\/cropped-favicon-270x270.png 270w, https:\/\/puccha.com\/wp-content\/uploads\/2023\/11\/cropped-favicon-192x192.png 192w, https:\/\/puccha.com\/wp-content\/uploads\/2023\/11\/cropped-favicon-180x180.png 180w, https:\/\/puccha.com\/wp-content\/uploads\/2023\/11\/cropped-favicon-32x32.png 32w\" sizes=\"(max-width: 512px) 100vw, 512px\" \/>\n          <\/div>\n        <\/div>\n      <\/div>\n    <\/div>\n\t\t\t<\/div> \n\t\t<\/div>\n\t<\/div> \n\n\t<div  class=\"vc_col-sm-10 wpb_column column_container vc_column_container col padding-2-percent inherit_tablet inherit_phone\"  data-padding-pos=\"all\" data-has-bg-color=\"false\" data-bg-color=\"\" data-bg-opacity=\"1\" data-animation=\"\" data-delay=\"0\" >\n\t\t<div class=\"vc_column-inner\" >\n\t\t\t<div class=\"wpb_wrapper\">\n\t\t\t\t<h1 style=\"font-size: 3vw;color: #592c39;line-height: 1.1;text-align: left\" class=\"vc_custom_heading vc_custom_1700821910200\" >politique de confidentialit\u00e9<\/h1>\n<div class=\"wpb_text_column wpb_content_element\" >\n\t<div class=\"wpb_wrapper\">\n\t\t<p>Cette politique de confidentialit\u00e9 (\u00ab Politique de confidentialit\u00e9 \u00bb) d\u00e9crit les types d&#039;informations personnelles que nous collectons sur les individus sur www.puccha.com (le \u00ab Site \u00bb), comment nous pouvons utiliser ces informations, avec qui nous pouvons les partager, vos droits et les choix disponibles concernant notre utilisation des informations. La politique de confidentialit\u00e9 d\u00e9crit \u00e9galement les mesures que nous prenons pour prot\u00e9ger les informations personnelles, la dur\u00e9e pendant laquelle nous les conservons et la mani\u00e8re dont les individus peuvent nous contacter au sujet de nos pratiques de confidentialit\u00e9 et exercer leurs droits.<\/p>\n<h4>Informations que nous obtenons<\/h4>\n<p>Dans le cadre de votre utilisation du Site, vous nous fournissez des informations personnelles de diverses mani\u00e8res. Les types d&#039;informations personnelles que nous obtenons incluent les informations personnelles contenues dans le contenu que vous soumettez, par exemple lorsque vous nous envoyez un e-mail en cliquant sur les hyperliens de l&#039;adresse e-mail Puccha sur le Site. Vous n&#039;\u00eates pas tenu de fournir ces informations mais, si vous choisissez de ne pas le faire, nous pourrions ne pas \u00eatre en mesure de vous proposer certains de nos services et fonctionnalit\u00e9s du Site.<\/p>\n<h4>Comment utilisons-nous les informations que nous obtenons ?<\/h4>\n<p>Nous utilisons les informations que nous obtenons sur le Site sur la base de nos int\u00e9r\u00eats l\u00e9gitimes, que nous serions heureux de d\u00e9crire plus en d\u00e9tail sur demande, notamment pour\u00a0:<\/p>\n<ul class=\"cresa_list_item\">\n<li><i class=\"ion ion-ios-checkmark\"><\/i>Vous proposer nos services,<\/li>\n<li><i class=\"ion ion-ios-checkmark\"><\/i>Commercialisez nos services aupr\u00e8s de vous,<\/li>\n<li><i class=\"ion ion-ios-checkmark\"><\/i>R\u00e9pondre \u00e0 vos demandes et demandes,<\/li>\n<li><i class=\"ion ion-ios-checkmark\"><\/i>Vous envoyer des newsletters et autres communications si vous vous inscrivez pour les recevoir,<\/li>\n<li><i class=\"ion ion-ios-checkmark\"><\/i>G\u00e9rer, \u00e9valuer et am\u00e9liorer notre entreprise (y compris le d\u00e9veloppement de nouveaux services\u00a0; l&#039;am\u00e9lioration et l&#039;am\u00e9lioration de nos services\u00a0; la gestion de nos communications\u00a0; et l&#039;ex\u00e9cution de la comptabilit\u00e9, de l&#039;audit et d&#039;autres fonctions internes),<\/li>\n<li><i class=\"ion ion-ios-checkmark\"><\/i>Prot\u00e9ger, identifier et pr\u00e9venir la fraude et autres activit\u00e9s criminelles, r\u00e9clamations et autres responsabilit\u00e9s.<\/li>\n<\/ul>\n<p>Nous pouvons \u00e9galement utiliser les informations personnelles que nous obtenons sur le Site pour analyser nos services, personnaliser votre exp\u00e9rience sur le Site et effectuer des analyses de donn\u00e9es et des \u00e9tudes de march\u00e9. Comme l&#039;exige la loi applicable, nous obtiendrons votre consentement pour traiter les informations personnelles \u00e0 ces fins. Nous pouvons \u00e9galement utiliser les informations que nous obtenons d&#039;autres mani\u00e8res pour lesquelles nous fournissons un avis sp\u00e9cifique au moment de la collecte.<\/p>\n<h4>Collecte automatis\u00e9e de donn\u00e9es<\/h4>\n<p>Lorsque vous utilisez le Site, nous obtenons certaines informations par des moyens automatis\u00e9s, tels que les cookies du navigateur et les balises pixel. Les informations que nous obtenons de cette mani\u00e8re comprennent l&#039;adresse IP de votre appareil, le nom de domaine, les identifiants associ\u00e9s \u00e0 vos appareils, le type et les caract\u00e9ristiques de l&#039;appareil et du syst\u00e8me d&#039;exploitation, les caract\u00e9ristiques du navigateur Web, les pr\u00e9f\u00e9rences linguistiques, les donn\u00e9es de parcours de navigation, vos interactions avec le Site (comme le Web les pages que vous visitez, les liens sur lesquels vous cliquez et les fonctionnalit\u00e9s que vous utilisez), les pages qui vous ont conduit ou vous ont renvoy\u00e9 au Site, les dates et heures d&#039;acc\u00e8s au Site et d&#039;autres informations sur votre utilisation du Site.<\/p>\n<p>Un \u00ab cookie \u00bb est un fichier texte que les sites Web envoient \u00e0 l&#039;ordinateur d&#039;un visiteur ou \u00e0 un autre appareil connect\u00e9 \u00e0 Internet pour identifier de mani\u00e8re unique le navigateur du visiteur ou pour stocker des informations ou des param\u00e8tres dans le navigateur. Cette technologie nous aide (1) \u00e0 m\u00e9moriser vos informations afin que vous n&#039;ayez pas \u00e0 les saisir \u00e0 nouveau\u00a0; (2) suivre et comprendre comment vous utilisez et interagissez avec le Site\u00a0; (3) adapter le Site \u00e0 vos pr\u00e9f\u00e9rences\u00a0; (4) mesurer la convivialit\u00e9 du Site\u00a0; (5) comprendre l\u2019efficacit\u00e9 de nos communications\u00a0; et (6) g\u00e9rer et am\u00e9liorer autrement le site.<\/p>\n<p>Dans la mesure requise par la loi applicable, nous obtiendrons votre consentement avant de placer des cookies non essentiels ou des technologies similaires sur votre ordinateur. Vous pouvez emp\u00eacher le t\u00e9l\u00e9chargement de certains types de cookies sur votre ordinateur en s\u00e9lectionnant les param\u00e8tres appropri\u00e9s sur votre navigateur Web. La plupart des navigateurs Web vous indiqueront comment cesser d&#039;accepter de nouveaux cookies de navigateur, comment \u00eatre averti lorsque vous recevez un nouveau cookie de navigateur et comment d\u00e9sactiver les cookies existants. Vous pouvez d\u00e9couvrir comment proc\u00e9der pour votre navigateur particulier en cliquant sur \u00ab aide \u00bb dans le menu de votre navigateur ou en visitant www.allaboutcookies.org. Le Site n&#039;est pas con\u00e7u pour r\u00e9pondre aux signaux \u00ab Ne pas suivre \u00bb re\u00e7us des navigateurs. Veuillez noter que, sans cookies ou autres outils automatis\u00e9s, vous ne pourrez peut-\u00eatre pas utiliser toutes les fonctionnalit\u00e9s du Site. Pour en savoir plus sur l&#039;utilisation des cookies et sur la mani\u00e8re dont vous pouvez g\u00e9rer vos pr\u00e9f\u00e9rences en mati\u00e8re de cookies, veuillez consulter notre Politique en mati\u00e8re de cookies.<\/p>\n<p>Nous n&#039;obtenons pas d&#039;informations personnelles sur vos activit\u00e9s en ligne au fil du temps ou sur des sites Web, appareils ou autres services en ligne tiers. Sur le Site, nous utilisons des services d&#039;analyse en ligne tiers, tels que ceux de Google Analytics. Dans la mesure requise par la loi applicable, nous obtiendrons votre consentement avant d&#039;utiliser des cookies d&#039;analyse tiers. Les fournisseurs de services qui administrent ces services d&#039;analyse utilisent des technologies automatis\u00e9es pour collecter des donn\u00e9es (telles que l&#039;adresse e-mail, les adresses IP, les cookies et autres identifiants d&#039;appareil) afin d&#039;\u00e9valuer, par exemple, l&#039;utilisation du Site et de diagnostiquer des probl\u00e8mes techniques. Pour en savoir plus sur Google Analytics et comment g\u00e9rer vos pr\u00e9f\u00e9rences, veuillez visiter\u00a0<a href=\"https:\/\/support.google.com\/analytics\/answer\/6004245\" target=\"_blank\" rel=\"noopener\">https:\/\/support.google.com\/analytics\/answer\/6004245<\/a>.<\/p>\n<h4>Partage d&#039;information<\/h4>\n<p>Nous ne divulguons pas les informations personnelles que nous obtenons sur vous, sauf dans les cas d\u00e9crits dans la pr\u00e9sente politique de confidentialit\u00e9. Nous partageons vos informations personnelles avec nos (1) filiales et soci\u00e9t\u00e9s affili\u00e9es et (2) prestataires de services qui fournissent des services en notre nom, y compris les fournisseurs d&#039;analyse de donn\u00e9es, aux fins d\u00e9crites dans la pr\u00e9sente politique de confidentialit\u00e9. Nous n&#039;autorisons pas nos prestataires de services \u00e0 utiliser ou \u00e0 divulguer les informations, sauf si cela est n\u00e9cessaire pour ex\u00e9cuter des services en notre nom ou pour se conformer aux exigences l\u00e9gales.<\/p>\n<p>Nous pouvons \u00e9galement divulguer des informations vous concernant (1) si nous y sommes tenus par la loi ou une proc\u00e9dure judiciaire (telle qu&#039;une ordonnance d&#039;un tribunal ou une assignation \u00e0 compara\u00eetre) ; (2) en r\u00e9ponse aux demandes des agences gouvernementales, telles que les autorit\u00e9s charg\u00e9es de l&#039;application de la loi\u00a0; (3) pour \u00e9tablir, exercer ou d\u00e9fendre nos droits l\u00e9gaux\u00a0; (4) lorsque nous pensons que la divulgation est n\u00e9cessaire ou appropri\u00e9e pour pr\u00e9venir un pr\u00e9judice physique ou autre ou une perte financi\u00e8re\u00a0; (5) dans le cadre d\u2019une enqu\u00eate sur une activit\u00e9 ill\u00e9gale pr\u00e9sum\u00e9e ou r\u00e9elle\u00a0; (6) dans le cas o\u00f9 nous vendons ou transf\u00e9rons tout ou partie de notre entreprise ou de nos actifs (y compris en cas de r\u00e9organisation, dissolution ou liquidation) ; ou (7) autrement avec votre consentement.<\/p>\n<h4>Transferts de donn\u00e9es<\/h4>\n<p>Nous transf\u00e9rons les informations personnelles que nous collectons \u00e0 votre sujet \u00e0 des prestataires de services tiers dans des pays autres que celui dans lequel les informations ont \u00e9t\u00e9 initialement collect\u00e9es, y compris les \u00c9tats-Unis. Ces pays peuvent ne pas avoir les m\u00eames lois sur la protection des donn\u00e9es que le pays dans lequel vous avez initialement fourni l&#039;information. Lorsque nous transf\u00e9rons vos informations \u00e0 des destinataires dans ces pays, nous prot\u00e9gerons ces informations comme d\u00e9crit dans la pr\u00e9sente Politique de confidentialit\u00e9 et nous conformerons aux exigences l\u00e9gales applicables pour fournir une protection ad\u00e9quate pour le transfert d&#039;informations personnelles \u00e0 des destinataires dans des pays autres que celui dans lequel vous a fourni les informations.<\/p>\n<h4>Vos droits et choix<\/h4>\n<p>Nous vous proposons certains choix en lien avec les informations personnelles que nous obtenons \u00e0 votre sujet. Pour mettre \u00e0 jour vos pr\u00e9f\u00e9rences, mettre \u00e0 jour ou corriger vos informations, limiter les communications que vous recevez de notre part ou soumettre une demande, veuillez nous contacter comme sp\u00e9cifi\u00e9 dans la section Comment nous contacter de la pr\u00e9sente politique de confidentialit\u00e9. Vous pouvez \u00e9galement vous d\u00e9sinscrire de nos listes de diffusion marketing en suivant le lien \u00ab Se d\u00e9sabonner \u00bb dans nos e-mails.<\/p>\n<p>Dans la mesure pr\u00e9vue par la loi applicable, vous avez le droit de (1) demander l&#039;acc\u00e8s aux informations personnelles que nous conservons \u00e0 votre sujet\u00a0; (2) demander que nous mettions \u00e0 jour, corrigeons, modifions, effa\u00e7ons ou restreignons les informations\u00a0; ou (3) exercer votre droit \u00e0 la portabilit\u00e9 des donn\u00e9es, en nous contactant comme indiqu\u00e9 ci-dessous. En fonction de votre emplacement, vous pouvez avoir le droit de d\u00e9poser une plainte aupr\u00e8s d&#039;un organisme de r\u00e9glementation gouvernemental si vous n&#039;\u00eates pas satisfait de notre r\u00e9ponse. Si vous r\u00e9sidez dans l&#039;EEE et n&#039;\u00eates pas satisfait de nos r\u00e9ponses, vous pouvez d\u00e9poser une plainte aupr\u00e8s de l&#039;autorit\u00e9 de protection des donn\u00e9es de votre pays de r\u00e9sidence, de votre lieu de travail ou du lieu de la pr\u00e9tendue violation du RGPD. Lorsque la loi le pr\u00e9voit, vous pouvez retirer tout consentement que vous nous avez pr\u00e9c\u00e9demment fourni ou vous opposer \u00e0 tout moment au traitement de vos informations personnelles pour des motifs l\u00e9gitimes li\u00e9s \u00e0 votre situation particuli\u00e8re, et nous appliquerons vos pr\u00e9f\u00e9rences \u00e0 l&#039;avenir. Pour vous aider \u00e0 prot\u00e9ger votre vie priv\u00e9e et \u00e0 maintenir la s\u00e9curit\u00e9, nous pouvons prendre des mesures pour v\u00e9rifier votre identit\u00e9 avant de vous accorder l&#039;acc\u00e8s \u00e0 vos informations. Dans la mesure permise par la loi applicable, des frais peuvent s&#039;appliquer avant que nous vous fournissions une copie de vos informations personnelles que nous conservons.<\/p>\n<h4>Autres services en ligne et fonctionnalit\u00e9s tierces<\/h4>\n<p>Le Site peut fournir des liens vers d&#039;autres services et sites Web en ligne pour votre commodit\u00e9 et votre information (par exemple, boutons Facebook, Vimeo Instagram, LinkedIn et Twitter). Ces services, sites Web et fonctionnalit\u00e9s tierces peuvent fonctionner ind\u00e9pendamment de nous. Les pratiques de confidentialit\u00e9 de ces tiers, y compris les d\u00e9tails sur les informations qu&#039;ils peuvent collecter \u00e0 votre sujet, sont soumises aux d\u00e9clarations de confidentialit\u00e9 de ces tiers, que nous vous sugg\u00e9rons fortement de consulter. Dans la mesure o\u00f9 les services en ligne li\u00e9s ou les fonctionnalit\u00e9s tierces ne nous appartiennent pas ou ne sont pas contr\u00f4l\u00e9s par nous, Puccha n&#039;est pas responsable des pratiques d&#039;information de ces tiers.<\/p>\n<h4>Conservation des informations personnelles<\/h4>\n<p>Dans la mesure permise par la loi applicable, nous conservons les informations personnelles que nous obtenons sur vous pendant la dur\u00e9e de notre relation avec vous, plus une p\u00e9riode raisonnable pour pouvoir ex\u00e9cuter des routines de suppression r\u00e9guli\u00e8res, pour prendre en compte le d\u00e9lai de prescription applicable ou pour se conformer \u00e0 la loi imp\u00e9rative applicable.<\/p>\n<h4>Comment prot\u00e9geons-nous les informations personnelles ?<\/h4>\n<p>Nous maintenons des mesures de protection administratives, techniques et physiques con\u00e7ues pour prot\u00e9ger les informations personnelles que nous obtenons via le site contre la destruction, la perte, l&#039;alt\u00e9ration, l&#039;acc\u00e8s, la divulgation ou l&#039;utilisation accidentels, ill\u00e9gaux ou non autoris\u00e9s.<\/p>\n<h4>Comment nous contacter?<\/h4>\n<p>Pour mettre \u00e0 jour vos pr\u00e9f\u00e9rences, mettre \u00e0 jour ou corriger vos informations, soumettre une demande, nous poser des questions sur cette politique de confidentialit\u00e9 ou exercer d&#039;autres droits de confidentialit\u00e9 applicables, veuillez nous contacter par e-mail \u00e0 info@puccha.com.<\/p>\n\t<\/div>\n<\/div>\n\n\n\n\n\t\t\t<\/div> \n\t\t<\/div>\n\t<\/div> \n<\/div><\/div>","protected":false},"excerpt":{"rendered":"Privacy Policy This privacy policy (\u201cPrivacy Policy\u201d) describes the types of personal information we collect about individuals on www.puccha.com (the \u201cSite\u201d), how we may use the information, with whom we...","protected":false},"author":1,"featured_media":0,"parent":0,"menu_order":0,"comment_status":"closed","ping_status":"open","template":"","meta":{"footnotes":""},"_links":{"self":[{"href":"https:\/\/puccha.com\/fr\/wp-json\/wp\/v2\/pages\/3"}],"collection":[{"href":"https:\/\/puccha.com\/fr\/wp-json\/wp\/v2\/pages"}],"about":[{"href":"https:\/\/puccha.com\/fr\/wp-json\/wp\/v2\/types\/page"}],"author":[{"embeddable":true,"href":"https:\/\/puccha.com\/fr\/wp-json\/wp\/v2\/users\/1"}],"replies":[{"embeddable":true,"href":"https:\/\/puccha.com\/fr\/wp-json\/wp\/v2\/comments?post=3"}],"version-history":[{"count":7,"href":"https:\/\/puccha.com\/fr\/wp-json\/wp\/v2\/pages\/3\/revisions"}],"predecessor-version":[{"id":4079,"href":"https:\/\/puccha.com\/fr\/wp-json\/wp\/v2\/pages\/3\/revisions\/4079"}],"wp:attachment":[{"href":"https:\/\/puccha.com\/fr\/wp-json\/wp\/v2\/media?parent=3"}],"curies":[{"name":"wp","href":"https:\/\/api.w.org\/{rel}","templated":true}]}}