{"id":3761,"date":"2023-11-20T19:29:58","date_gmt":"2023-11-21T00:29:58","guid":{"rendered":"https:\/\/puccha.com\/product\/personalized-blanket-with-pet-portrait-and-name-dog-puppy-cat-bunny-flannel-throws-for-pet-lover-owner-home-accessory-customized-mom-gift-2\/"},"modified":"2023-11-28T18:07:24","modified_gmt":"2023-11-28T23:07:24","slug":"personalized-pet-portrait-blanket-with-dog-cat-name","status":"publish","type":"product","link":"https:\/\/puccha.com\/de\/produkt\/personalisierte-haustierportraitdecke-mit-hundekatzennamen\/","title":{"rendered":"Personalisierte Haustierportrait-Decke und Name, Hund, Welpe, Katze, Hase, Flanell-\u00dcberw\u00fcrfe f\u00fcr Haustierliebhaber, Wohnaccessoire, individuelles Muttergeschenk"},"content":{"rendered":"<p>\u26a1\ufe0f PRODUKTBESCHREIBUNG \u26a1\ufe0f<\/p>\n<p>Plush Blanket<br \/>\n* 100% Polyester &#8211; This extremely strong and durable synthetic fabric retains its shape and dries quickly.<br \/>\n* Double needle topstitch on all seams &#8211; The product is sewn around the edges with double stitching, making it long-lasting and durable.<br \/>\n* Available in 3 sizes: 30&#8243;\u00d740&#8243; &#8211; 50&#8243;\u00d760&#8243; &#8211; 60&#8243;\u00d780&#8243;<\/p>\n<p>Sherpa Blanket<br \/>\n* 100% Polyester &#8211; This extremely strong and durable synthetic fabric retains its shape and dries quickly.<br \/>\n* Sherpa fleece backside &#8211; A soft, plush material that makes it fluffier and cosier.<br \/>\n* Hemmed edges &#8211; The product is sewn around the edges, making it durable and long-lasting.<br \/>\n* Available in 2 sizes: 50&#8243;\u00d760&#8243; &#8211; 60&#8243;\u00d780&#8243;<\/p>\n<p>WIE MAN BESTELLT<\/p>\n<p>1- Geben Sie bei der Bestellung den Namen Ihres Haustieres ein und w\u00e4hlen Sie die Schriftart aus, die Sie verwenden m\u00f6chten.<\/p>\n<p>2- Machen Sie an einem ausreichend beleuchteten Ort von Kopf bis Brust ein Foto Ihres Haustieres von vorne nach vorne und achten Sie darauf, dass das Bild eine hohe Aufl\u00f6sung hat. F\u00fcr ein besseres Ergebnis empfehlen wir, dass die Schnauze Ihres Haustieres nach vorne zeigt und keine Accessoires vorhanden sind.<br \/>\n*** Multiple pets will be produced in horizontal orientation.<\/p>\n<p>3- Laden Sie das Foto Ihres Haustieres \u00fcber Etsy-Nachrichten hoch oder senden Sie es uns per E-Mail an order[!at]puccha.com.<br \/>\n*** Wenn Sie uns einige Optionen zusenden m\u00f6chten, helfen wir Ihnen gerne bei der Auswahl der Option, die unserer Meinung nach die beste sein wird ***<\/p>\n<p>4- We will send you the sample within 12 hours after of your purchase before printing your pillow and will ask you to confirm if the design satisfies you.<\/p>\n<p>5- Bitte erlauben Sie uns nach der Best\u00e4tigung 2 bis 5 Tage, um Ihren Artikel vorzubereiten und zu versenden.<\/p>\n<p>\u26a0\ufe0f PFLEGEHINWEISE<br \/>\n* Plush Blanket: Do not dry clean; Do not iron; Do not bleach; Machine wash: cold (max 30C or 90F), *hand wash will extend the quality of the product; Tumble dry: low heat.<br \/>\n* Sherpa Blanket: Wash the item only cold machine wash with similar colors garments using a gentle cycle. Tumble dry on low settings or hang dry. Do not bleach or dry clean.<\/p>\n<p>BEARBEITUNGS- UND VERSANDZEIT<br \/>\nUnsere Artikel werden auf Bestellung gefertigt. Bitte rechnen Sie mit einer Produktionszeit von 2\u20135 Werktagen.<br \/>\n* Sherpa Blanket: USA shipping takes up to 2-5 business days. Worldwide shipping takes up to 3-10 business days.<br \/>\n* Plush Blanket: USA shipping takes up to 2-5 business days. Worldwide shipping takes up to 10-25 business days.<\/p>\n<p>R\u00dcCKGABERECHT<br \/>\nDa es sich um ein ma\u00dfgeschneidertes Produkt handelt, k\u00f6nnen wir leider keine R\u00fcckerstattung oder Umtausch anbieten, es sei denn, der Artikel ist besch\u00e4digt oder der Artikel wurde nie erhalten.<\/p>\n<p>&#8212;&#8212;&#8212;&#8212;&#8212;&#8212;&#8212;&#8212;-<\/p>","protected":false},"excerpt":{"rendered":"<p>Style the interior of your home or warm up yourself with a personalized pet portrait blanket. Premium quality, gorgeous plush and sherpa blankets sold in a selection of fun colors. Each blanket is personalized with the portrait, and the face of your beloved animal, you can even add more than one pet. Besides having printed on it the face of your pet you can also add their name, for an ultimate heartfelt touch. The personalized blankets can feature the portrait of any pet or animal, may that be a cat, kitten, dog, puppy, bunny, or any other animal.<\/p>\n<p>Specially designed for pet owners and lovers since they come customized with the face of your own pet. They make a special gift for a pet memorial or pet loss, and to share your sympathy. Alternatively gift it to pet owners, lovers, for family members, and friends, or surprise your furry friends.<\/p>","protected":false},"featured_media":3762,"comment_status":"closed","ping_status":"closed","template":"","meta":[],"product_cat":[24],"product_tag":[1036,1037,669,798,797,1033,694,796,679,1035,1034,1038,1039],"_links":{"self":[{"href":"https:\/\/puccha.com\/de\/wp-json\/wp\/v2\/product\/3761"}],"collection":[{"href":"https:\/\/puccha.com\/de\/wp-json\/wp\/v2\/product"}],"about":[{"href":"https:\/\/puccha.com\/de\/wp-json\/wp\/v2\/types\/product"}],"replies":[{"embeddable":true,"href":"https:\/\/puccha.com\/de\/wp-json\/wp\/v2\/comments?post=3761"}],"wp:featuredmedia":[{"embeddable":true,"href":"https:\/\/puccha.com\/de\/wp-json\/wp\/v2\/media\/3762"}],"wp:attachment":[{"href":"https:\/\/puccha.com\/de\/wp-json\/wp\/v2\/media?parent=3761"}],"wp:term":[{"taxonomy":"product_cat","embeddable":true,"href":"https:\/\/puccha.com\/de\/wp-json\/wp\/v2\/product_cat?post=3761"},{"taxonomy":"product_tag","embeddable":true,"href":"https:\/\/puccha.com\/de\/wp-json\/wp\/v2\/product_tag?post=3761"}],"curies":[{"name":"wp","href":"https:\/\/api.w.org\/{rel}","templated":true}]}}