{"id":3704,"date":"2023-11-20T19:22:30","date_gmt":"2023-11-21T00:22:30","guid":{"rendered":"https:\/\/puccha.com\/product\/pet-portrait-custom-pillow-from-photo-personalized-pillow-case-for-cat-dog-owner-in-memory-of-dog-loss-pet-face-pillow-sympathy-gift-2\/"},"modified":"2023-11-21T02:29:41","modified_gmt":"2023-11-21T07:29:41","slug":"pet-portrait-custom-pillow-from-photo-personalized-pillow-case-for-cat-dog-owner-in-memory-of-dog-loss-pet-face-pillow-sympathy-gift-2","status":"publish","type":"product","link":"https:\/\/puccha.com\/de\/produkt\/pet-portrait-custom-pillow-from-photo-personalized-pillow-case-for-cat-dog-owner-in-memory-of-dog-loss-pet-face-pillow-sympathy-gift-2\/","title":{"rendered":"Personalisiertes Haustierportrait-Kissen vom Foto, personalisierter Kissenbezug f\u00fcr Katzen-Hundebesitzer, in Erinnerung an den Hundeverlust, Haustier-Gesichtskissen, Beileidsgeschenk"},"content":{"rendered":"<p>WIE MAN BESTELLT<\/p>\n<p>1- Geben Sie bei der Bestellung den Namen Ihres Haustieres ein und w\u00e4hlen Sie die Schriftart aus, die Sie verwenden m\u00f6chten.<\/p>\n<p>2- Machen Sie an einem ausreichend beleuchteten Ort von Kopf bis Brust ein Foto Ihres Haustieres von vorne nach vorne und achten Sie darauf, dass das Bild eine hohe Aufl\u00f6sung hat. F\u00fcr ein besseres Ergebnis empfehlen wir, dass die Schnauze Ihres Haustieres nach vorne zeigt und keine Accessoires vorhanden sind.<\/p>\n<p>3- Laden Sie das Foto Ihres Haustieres \u00fcber Etsy-Nachrichten hoch oder senden Sie es uns per E-Mail an order[!at]puccha.com.<br \/>\n*** Wenn Sie uns einige Optionen zusenden m\u00f6chten, helfen wir Ihnen gerne bei der Auswahl der Option, die unserer Meinung nach die beste sein wird ***<\/p>\n<p>4- We will send you the sample within 12 hours after of your purchase before printing your pillow and will ask you to confirm if the design satisfies you.<\/p>\n<p>5- Bitte erlauben Sie uns nach der Best\u00e4tigung 2 bis 5 Tage, um Ihren Artikel vorzubereiten und zu versenden.<\/p>\n<p>*** Um mehr als einen Aufdruck auf Ihrem Produkt zu haben, beschreiben Sie Ihre Tierfreunde (Tierart und Name) im Personalisierungsfeld und erwerben Sie beim Kauf dieses Produkts unser \u201eZus\u00e4tzliches Haustier-Add-On\u201c f\u00fcr jedes weitere Haustier der Link unten:<\/p>\n<p>https:\/\/etsy.me\/3KhY68f (Zus\u00e4tzliches Haustier-Add-On)<\/p>\n<p>Zum Beispiel:<br \/>\nWenn Sie Ihre 3 verschiedenen Tierfreunde auf Ihr Produkt drucken lassen m\u00f6chten, m\u00fcssen Sie jede ihrer Arten und Namen in das \u201ePersonalisierungsfeld\u201c schreiben und dann unter \u201eZus\u00e4tzliches Haustier-Add-On\u201c die Menge von 2 ausw\u00e4hlen.<\/p>\n<p>\u26a1\ufe0f PRODUKTBESCHREIBUNG \u26a1\ufe0f<br \/>\n* 100% Spun polyester &#8211; Made from spun polyester threads, it retains its shape, doesn&#8217;t wrinkle, and doesn&#8217;t require ironing.<br \/>\n* Beige plastic zipper with metal head &#8211; The beige zipper will look great together with your design.<br \/>\n* Concealed zipper.<\/p>\n<p>\u26a0\ufe0f PFLEGEHINWEISE<br \/>\nRemove the pillow cover. Pre-treat the stains with soft cloth or bristle brush that had been soaked in warm soapy water. Machine wash, max 40\u00b0C (104\u00b0F), normal cycle. Do not bleach, do not tumble dry, do not dry-clean. Iron, steam, or dry low heat only. Fluff to reshape when assembling it back together.<\/p>\n<p>BEARBEITUNGS- UND VERSANDZEIT<br \/>\nUnsere Artikel werden auf Bestellung gefertigt. Bitte rechnen Sie mit einer Produktionszeit von 2\u20135 Werktagen.<br \/>\nDer Versand in die USA dauert bis zu 2\u20135 Werktage.<br \/>\nWorldwide shipping takes up to 3-10 business days.<\/p>\n<p>R\u00dcCKGABERECHT<br \/>\nDa es sich um ein ma\u00dfgeschneidertes Produkt handelt, k\u00f6nnen wir leider keine R\u00fcckerstattung oder Umtausch anbieten, es sei denn, der Artikel ist besch\u00e4digt oder der Artikel wurde nie erhalten.<\/p>\n<p>&#8212;&#8212;&#8212;&#8212;&#8212;&#8212;&#8212;&#8212;-<\/p>\n<p>Wir hoffen, dass Ihnen dieses Produkt gef\u00e4llt.<br \/>\nBitte hinterlassen Sie gerne eine Artikelbewertung!<\/p>\n<p>Bei Fragen kontaktieren Sie uns bitte direkt per Etsy-Nachricht oder per E-Mail: info[!at]puccha.com<\/p>\n<p>&#8212;&#8212;&#8212;&#8212;&#8212;&#8212;&#8212;&#8212;-<\/p>","protected":false},"excerpt":{"rendered":"<p>\u2728 Enjoy your day with a smile by turning your pet photo to a portrait on a pillow. Show your love to your pet by designing your home with this pet portrait custom pillow and reminisce on all the sweet memories you share with your four-legged best friend. You will get one of a kind pillow, custom-made with a high-quality polyester material to make as a beautiful keepsake for your pet! Our personalized pet face pillows are available with a number of pet choices that makes them a great gift in memory of your pet, pet birthday, pet loss, pet remembrance, or pet owner.<\/p>","protected":false},"featured_media":3705,"comment_status":"closed","ping_status":"closed","template":"","meta":[],"product_cat":[24],"product_tag":[624,969,961,620,730,636,627,626,637,968,791,623,676],"_links":{"self":[{"href":"https:\/\/puccha.com\/de\/wp-json\/wp\/v2\/product\/3704"}],"collection":[{"href":"https:\/\/puccha.com\/de\/wp-json\/wp\/v2\/product"}],"about":[{"href":"https:\/\/puccha.com\/de\/wp-json\/wp\/v2\/types\/product"}],"replies":[{"embeddable":true,"href":"https:\/\/puccha.com\/de\/wp-json\/wp\/v2\/comments?post=3704"}],"wp:featuredmedia":[{"embeddable":true,"href":"https:\/\/puccha.com\/de\/wp-json\/wp\/v2\/media\/3705"}],"wp:attachment":[{"href":"https:\/\/puccha.com\/de\/wp-json\/wp\/v2\/media?parent=3704"}],"wp:term":[{"taxonomy":"product_cat","embeddable":true,"href":"https:\/\/puccha.com\/de\/wp-json\/wp\/v2\/product_cat?post=3704"},{"taxonomy":"product_tag","embeddable":true,"href":"https:\/\/puccha.com\/de\/wp-json\/wp\/v2\/product_tag?post=3704"}],"curies":[{"name":"wp","href":"https:\/\/api.w.org\/{rel}","templated":true}]}}