{"id":3696,"date":"2023-11-20T19:21:26","date_gmt":"2023-11-21T00:21:26","guid":{"rendered":"https:\/\/puccha.com\/product\/beer-glass-with-personalized-pet-portrait-custom-pint-can-glass-tumbler-heartfelt-keepsake-cat-dog-owner-memorial-pet-loss-gift-2\/"},"modified":"2023-11-20T19:40:24","modified_gmt":"2023-11-21T00:40:24","slug":"beer-glass-with-personalized-pet-portrait-custom-pint-can-glass-tumbler-heartfelt-keepsake-cat-dog-owner-memorial-pet-loss-gift-2","status":"publish","type":"product","link":"https:\/\/puccha.com\/de\/produkt\/beer-glass-with-personalized-pet-portrait-custom-pint-can-glass-tumbler-heartfelt-keepsake-cat-dog-owner-memorial-pet-loss-gift-2\/","title":{"rendered":"Bierglas mit personalisiertem Haustierportr\u00e4t, personalisierter Pint-Dosen-Glasbecher, herzliches Andenken f\u00fcr Katzen- und Hundebesitzer, Gedenkgeschenk f\u00fcr den Verlust eines Haustiers"},"content":{"rendered":"<p>WIE MAN BESTELLT<\/p>\n<p>1- Geben Sie bei der Bestellung den Namen Ihres Haustieres ein und w\u00e4hlen Sie die Schriftart aus, die Sie verwenden m\u00f6chten.<\/p>\n<p>2- Machen Sie an einem ausreichend beleuchteten Ort von Kopf bis Brust ein Foto Ihres Haustieres von vorne nach vorne und achten Sie darauf, dass das Bild eine hohe Aufl\u00f6sung hat. F\u00fcr ein besseres Ergebnis empfehlen wir, dass die Schnauze Ihres Haustieres nach vorne zeigt und keine Accessoires vorhanden sind.<\/p>\n<p>3- Laden Sie das Foto Ihres Haustieres \u00fcber Etsy-Nachrichten hoch oder senden Sie es uns per E-Mail an order[!at]puccha.com.<\/p>\n<p>*** Wenn Sie uns einige Optionen zusenden m\u00f6chten, helfen wir Ihnen gerne bei der Auswahl der Option, die unserer Meinung nach die beste sein wird ***<\/p>\n<p>4- Wir senden Ihnen das Muster innerhalb von 8 Stunden nach dem Kauf zu, bevor wir Ihr Pintglas bedrucken, und bitten Sie um eine Best\u00e4tigung, ob das Design Ihren Vorstellungen entspricht.<\/p>\n<p>5- Bitte erlauben Sie uns nach der Best\u00e4tigung 2 bis 5 Tage, um Ihren Artikel vorzubereiten und zu versenden.<\/p>\n<p>\u26a1\ufe0f PRODUKTBESCHREIBUNG \u26a1\ufe0f<br \/>\n* 16oz (0,473 l).<br \/>\n* Material: Klarglas.<br \/>\n* BPA-frei.<br \/>\n* Langlebige Konstruktion.<\/p>\n<p>\u26a0\ufe0f PFLEGEHINWEISE<br \/>\nHandw\u00e4sche nur.<\/p>\n<p>  BEARBEITUNGS- UND VERSANDZEIT<br \/>\nUnsere Artikel werden auf Bestellung gefertigt. Bitte rechnen Sie mit einer Produktionszeit von 2\u20135 Werktagen.<br \/>\nDer Versand in die USA dauert bis zu 2\u20135 Werktage.<br \/>\nDer weltweite Versand dauert bis zu 10\u201315 Werktage.<\/p>\n<p>  R\u00dcCKGABERECHT<br \/>\nDa es sich um ein ma\u00dfgeschneidertes Produkt handelt, k\u00f6nnen wir leider keine R\u00fcckerstattung oder Umtausch anbieten, es sei denn, der Artikel ist besch\u00e4digt oder der Artikel wurde nie erhalten.<\/p>\n<p>&#8212;&#8212;&#8212;&#8212;&#8212;&#8212;&#8212;&#8212;-<\/p>\n<p>  Wir hoffen, dass Ihnen dieses Produkt gef\u00e4llt.<br \/>\nBitte hinterlassen Sie gerne eine Artikelbewertung!<\/p>\n<p>Bei Fragen kontaktieren Sie uns bitte direkt per Etsy-Nachricht oder per E-Mail: info[!at]puccha.com<\/p>\n<p>&#8212;&#8212;&#8212;&#8212;&#8212;&#8212;&#8212;&#8212;-<\/p>","protected":false},"excerpt":{"rendered":"<p>Wenn Sie auf der Suche nach dem perfekten Geschenk f\u00fcr den Bier- und Haustierliebhaber in Ihrem Leben sind, haben wir genau das Richtige f\u00fcr Sie: ein Bierglas mit einem personalisierten Haustierportr\u00e4t. Das klassische Pintglas wird individuell mit dem Portr\u00e4t Ihres eigenen Haustieres geliefert. Wir machen das Foto Ihres Fellbabys und verwandeln es in ein Kunstwerk, das direkt auf dieses Dosenglas gedruckt wird. Egal, ob Sie das Gesicht Ihres Hundes, Ihrer Katze, beider oder eines anderen Tieres oder Haustiers hinzuf\u00fcgen m\u00f6chten, dieser Glasbecher wird mit Sicherheit zu einem herzlichen Andenken.<\/p>\n<p>Dieses Pintglas eignet sich nat\u00fcrlich hervorragend f\u00fcr Bier, eignet sich aber auch perfekt f\u00fcr Eiskaffee, Eistee, Milch, Wasser, Limonaden, Erfrischungsgetr\u00e4nke und leckere Sommergetr\u00e4nke, Smoothies, Milchshakes und vieles mehr. Getr\u00e4nke werden sofort schmackhafter, nur weil Sie das Portr\u00e4t Ihres Haustieres darauf haben.<\/p>\n<p>Speziell f\u00fcr Tierbesitzer und -liebhaber entwickelt, da sie individuell mit dem Gesicht Ihres eigenen Haustieres versehen sind. Sie sind ein besonderes Geschenk zum Gedenken an ein Haustier oder zum Verlust eines Haustiers und um Ihr Mitgef\u00fchl auszudr\u00fccken. Alternativ verschenken Sie es an Haustierbesitzer, Liebhaber, zum Vatertag, f\u00fcr Familienmitglieder und Freunde oder \u00fcberraschen Sie Ihre pelzigen Freunde.<\/p>","protected":false},"featured_media":3697,"comment_status":"closed","ping_status":"closed","template":"","meta":[],"product_cat":[21],"product_tag":[884,891,887,880,886,888,885,889,890,882,879,881,883],"_links":{"self":[{"href":"https:\/\/puccha.com\/de\/wp-json\/wp\/v2\/product\/3696"}],"collection":[{"href":"https:\/\/puccha.com\/de\/wp-json\/wp\/v2\/product"}],"about":[{"href":"https:\/\/puccha.com\/de\/wp-json\/wp\/v2\/types\/product"}],"replies":[{"embeddable":true,"href":"https:\/\/puccha.com\/de\/wp-json\/wp\/v2\/comments?post=3696"}],"wp:featuredmedia":[{"embeddable":true,"href":"https:\/\/puccha.com\/de\/wp-json\/wp\/v2\/media\/3697"}],"wp:attachment":[{"href":"https:\/\/puccha.com\/de\/wp-json\/wp\/v2\/media?parent=3696"}],"wp:term":[{"taxonomy":"product_cat","embeddable":true,"href":"https:\/\/puccha.com\/de\/wp-json\/wp\/v2\/product_cat?post=3696"},{"taxonomy":"product_tag","embeddable":true,"href":"https:\/\/puccha.com\/de\/wp-json\/wp\/v2\/product_tag?post=3696"}],"curies":[{"name":"wp","href":"https:\/\/api.w.org\/{rel}","templated":true}]}}