{"id":3665,"date":"2023-11-20T19:17:15","date_gmt":"2023-11-21T00:17:15","guid":{"rendered":"https:\/\/puccha.com\/product\/personalized-dog-face-v-neck-shirt-with-name-trendy-comfy-summer-walker-custom-shirt-for-cat-pet-mom-dad-shirt-pet-loss-memorable-gift-2\/"},"modified":"2023-11-20T19:40:53","modified_gmt":"2023-11-21T00:40:53","slug":"personalized-dog-face-v-neck-shirt-with-name-trendy-comfy-summer-walker-custom-shirt-for-cat-pet-mom-dad-shirt-pet-loss-memorable-gift-2","status":"publish","type":"product","link":"https:\/\/puccha.com\/de\/produkt\/personalized-dog-face-v-neck-shirt-with-name-trendy-comfy-summer-walker-custom-shirt-for-cat-pet-mom-dad-shirt-pet-loss-memorable-gift-2\/","title":{"rendered":"Personalisiertes Hundegesicht-V-Ausschnitt-Shirt mit Namen, trendiges, bequemes Sommer-Walker-Shirt f\u00fcr Katze, Haustier-Mutter- und -Papa-Shirt, unvergessliches Geschenk zum Verlust eines Haustiers"},"content":{"rendered":"<p>WIE MAN BESTELLT<\/p>\n<p>1- Geben Sie bei der Bestellung den Namen Ihres Haustieres ein und w\u00e4hlen Sie die Schriftart aus, die Sie verwenden m\u00f6chten.<\/p>\n<p>2- Machen Sie an einem ausreichend beleuchteten Ort von Kopf bis Brust ein Foto Ihres Haustieres von vorne nach vorne und achten Sie darauf, dass das Bild eine hohe Aufl\u00f6sung hat. F\u00fcr ein besseres Ergebnis empfehlen wir, dass die Schnauze Ihres Haustieres nach vorne zeigt und keine Accessoires vorhanden sind.<\/p>\n<p>3- Laden Sie das Foto Ihres Haustieres \u00fcber Etsy-Nachrichten hoch oder senden Sie es uns per E-Mail an order[!at]puccha.com.<br \/>\n*** Wenn Sie uns einige Optionen zusenden m\u00f6chten, helfen wir Ihnen gerne bei der Auswahl der Option, die unserer Meinung nach die beste sein wird ***<\/p>\n<p>4- We will send you the sample within 12 hours after of your purchase before printing your phone case and will ask you to confirm if the design satisfies you.<\/p>\n<p>5- Bitte erlauben Sie uns nach der Best\u00e4tigung 2 bis 5 Tage, um Ihren Artikel vorzubereiten und zu versenden.<\/p>\n<p>*** Um mehr als einen Aufdruck auf Ihrem Produkt zu haben, beschreiben Sie Ihre Tierfreunde (Tierart und Name) im Personalisierungsfeld und erwerben Sie beim Kauf dieses Produkts unser \u201eZus\u00e4tzliches Haustier-Add-On\u201c f\u00fcr jedes weitere Haustier der Link unten:<br \/>\n  https:\/\/etsy.me\/3KhY68f (Zus\u00e4tzliches Haustier-Add-On)<br \/>\nZum Beispiel:<br \/>\nWenn Sie Ihre 3 verschiedenen Tierfreunde auf Ihr Produkt drucken lassen m\u00f6chten, m\u00fcssen Sie jede ihrer Arten und Namen in das \u201ePersonalisierungsfeld\u201c schreiben und dann unter \u201eZus\u00e4tzliches Haustier-Add-On\u201c die Menge von 2 ausw\u00e4hlen.<br \/>\n\u26a1\ufe0f PRODUCT DESCIPTION \u26a1\ufe0f * 100% combed ring-spun cotton<br \/>\n* Pre-shrunk fabric<br \/>\n* Regular fit<br \/>\n* Side-seamed construction<br \/>\n* Cover stitched v-neck and hemmed sleeves<br \/>\n* Shoulder-to-shoulder taping<br \/>\n\u26a0\ufe0f CARE INSTRUCTIONS * Machine wash cold, inside-out, gentle cycle with mild detergent and similar colors. Use non-chlorine bleach, only when necessary. No fabric softeners.<br \/>\n* Tumble dry low, or hang-dry for longest life.<br \/>\n* Cool iron inside-out if necessary. Do not iron decoration.<br \/>\n* Do not dry clean.<br \/>\n  SIZING<br \/>\nThis custom product is unisex. Please refer to our size chart in the photos.<br \/>\n  PROCESSING AND SHIPPING TIME Our items are made to order. Please allow 2-5 business days for production and 3-5 business days for shipping.<br \/>\n  R\u00dcCKGABERECHT<br \/>\nDa es sich um ein ma\u00dfgeschneidertes Produkt handelt, k\u00f6nnen wir leider keine R\u00fcckerstattung oder Umtausch anbieten, es sei denn, der Artikel ist besch\u00e4digt oder der Artikel wurde nie erhalten.<br \/>\n&#8212;&#8212;&#8212;&#8212;&#8212;&#8212;&#8212;&#8212;-<br \/>\n  Wir hoffen, dass Ihnen dieses Produkt gef\u00e4llt.<br \/>\nBitte hinterlassen Sie gerne eine Artikelbewertung!<br \/>\nBei Fragen kontaktieren Sie uns bitte direkt per Etsy-Nachricht oder per E-Mail: info[!at]puccha.com<br \/>\n&#8212;&#8212;&#8212;&#8212;&#8212;&#8212;&#8212;&#8212;-<\/p>","protected":false},"excerpt":{"rendered":"<p>\u2728 Enjoy your day with a smile by turning your pet&#8217;s photo to a portrait on a v neck t shirt and reminisce on all the sweet memories you share with your four-legged best friend. You will get one of a kind high-quality shirt, %100 cotton custom-made to make as a beautiful keepsake for your pet! Our personalized pet face v neck shirts are available with a number of pet choices that makes them a great gift in memory of your pet, pet birthday, pet loss, pet remembrance, or pet owner.<\/p>","protected":false},"featured_media":3666,"comment_status":"closed","ping_status":"closed","template":"","meta":[],"product_cat":[18],"product_tag":[766,996,632,764,767,765,997,761,759,998,763,768,995],"_links":{"self":[{"href":"https:\/\/puccha.com\/de\/wp-json\/wp\/v2\/product\/3665"}],"collection":[{"href":"https:\/\/puccha.com\/de\/wp-json\/wp\/v2\/product"}],"about":[{"href":"https:\/\/puccha.com\/de\/wp-json\/wp\/v2\/types\/product"}],"replies":[{"embeddable":true,"href":"https:\/\/puccha.com\/de\/wp-json\/wp\/v2\/comments?post=3665"}],"wp:featuredmedia":[{"embeddable":true,"href":"https:\/\/puccha.com\/de\/wp-json\/wp\/v2\/media\/3666"}],"wp:attachment":[{"href":"https:\/\/puccha.com\/de\/wp-json\/wp\/v2\/media?parent=3665"}],"wp:term":[{"taxonomy":"product_cat","embeddable":true,"href":"https:\/\/puccha.com\/de\/wp-json\/wp\/v2\/product_cat?post=3665"},{"taxonomy":"product_tag","embeddable":true,"href":"https:\/\/puccha.com\/de\/wp-json\/wp\/v2\/product_tag?post=3665"}],"curies":[{"name":"wp","href":"https:\/\/api.w.org\/{rel}","templated":true}]}}