{"id":3654,"date":"2023-11-20T19:15:42","date_gmt":"2023-11-21T00:15:42","guid":{"rendered":"https:\/\/puccha.com\/product\/pet-photo-personalized-christmas-sketch-poster-with-custom-name-dog-cat-bunny-hamster-fur-baby-holiday-festive-xmas-wall-art-gift-2\/"},"modified":"2023-11-20T19:41:03","modified_gmt":"2023-11-21T00:41:03","slug":"pet-photo-personalized-christmas-sketch-poster-with-custom-name-dog-cat-bunny-hamster-fur-baby-holiday-festive-xmas-wall-art-gift-2","status":"publish","type":"product","link":"https:\/\/puccha.com\/de\/produkt\/haustierfoto-personalisiertes-weihnachtsskizzenposter-mit-individuellem-namen-hund-katze-hase-hamster-fell-baby-feiertag-festliches-weihnachtsgeschenk-wandkunst-geschenk-2\/","title":{"rendered":"Haustierfoto, personalisiertes Weihnachtsskizzenposter mit individuellem Namen, Hund, Katze, Hase, Hamster, Fell, Baby, Urlaub, festliches Weihnachts-Wandkunst-Geschenk"},"content":{"rendered":"<p>WIE MAN BESTELLT<\/p>\n<p>1- Geben Sie bei der Bestellung den Namen Ihres Haustieres ein und w\u00e4hlen Sie die Schriftart aus, die Sie verwenden m\u00f6chten.<\/p>\n<p>2- Machen Sie an einem ausreichend beleuchteten Ort von Kopf bis Brust ein Foto Ihres Haustieres von vorne nach vorne und achten Sie darauf, dass das Bild eine hohe Aufl\u00f6sung hat. F\u00fcr ein besseres Ergebnis empfehlen wir, dass die Schnauze Ihres Haustieres nach vorne zeigt und keine Accessoires vorhanden sind.<\/p>\n<p>3- Laden Sie das Foto Ihres Haustieres \u00fcber Etsy-Nachrichten hoch oder senden Sie es uns per E-Mail an order[!at]puccha.com.<br \/>\n*** Wenn Sie uns einige Optionen zusenden m\u00f6chten, helfen wir Ihnen gerne bei der Auswahl der Option, die unserer Meinung nach die beste sein wird ***<\/p>\n<p>4- Wir senden Ihnen das Muster innerhalb von 8 Stunden nach dem Kauf zu, bevor Sie Ihr Poster drucken, und bitten Sie um eine Best\u00e4tigung, ob das Design Ihren Vorstellungen entspricht.<\/p>\n<p>5- Bitte erlauben Sie uns nach der Best\u00e4tigung 2 bis 5 Tage, um Ihren Artikel vorzubereiten und zu versenden.<\/p>\n<p>*Mehrere Haustiere werden in horizontaler Ausrichtung produziert.<\/p>\n<p>\u26a1\ufe0f PRODUKTBESCHREIBUNG \u26a1\ufe0f<\/p>\n<p> \u2013GERAHMTES POSTER\u2013<br \/>\n* Ein gerahmtes, verbessertes Poster, dessen mattes Gicl\u00e9e-Papier von Epson in Museumsqualit\u00e4t dem Design ein elegantes und anspruchsvolles Aussehen verleiht. Dar\u00fcber hinaus ist es bereits gerahmt und kann jedes Zuhause oder B\u00fcro schm\u00fccken.<br \/>\n* Ayous-Holzrahmen mit einer Dicke von 0,75\u2033 (1,9 cm) aus nachwachsenden W\u00e4ldern.<br \/>\n* Papierst\u00e4rke: 10,3 mil (0,26 mm).<br \/>\n* Papiergewicht: 5,57 oz\/yd\u00b2 (189 g\/m\u00b2).<br \/>\n* Leicht.<br \/>\n* Frontschutz aus Acrylit.<br \/>\n* Hardware zum Aufh\u00e4ngen im Lieferumfang enthalten.<\/p>\n<p>\u2013KEIN RAHMENPOSTER\u2013<br \/>\n* Poster in Museumsqualit\u00e4t, hergestellt auf dickem und haltbarem mattem Papier. Jedes Poster wird im Gicl\u00e9e-Verfahren auf s\u00e4urefreiem Archivpapier gedruckt, wodurch brillante Drucke entstehen, die jeden Raum versch\u00f6nern.<br \/>\n* Papierst\u00e4rke: 10,3 mil (0,26 mm).<br \/>\n* Papiergewicht: 5,57 oz\/yd\u00b2 (189 g\/m\u00b2).<br \/>\n* Gicl\u00e9e-Druckqualit\u00e4t.<br \/>\n* Deckkraft: 94%<br \/>\n* ISO-Helligkeit: 104%<\/p>\n<p>\u2013NUR DIGITALE DATEI\u2013<br \/>\nWir stellen eine hochwertige JPG-Datei mit 300 dpi zur Verf\u00fcgung. Bitte geben Sie die gew\u00fcnschte Gr\u00f6\u00dfe an. Sie k\u00f6nnen es \u00fcberall selbst ausdrucken.<\/p>\n<p>\u26a0\ufe0f PFLEGEHINWEISE<br \/>\nUm sicherzustellen, dass Ihre Poster lange halten, bewahren Sie sie nicht im direkten Sonnenlicht oder im Freien auf. Sie k\u00f6nnen vorsichtig mit einem weichen, trockenen Tuch oder einem Staubwedel abgestaubt werden.<\/p>\n<p>  BEARBEITUNGS- UND VERSANDZEIT<br \/>\nUnsere Artikel werden auf Bestellung gefertigt. Bitte rechnen Sie mit 2\u20135 Werktagen f\u00fcr die Produktion und 2\u20135 Werktagen f\u00fcr den Versand.<\/p>\n<p>  R\u00dcCKGABERECHT<br \/>\nDa es sich um ein ma\u00dfgeschneidertes Produkt handelt, k\u00f6nnen wir leider keine R\u00fcckerstattung oder Umtausch anbieten, es sei denn, der Artikel ist besch\u00e4digt oder der Artikel wurde nie erhalten.<\/p>\n<p>&#8212;&#8212;&#8212;&#8212;&#8212;&#8212;&#8212;&#8212;-<\/p>\n<p>  Wir hoffen, dass Ihnen dieses Produkt gef\u00e4llt.<br \/>\nBitte hinterlassen Sie gerne eine Artikelbewertung!<\/p>\n<p>Bei Fragen kontaktieren Sie uns bitte direkt per Etsy-Nachricht oder per E-Mail: info[!at]puccha.com<\/p>\n<p>&#8212;&#8212;&#8212;&#8212;&#8212;&#8212;&#8212;&#8212;-<\/p>","protected":false},"excerpt":{"rendered":"<p>Dies ist ein individuell angefertigtes Katzen-Hundeportr\u00e4t-Poster mit dem Bild Ihres tierischen Freundes darauf<\/p>\n<p>\u2728Dieses zierliche St\u00fcck zeigt das Portr\u00e4t und den Namen Ihres Haustieres! Originalzeichnungen von Hunden und Katzen nach Fotos sind tolle Geschenke f\u00fcr Geburtstage, Einweihungsfeiern, Vatertag, Muttertag und Weihnachten. Seine zarten, aber bezaubernden Gef\u00fchle machen es zum perfekten Geschenk f\u00fcr alle Tierliebhaber auf Ihrer Liste und k\u00f6nnen ein tolles Erinnerungsst\u00fcck sein, das seinem beabsichtigten Tr\u00e4ger mit Sicherheit ein L\u00e4cheln ins Gesicht zaubert.<\/p>","protected":false},"featured_media":3655,"comment_status":"closed","ping_status":"closed","template":"","meta":[],"product_cat":[15,23],"product_tag":[993,669,719,991,718,720,990,721,627,722,716,992,994],"_links":{"self":[{"href":"https:\/\/puccha.com\/de\/wp-json\/wp\/v2\/product\/3654"}],"collection":[{"href":"https:\/\/puccha.com\/de\/wp-json\/wp\/v2\/product"}],"about":[{"href":"https:\/\/puccha.com\/de\/wp-json\/wp\/v2\/types\/product"}],"replies":[{"embeddable":true,"href":"https:\/\/puccha.com\/de\/wp-json\/wp\/v2\/comments?post=3654"}],"wp:featuredmedia":[{"embeddable":true,"href":"https:\/\/puccha.com\/de\/wp-json\/wp\/v2\/media\/3655"}],"wp:attachment":[{"href":"https:\/\/puccha.com\/de\/wp-json\/wp\/v2\/media?parent=3654"}],"wp:term":[{"taxonomy":"product_cat","embeddable":true,"href":"https:\/\/puccha.com\/de\/wp-json\/wp\/v2\/product_cat?post=3654"},{"taxonomy":"product_tag","embeddable":true,"href":"https:\/\/puccha.com\/de\/wp-json\/wp\/v2\/product_tag?post=3654"}],"curies":[{"name":"wp","href":"https:\/\/api.w.org\/{rel}","templated":true}]}}