{"id":3633,"date":"2023-11-20T19:12:50","date_gmt":"2023-11-21T00:12:50","guid":{"rendered":"https:\/\/puccha.com\/product\/photo-pet-sticker-custom-vynle-pet-name-stickers-in-the-memory-of-dog-cat-owner-gift-loss-of-pet-face-sticker-sympathy-gift-2\/"},"modified":"2023-11-20T19:41:17","modified_gmt":"2023-11-21T00:41:17","slug":"photo-pet-sticker-custom-vynle-pet-name-stickers-in-the-memory-of-dog-cat-owner-gift-loss-of-pet-face-sticker-sympathy-gift-2","status":"publish","type":"product","link":"https:\/\/puccha.com\/de\/produkt\/photo-pet-sticker-custom-vynle-pet-name-stickers-in-the-memory-of-dog-cat-owner-gift-loss-of-pet-face-sticker-sympathy-gift-2\/","title":{"rendered":"Photo Pet Sticker Custom, Vynle Pet Name Stickers, In the Memory of Dog, Cat Owner Gift, Loss of Pet Face Sticker, Sympathy Gift"},"content":{"rendered":"<p>WIE MAN BESTELLT<\/p>\n<p>1- Place the order with the name of your pet and choose the font that you would like to use if you would like your sticker to be prepared with the name.<\/p>\n<p>2- Machen Sie an einem ausreichend beleuchteten Ort von Kopf bis Brust ein Foto Ihres Haustieres von vorne nach vorne und achten Sie darauf, dass das Bild eine hohe Aufl\u00f6sung hat. F\u00fcr ein besseres Ergebnis empfehlen wir, dass die Schnauze Ihres Haustieres nach vorne zeigt und keine Accessoires vorhanden sind.<\/p>\n<p>3- Laden Sie das Foto Ihres Haustieres \u00fcber Etsy-Nachrichten hoch oder senden Sie es uns per E-Mail an order[!at]puccha.com.<br \/>\n*** Wenn Sie uns einige Optionen zusenden m\u00f6chten, helfen wir Ihnen gerne bei der Auswahl der Option, die unserer Meinung nach die beste sein wird ***<\/p>\n<p>4- We will send you the sample within 8 hours after of your purchase before printing your sticker and will ask you to confirm if the design satisfies you.<\/p>\n<p>5- Bitte erlauben Sie uns nach der Best\u00e4tigung 2 bis 5 Tage, um Ihren Artikel vorzubereiten und zu versenden.<\/p>\n<p>\u26a1\ufe0f PRODUKTBESCHREIBUNG \u26a1\ufe0f<br \/>\n* Glossy &#8211; Has a glossy finish that adds a light shine to the final product.<br \/>\n* High opacity film that\u2019s impossible to see through.<br \/>\n* Durable vinyl, perfect for indoor use.<br \/>\n* Fast and easy bubble-free application.<\/p>\n<p>\u26a1\ufe0f TIPS WHEN APPLYING STICKERS \u26a1\ufe0f<br \/>\n* Apply the sticker to a clean, dust-free, oil-free, and moisture-free surface.<br \/>\n* After application, press the sticker down with a clean cloth to maximize the sticker\u2019s ability to stick to the surface and avoid air bubbles.<br \/>\n* Make sure that the sticker is applied correctly the first time. With every reapplication, the sticker\u2019s ability to stick will decrease.<br \/>\n* Apply the sticker to a flat surface only. If applied on items that bend, are round, or in a cylinder form, we can\u2019t guarantee its ability to hold.<\/p>\n<p>  BEARBEITUNGS- UND VERSANDZEIT<br \/>\nOur items are made to order. Please allow 2-5 business days for production and 3-5 business days for shipping.<\/p>\n<p>  R\u00dcCKGABERECHT<br \/>\nDa es sich um ein ma\u00dfgeschneidertes Produkt handelt, k\u00f6nnen wir leider keine R\u00fcckerstattung oder Umtausch anbieten, es sei denn, der Artikel ist besch\u00e4digt oder der Artikel wurde nie erhalten.<\/p>\n<p>&#8212;&#8212;&#8212;&#8212;&#8212;&#8212;&#8212;&#8212;-<\/p>\n<p>  Wir hoffen, dass Ihnen dieses Produkt gef\u00e4llt.<br \/>\nBitte hinterlassen Sie gerne eine Artikelbewertung!<\/p>\n<p>Bei Fragen kontaktieren Sie uns bitte direkt per Etsy-Nachricht oder per E-Mail: info[!at]puccha.com<\/p>\n<p>&#8212;&#8212;&#8212;&#8212;&#8212;&#8212;&#8212;&#8212;-<\/p>","protected":false},"excerpt":{"rendered":"<p>\u2728 This is a made to order custom pet sticker with your animal friend\u2019s picture on it.<br \/>\n\u2728 These stickers are printed on durable, high opacity adhesive vinyl which makes them perfect for regular use, as well as for covering other stickers or paint. The high-quality vinyl ensures there are no bubbles when applying the stickers.<br \/>\n\u2728 Dieses zierliche St\u00fcck zeigt das Portr\u00e4t und den Namen Ihres Haustieres! Seine zarten, aber bezaubernden Gef\u00fchle machen es zum perfekten Geschenk f\u00fcr alle Tierliebhaber auf Ihrer Liste und k\u00f6nnen ein tolles Erinnerungsst\u00fcck sein, das seinem beabsichtigten Tr\u00e4ger mit Sicherheit ein L\u00e4cheln ins Gesicht zaubert.<\/p>","protected":false},"featured_media":3634,"comment_status":"closed","ping_status":"closed","template":"","meta":[],"product_cat":[39],"product_tag":[978,979,975,715,974,970,973,694,976,971,676,977,972],"_links":{"self":[{"href":"https:\/\/puccha.com\/de\/wp-json\/wp\/v2\/product\/3633"}],"collection":[{"href":"https:\/\/puccha.com\/de\/wp-json\/wp\/v2\/product"}],"about":[{"href":"https:\/\/puccha.com\/de\/wp-json\/wp\/v2\/types\/product"}],"replies":[{"embeddable":true,"href":"https:\/\/puccha.com\/de\/wp-json\/wp\/v2\/comments?post=3633"}],"wp:featuredmedia":[{"embeddable":true,"href":"https:\/\/puccha.com\/de\/wp-json\/wp\/v2\/media\/3634"}],"wp:attachment":[{"href":"https:\/\/puccha.com\/de\/wp-json\/wp\/v2\/media?parent=3633"}],"wp:term":[{"taxonomy":"product_cat","embeddable":true,"href":"https:\/\/puccha.com\/de\/wp-json\/wp\/v2\/product_cat?post=3633"},{"taxonomy":"product_tag","embeddable":true,"href":"https:\/\/puccha.com\/de\/wp-json\/wp\/v2\/product_tag?post=3633"}],"curies":[{"name":"wp","href":"https:\/\/api.w.org\/{rel}","templated":true}]}}