{"id":3576,"date":"2023-11-20T19:05:10","date_gmt":"2023-11-21T00:05:10","guid":{"rendered":"https:\/\/puccha.com\/product\/custom-pet-portrait-bottle-cap-opener-with-magnet-pet-birthday-gift-for-cat-dog-mom-dad-owner-pet-remembrance-gift-in-memory-of-dog-loss-2\/"},"modified":"2023-11-20T19:42:28","modified_gmt":"2023-11-21T00:42:28","slug":"custom-pet-portrait-bottle-cap-opener-with-magnet-pet-birthday-gift-for-cat-dog-mom-dad-owner-pet-remembrance-gift-in-memory-of-dog-loss-2","status":"publish","type":"product","link":"https:\/\/puccha.com\/de\/produkt\/custom-pet-portrait-bottle-cap-opener-with-magnet-pet-birthday-gift-for-cat-dog-mom-dad-owner-pet-remembrance-gift-in-memory-of-dog-loss-2\/","title":{"rendered":"Personalisierter Flaschen\u00f6ffner mit Haustierportrait und Magnet, Haustier-Geburtstagsgeschenk f\u00fcr Katzen-Hund-Mutter-Vater-Besitzer, Haustier-Erinnerungsgeschenk, in Erinnerung an den Hundeverlust"},"content":{"rendered":"<p>WIE MAN BESTELLT<\/p>\n<p>1- Geben Sie bei der Bestellung den Namen Ihres Haustieres ein und w\u00e4hlen Sie die Schriftart aus, die Sie verwenden m\u00f6chten.<\/p>\n<p>2- Machen Sie an einem ausreichend beleuchteten Ort von Kopf bis Brust ein Foto Ihres Haustieres von vorne nach vorne und achten Sie darauf, dass das Bild eine hohe Aufl\u00f6sung hat. F\u00fcr ein besseres Ergebnis empfehlen wir, dass die Schnauze Ihres Haustieres nach vorne zeigt und keine Accessoires vorhanden sind.<\/p>\n<p>3- Laden Sie das Foto Ihres Haustieres \u00fcber Etsy-Nachrichten hoch oder senden Sie es uns per E-Mail an order[!at]puccha.com.<br \/>\n*** Wenn Sie uns einige Optionen zusenden m\u00f6chten, helfen wir Ihnen gerne bei der Auswahl der Option, die unserer Meinung nach die beste sein wird ***<\/p>\n<p>4- We will send you the sample within 12 hours after of your purchase before printing your bottle opener and will ask you to confirm if the design satisfies you.<\/p>\n<p>5- Bitte erlauben Sie uns nach der Best\u00e4tigung 2 bis 5 Tage, um Ihren Artikel vorzubereiten und zu versenden.<\/p>\n<p>\u26a1\ufe0f PRODUKTBESCHREIBUNG \u26a1\ufe0f<br \/>\n* 1 size &#8211; (3&#8243; &#8211; 7.62 cm)<br \/>\n* Plastic exterior with a metallic bottom<br \/>\n* Magnetic back<br \/>\n* Bottle cap shape<br \/>\n* Matte finish<br \/>\n* Two different opening mechanisms &#8211; On the top side, you&#8217;ll find the magnet with the design of your choice. On the bottom side, you&#8217;ll find the two bottle opening mechanisms<\/p>\n<p>\u26a0\ufe0f PFLEGEHINWEISE<br \/>\nUse warm water and dish soap to clean any spills or stains.<\/p>\n<p>  BEARBEITUNGS- UND VERSANDZEIT<br \/>\nUnsere Artikel werden auf Bestellung gefertigt. Bitte rechnen Sie mit einer Produktionszeit von 2\u20135 Werktagen.<br \/>\nUSA &#038; UK shipping takes up to 2-5 business days.<br \/>\nAustralia &#038; New Zealand shipping takes up to 3-10 business days.<br \/>\nDer weltweite Versand dauert bis zu 10\u201320 Werktage.<\/p>\n<p>  R\u00dcCKGABERECHT<br \/>\nDa es sich um ein ma\u00dfgeschneidertes Produkt handelt, k\u00f6nnen wir leider keine R\u00fcckerstattung oder Umtausch anbieten, es sei denn, der Artikel ist besch\u00e4digt oder der Artikel wurde nie erhalten.<\/p>\n<p>&#8212;&#8212;&#8212;&#8212;&#8212;&#8212;&#8212;&#8212;-<\/p>\n<p>  Wir hoffen, dass Ihnen dieses Produkt gef\u00e4llt.<br \/>\nBitte hinterlassen Sie gerne eine Artikelbewertung!<\/p>\n<p>Bei Fragen kontaktieren Sie uns bitte direkt per Etsy-Nachricht oder per E-Mail: info[!at]puccha.com<\/p>\n<p>&#8212;&#8212;&#8212;&#8212;&#8212;&#8212;&#8212;&#8212;-<\/p>","protected":false},"excerpt":{"rendered":"<p>This is a made to order custom pet portrait bottle cap opener with your animal friend\u2019s picture on it.<\/p>\n<p>\u2728 Dieses zierliche St\u00fcck zeigt das Portr\u00e4t und den Namen Ihres Haustieres! Seine zarten, aber bezaubernden Gef\u00fchle machen es zum perfekten Geschenk f\u00fcr alle Tierliebhaber auf Ihrer Liste und k\u00f6nnen ein tolles Erinnerungsst\u00fcck sein, das seinem beabsichtigten Tr\u00e4ger mit Sicherheit ein L\u00e4cheln ins Gesicht zaubert.<\/p>","protected":false},"featured_media":3577,"comment_status":"closed","ping_status":"closed","template":"","meta":[],"product_cat":[39],"product_tag":[962,963,624,845,956,960,957,958,715,961,959,636,623],"_links":{"self":[{"href":"https:\/\/puccha.com\/de\/wp-json\/wp\/v2\/product\/3576"}],"collection":[{"href":"https:\/\/puccha.com\/de\/wp-json\/wp\/v2\/product"}],"about":[{"href":"https:\/\/puccha.com\/de\/wp-json\/wp\/v2\/types\/product"}],"replies":[{"embeddable":true,"href":"https:\/\/puccha.com\/de\/wp-json\/wp\/v2\/comments?post=3576"}],"wp:featuredmedia":[{"embeddable":true,"href":"https:\/\/puccha.com\/de\/wp-json\/wp\/v2\/media\/3577"}],"wp:attachment":[{"href":"https:\/\/puccha.com\/de\/wp-json\/wp\/v2\/media?parent=3576"}],"wp:term":[{"taxonomy":"product_cat","embeddable":true,"href":"https:\/\/puccha.com\/de\/wp-json\/wp\/v2\/product_cat?post=3576"},{"taxonomy":"product_tag","embeddable":true,"href":"https:\/\/puccha.com\/de\/wp-json\/wp\/v2\/product_tag?post=3576"}],"curies":[{"name":"wp","href":"https:\/\/api.w.org\/{rel}","templated":true}]}}