{"id":3565,"date":"2023-11-20T19:03:41","date_gmt":"2023-11-21T00:03:41","guid":{"rendered":"https:\/\/puccha.com\/product\/pet-memorial-custom-candle-pet-remembrance-gift-for-dog-cat-owner-in-memory-of-dogs-loss-of-a-pet-gift-sympathy-gift-bereavement-gift-2\/"},"modified":"2023-11-20T19:42:36","modified_gmt":"2023-11-21T00:42:36","slug":"pet-memorial-custom-candle-pet-remembrance-gift-for-dog-cat-owner-in-memory-of-dogs-loss-of-a-pet-gift-sympathy-gift-bereavement-gift-2","status":"publish","type":"product","link":"https:\/\/puccha.com\/de\/produkt\/pet-memorial-custom-candle-pet-remembrance-gift-for-dog-cat-owner-in-memory-of-dogs-loss-of-a-pet-gift-sympathy-gift-bereavement-gift-2\/","title":{"rendered":"Individuelle Haustier-Gedenkkerze, Haustier-Erinnerungsgeschenk f\u00fcr Hundekatzenbesitzer, zum Gedenken an Hunde, Geschenk zum Verlust eines Haustiers, Beileidsgeschenk, Trauergeschenk"},"content":{"rendered":"<p>WIE MAN BESTELLT<\/p>\n<p>1- Please provide your custom quote and the name of your pet. Choose the font that you would like to use.<\/p>\n<p>2- Machen Sie an einem ausreichend beleuchteten Ort von Kopf bis Brust ein Foto Ihres Haustieres von vorne nach vorne und achten Sie darauf, dass das Bild eine hohe Aufl\u00f6sung hat. F\u00fcr ein besseres Ergebnis empfehlen wir, dass die Schnauze Ihres Haustieres nach vorne zeigt und keine Accessoires vorhanden sind.<\/p>\n<p>3- Laden Sie das Foto Ihres Haustieres \u00fcber Etsy-Nachrichten hoch oder senden Sie es uns per E-Mail an order[!at]puccha.com.<\/p>\n<p>*** Wenn Sie uns einige Optionen zusenden m\u00f6chten, helfen wir Ihnen gerne bei der Auswahl der Option, die unserer Meinung nach die beste sein wird ***<\/p>\n<p>4- We will send you the sample within 12 hours after of your purchase before printing your candle and will ask you to confirm if the design satisfies you.<\/p>\n<p>5- Bitte erlauben Sie uns nach der Best\u00e4tigung 2 bis 5 Tage, um Ihren Artikel vorzubereiten und zu versenden.<\/p>\n<p>*** Um mehr als einen Aufdruck auf Ihrem Produkt zu haben, beschreiben Sie Ihre Tierfreunde (Tierart und Name) im Personalisierungsfeld und erwerben Sie beim Kauf dieses Produkts unser \u201eZus\u00e4tzliches Haustier-Add-On\u201c f\u00fcr jedes weitere Haustier der Link unten:<\/p>\n<p>  https:\/\/etsy.me\/3KhY68f (Zus\u00e4tzliches Haustier-Add-On)<\/p>\n<p>Zum Beispiel:<br \/>\nWenn Sie Ihre 3 verschiedenen Tierfreunde auf Ihr Produkt drucken lassen m\u00f6chten, m\u00fcssen Sie jede ihrer Arten und Namen in das \u201ePersonalisierungsfeld\u201c schreiben und dann unter \u201eZus\u00e4tzliches Haustier-Add-On\u201c die Menge von 2 ausw\u00e4hlen.<\/p>\n<p>\u26a1\ufe0f PRODUCT DESCIPTION \u26a1\ufe0f<br \/>\n* One size (3\u2033 \u00d7 3 2\/8&#8243;) (7.6cm \u00d7 8.25cm).<br \/>\n* 3 scents &#8211; This scented candle comes in 3 different scents &#8211; Vanilla Bean, Comfort Spice, and Sea Breeze.<br \/>\n* Reusable glass container &#8211; This candle comes in a glass container that can be cleaned after burning the candle and reused as a decor or a glass.<br \/>\n* Eco-friendly and non-toxic &#8211; This scented candle is completely natural and non-toxic. It contains no lead, plastics, parabens, synthetic dyes, or phthalates.<br \/>\n* 100% natural soy wax blend.<br \/>\n* Average burn time: 50-60 hours.<br \/>\n* 100% cotton wick.<br \/>\n* Permanent adhesive label.<\/p>\n<p>\u26a0\ufe0f PFLEGEHINWEISE<br \/>\nKeep burning candle within sight, and keep away from children and pets. Never burn the candle near flammable items. For best results, burn candle 3 to 4 hours of each lighting and trim wick to 1\/4&#8243;. Discontinue use with 1\/2&#8243; of wax remaining.<\/p>\n<p>  BEARBEITUNGS- UND VERSANDZEIT<br \/>\nUnsere Artikel werden auf Bestellung gefertigt. Bitte rechnen Sie mit einer Produktionszeit von 2\u20135 Werktagen.<br \/>\nUSA shipping takes up to 2-4 business days.<br \/>\nDer weltweite Versand dauert bis zu 10\u201320 Werktage.<\/p>\n<p>  R\u00dcCKGABERECHT<br \/>\nDa es sich um ein ma\u00dfgeschneidertes Produkt handelt, k\u00f6nnen wir leider keine R\u00fcckerstattung oder Umtausch anbieten, es sei denn, der Artikel ist besch\u00e4digt oder der Artikel wurde nie erhalten.<\/p>\n<p>&#8212;&#8212;&#8212;&#8212;&#8212;&#8212;&#8212;&#8212;-<\/p>\n<p>  Wir hoffen, dass Ihnen dieses Produkt gef\u00e4llt.<br \/>\nBitte hinterlassen Sie gerne eine Artikelbewertung!<\/p>\n<p>Bei Fragen kontaktieren Sie uns bitte direkt per Etsy-Nachricht oder per E-Mail: info[!at]puccha.com<\/p>\n<p>&#8212;&#8212;&#8212;&#8212;&#8212;&#8212;&#8212;&#8212;-<\/p>","protected":false},"excerpt":{"rendered":"<p>This is a made to order pet memorial custom candle with your animal friend\u2019s picture on it.<\/p>\n<p>\u2728 Dieses zierliche St\u00fcck zeigt das Portr\u00e4t und den Namen Ihres Haustieres! Seine zarten, aber bezaubernden Gef\u00fchle machen es zum perfekten Geschenk f\u00fcr alle Tierliebhaber auf Ihrer Liste und k\u00f6nnen ein tolles Erinnerungsst\u00fcck sein, das seinem beabsichtigten Tr\u00e4ger mit Sicherheit ein L\u00e4cheln ins Gesicht zaubert.<\/p>","protected":false},"featured_media":3566,"comment_status":"closed","ping_status":"closed","template":"","meta":[],"product_cat":[24],"product_tag":[624,950,928,953,620,955,954,951,627,625,949,952,676],"_links":{"self":[{"href":"https:\/\/puccha.com\/de\/wp-json\/wp\/v2\/product\/3565"}],"collection":[{"href":"https:\/\/puccha.com\/de\/wp-json\/wp\/v2\/product"}],"about":[{"href":"https:\/\/puccha.com\/de\/wp-json\/wp\/v2\/types\/product"}],"replies":[{"embeddable":true,"href":"https:\/\/puccha.com\/de\/wp-json\/wp\/v2\/comments?post=3565"}],"wp:featuredmedia":[{"embeddable":true,"href":"https:\/\/puccha.com\/de\/wp-json\/wp\/v2\/media\/3566"}],"wp:attachment":[{"href":"https:\/\/puccha.com\/de\/wp-json\/wp\/v2\/media?parent=3565"}],"wp:term":[{"taxonomy":"product_cat","embeddable":true,"href":"https:\/\/puccha.com\/de\/wp-json\/wp\/v2\/product_cat?post=3565"},{"taxonomy":"product_tag","embeddable":true,"href":"https:\/\/puccha.com\/de\/wp-json\/wp\/v2\/product_tag?post=3565"}],"curies":[{"name":"wp","href":"https:\/\/api.w.org\/{rel}","templated":true}]}}