{"id":3546,"date":"2023-11-20T19:01:11","date_gmt":"2023-11-21T00:01:11","guid":{"rendered":"https:\/\/puccha.com\/product\/pet-portrait-custom-tote-bag-with-name-cat-dog-owner-personalized-tote-bag-pet-photo-shopping-bag-gift-for-her-in-memory-of-dogs-2\/"},"modified":"2023-11-20T19:42:49","modified_gmt":"2023-11-21T00:42:49","slug":"pet-portrait-custom-tote-bag-with-name-cat-dog-owner-personalized-tote-bag-pet-photo-shopping-bag-gift-for-her-in-memory-of-dogs-2","status":"publish","type":"product","link":"https:\/\/puccha.com\/de\/produkt\/pet-portrait-custom-tote-bag-with-name-cat-dog-owner-personalized-tote-bag-pet-photo-shopping-bag-gift-for-her-in-memory-of-dogs-2\/","title":{"rendered":"Personalisierte Einkaufstasche mit Haustierportrait und Namen, personalisierte Einkaufstasche f\u00fcr Katzen- und Hundebesitzer, Einkaufstasche mit Haustierfoto, Geschenk f\u00fcr Sie, in Erinnerung an Hunde"},"content":{"rendered":"<p>WIE MAN BESTELLT<\/p>\n<p>1- Geben Sie bei der Bestellung den Namen Ihres Haustieres ein und w\u00e4hlen Sie die Schriftart aus, die Sie verwenden m\u00f6chten.<\/p>\n<p>2- Machen Sie an einem ausreichend beleuchteten Ort von Kopf bis Brust ein Foto Ihres Haustieres von vorne nach vorne und achten Sie darauf, dass das Bild eine hohe Aufl\u00f6sung hat. F\u00fcr ein besseres Ergebnis empfehlen wir, dass die Schnauze Ihres Haustieres nach vorne zeigt und keine Accessoires vorhanden sind.<\/p>\n<p>3- Laden Sie das Foto Ihres Haustieres \u00fcber Etsy-Nachrichten hoch oder senden Sie es uns per E-Mail an order[!at]puccha.com.<br \/>\n*** Wenn Sie uns einige Optionen zusenden m\u00f6chten, helfen wir Ihnen gerne bei der Auswahl der Option, die unserer Meinung nach die beste sein wird ***<\/p>\n<p>4- We will send you the sample within 12 hours after of your purchase before printing your tote bag and will ask you to confirm if the design satisfies you.<\/p>\n<p>5- Bitte erlauben Sie uns nach der Best\u00e4tigung 2 bis 5 Tage, um Ihren Artikel vorzubereiten und zu versenden.<\/p>\n<p>*** Um mehr als einen Aufdruck auf Ihrem Produkt zu haben, beschreiben Sie Ihre Tierfreunde (Tierart und Name) im Personalisierungsfeld und erwerben Sie beim Kauf dieses Produkts unser \u201eZus\u00e4tzliches Haustier-Add-On\u201c f\u00fcr jedes weitere Haustier der Link unten:<\/p>\n<p>   https:\/\/etsy.me\/3KhY68f (Zus\u00e4tzliches Haustier-Add-On)<\/p>\n<p>\u26a1\ufe0f PRODUKTBESCHREIBUNG \u26a1\ufe0f<br \/>\n* 100% Polyester &#8211; Extremely strong and durable synthetic fabric that retains its shape and dries quickly.<br \/>\n* Boxed corners.<br \/>\n* Black cotton handles.<br \/>\n* Black lining.<br \/>\n* Boxed corners &#8211; Front and back sides are sewn together by creating extra space on the sides, adding more room.<\/p>\n<p>\u26a0\ufe0f PFLEGEHINWEISE<br \/>\nBefore cleaning the bag, remove all the items from bag. Suggested to pretreat visible stains with stain remover. Mix warm water with laundry detergent and clean the bag with terry washcloth or soft bristle brush. Let the bag air dry.<\/p>\n<p>  BEARBEITUNGS- UND VERSANDZEIT<br \/>\nUnsere Artikel werden auf Bestellung gefertigt. Bitte rechnen Sie mit einer Produktionszeit von 2\u20135 Werktagen.<br \/>\nDer Versand in die USA dauert bis zu 2\u20135 Werktage.<br \/>\nWorldwide shipping takes up to 3-10 business days.<\/p>\n<p>  R\u00dcCKGABERECHT<br \/>\nDa es sich um ein ma\u00dfgeschneidertes Produkt handelt, k\u00f6nnen wir leider keine R\u00fcckerstattung oder Umtausch anbieten, es sei denn, der Artikel ist besch\u00e4digt oder der Artikel wurde nie erhalten.<\/p>\n<p>&#8212;&#8212;&#8212;&#8212;&#8212;&#8212;&#8212;&#8212;-<\/p>\n<p>  Wir hoffen, dass Ihnen dieses Produkt gef\u00e4llt.<br \/>\nBitte hinterlassen Sie gerne eine Artikelbewertung!<\/p>\n<p>Bei Fragen kontaktieren Sie uns bitte direkt per Etsy-Nachricht oder per E-Mail: info[!at]puccha.com<\/p>\n<p>&#8212;&#8212;&#8212;&#8212;&#8212;&#8212;&#8212;&#8212;-<\/p>","protected":false},"excerpt":{"rendered":"<p>This is a made to order pet portrait custom tote bag with your animal friend\u2019s picture on it.<\/p>\n<p>\u2728 Dieses zierliche St\u00fcck zeigt das Portr\u00e4t und den Namen Ihres Haustieres! Seine zarten, aber bezaubernden Gef\u00fchle machen es zum perfekten Geschenk f\u00fcr alle Tierliebhaber auf Ihrer Liste und k\u00f6nnen ein tolles Erinnerungsst\u00fcck sein, das seinem beabsichtigten Tr\u00e4ger mit Sicherheit ein L\u00e4cheln ins Gesicht zaubert.<\/p>","protected":false},"featured_media":3547,"comment_status":"closed","ping_status":"closed","template":"","meta":[],"product_cat":[39],"product_tag":[845,935,938,715,844,936,937,700,694,931,933,932,934],"_links":{"self":[{"href":"https:\/\/puccha.com\/de\/wp-json\/wp\/v2\/product\/3546"}],"collection":[{"href":"https:\/\/puccha.com\/de\/wp-json\/wp\/v2\/product"}],"about":[{"href":"https:\/\/puccha.com\/de\/wp-json\/wp\/v2\/types\/product"}],"replies":[{"embeddable":true,"href":"https:\/\/puccha.com\/de\/wp-json\/wp\/v2\/comments?post=3546"}],"wp:featuredmedia":[{"embeddable":true,"href":"https:\/\/puccha.com\/de\/wp-json\/wp\/v2\/media\/3547"}],"wp:attachment":[{"href":"https:\/\/puccha.com\/de\/wp-json\/wp\/v2\/media?parent=3546"}],"wp:term":[{"taxonomy":"product_cat","embeddable":true,"href":"https:\/\/puccha.com\/de\/wp-json\/wp\/v2\/product_cat?post=3546"},{"taxonomy":"product_tag","embeddable":true,"href":"https:\/\/puccha.com\/de\/wp-json\/wp\/v2\/product_tag?post=3546"}],"curies":[{"name":"wp","href":"https:\/\/api.w.org\/{rel}","templated":true}]}}