{"id":3526,"date":"2023-11-20T18:58:28","date_gmt":"2023-11-20T23:58:28","guid":{"rendered":"https:\/\/puccha.com\/product\/pet-portrait-t-shirt-with-custom-name-personalized-trendy-comfy-summer-tank-top-for-dog-owner-mom-dad-in-memory-of-dogs-pet-loss-gift-2\/"},"modified":"2023-11-20T19:43:02","modified_gmt":"2023-11-21T00:43:02","slug":"pet-portrait-t-shirt-with-custom-name-personalized-trendy-comfy-summer-tank-top-for-dog-owner-mom-dad-in-memory-of-dogs-pet-loss-gift-2","status":"publish","type":"product","link":"https:\/\/puccha.com\/de\/produkt\/pet-portrait-t-shirt-with-custom-name-personalized-trendy-comfy-summer-tank-top-for-dog-owner-mom-dad-in-memory-of-dogs-pet-loss-gift-2\/","title":{"rendered":"Haustierportrait-T-Shirt mit individuellem Namen, personalisiertes, trendiges, bequemes Sommer-Tanktop f\u00fcr Hundebesitzer-Mama und -Papa, zum Gedenken an Hunde, Geschenk zum Verlust eines Haustiers"},"content":{"rendered":"<p>WIE MAN BESTELLT<\/p>\n<p>1- Geben Sie bei der Bestellung den Namen Ihres Haustieres ein und w\u00e4hlen Sie die Schriftart aus, die Sie verwenden m\u00f6chten.<\/p>\n<p>2- Machen Sie an einem ausreichend beleuchteten Ort von Kopf bis Brust ein Foto Ihres Haustieres von vorne nach vorne und achten Sie darauf, dass das Bild eine hohe Aufl\u00f6sung hat. F\u00fcr ein besseres Ergebnis empfehlen wir, dass die Schnauze Ihres Haustieres nach vorne zeigt und keine Accessoires vorhanden sind.<\/p>\n<p>3- Laden Sie das Foto Ihres Haustieres \u00fcber Etsy-Nachrichten hoch oder senden Sie es uns per E-Mail an order[!at]puccha.com.<br \/>\n*** Wenn Sie uns einige Optionen zusenden m\u00f6chten, helfen wir Ihnen gerne bei der Auswahl der Option, die unserer Meinung nach die beste sein wird ***<\/p>\n<p>4- We will send you the sample within 12 hours after of your purchase before printing your tank top and will ask you to confirm if the design satisfies you.<\/p>\n<p>5- Bitte erlauben Sie uns nach der Best\u00e4tigung 2 bis 5 Tage, um Ihren Artikel vorzubereiten und zu versenden.<\/p>\n<p>*** Um mehr als einen Aufdruck auf Ihrem Produkt zu haben, beschreiben Sie Ihre Tierfreunde (Tierart und Name) im Personalisierungsfeld und erwerben Sie beim Kauf dieses Produkts unser \u201eZus\u00e4tzliches Haustier-Add-On\u201c f\u00fcr jedes weitere Haustier der Link unten:<\/p>\n<p>  https:\/\/etsy.me\/3KhY68f (Zus\u00e4tzliches Haustier-Add-On)<\/p>\n<p>Zum Beispiel:<br \/>\nWenn Sie Ihre 3 verschiedenen Tierfreunde auf Ihr Produkt drucken lassen m\u00f6chten, m\u00fcssen Sie jede ihrer Arten und Namen in das \u201ePersonalisierungsfeld\u201c schreiben und dann unter \u201eZus\u00e4tzliches Haustier-Add-On\u201c die Menge von 2 ausw\u00e4hlen.<\/p>\n<p>\u26a1\ufe0f PRODUKTBESCHREIBUNG \u26a1\ufe0f<br \/>\n* Racerback cut &#8211; Looks good on any woman&#8217;s shoulders.<br \/>\n* 60% combed ring spun cotton, 40% polyester.<br \/>\n* Extra light fabric (3.9 oz\/yd\u00b2 (132 g\/m\u00b2)).<br \/>\n* Slim fit.<br \/>\n* Tear away label.<\/p>\n<p>\u26a0\ufe0f PFLEGEHINWEISE<br \/>\n* Machine wash: cold (max 30C or 90F).<br \/>\n* Do not bleach.<br \/>\n* Tumble dry: low heat.<br \/>\n* Do not iron.<br \/>\n* Do not dry-clean.<\/p>\n<p>  BEARBEITUNGS- UND VERSANDZEIT<br \/>\nUnsere Artikel werden auf Bestellung gefertigt. Bitte rechnen Sie mit einer Produktionszeit von 2\u20135 Werktagen.<br \/>\nDer Versand in die USA dauert bis zu 2\u20135 Werktage.<br \/>\nWorldwide shipping takes up to 8-14 business days.<\/p>\n<p>  R\u00dcCKGABERECHT<br \/>\nDa es sich um ein ma\u00dfgeschneidertes Produkt handelt, k\u00f6nnen wir leider keine R\u00fcckerstattung oder Umtausch anbieten, es sei denn, der Artikel ist besch\u00e4digt oder der Artikel wurde nie erhalten.<\/p>\n<p>&#8212;&#8212;&#8212;&#8212;&#8212;&#8212;&#8212;&#8212;-<\/p>\n<p>  Wir hoffen, dass Ihnen dieses Produkt gef\u00e4llt.<br \/>\nBitte hinterlassen Sie gerne eine Artikelbewertung!<\/p>\n<p>Bei Fragen kontaktieren Sie uns bitte direkt per Etsy-Nachricht oder per E-Mail: info[!at]puccha.com<\/p>\n<p>&#8212;&#8212;&#8212;&#8212;&#8212;&#8212;&#8212;&#8212;-<\/p>","protected":false},"excerpt":{"rendered":"<p>\u2728 Enjoy your day with a smile by turning your pet&#8217;s photo to a portrait on a tank top T-shirt. Show your love to your pet by wearing this pet portrait T-shirt and reminisce on all the sweet memories you share with your four-legged best friend. You will get one of a kind shirt, custom-made with a high-quality ring-spun cotton &#038; polyester material to make as a beautiful keepsake for your pet! Our personalized pet portrait tank top shirts are available with a number of pet choices that makes them a great gift in memory of your pet, pet birthday, pet loss, pet remembrance, or pet owner.<\/p>","protected":false},"featured_media":3527,"comment_status":"closed","ping_status":"closed","template":"","meta":[],"product_cat":[18],"product_tag":[766,632,764,767,760,758,765,762,761,759,763,768,930],"_links":{"self":[{"href":"https:\/\/puccha.com\/de\/wp-json\/wp\/v2\/product\/3526"}],"collection":[{"href":"https:\/\/puccha.com\/de\/wp-json\/wp\/v2\/product"}],"about":[{"href":"https:\/\/puccha.com\/de\/wp-json\/wp\/v2\/types\/product"}],"replies":[{"embeddable":true,"href":"https:\/\/puccha.com\/de\/wp-json\/wp\/v2\/comments?post=3526"}],"wp:featuredmedia":[{"embeddable":true,"href":"https:\/\/puccha.com\/de\/wp-json\/wp\/v2\/media\/3527"}],"wp:attachment":[{"href":"https:\/\/puccha.com\/de\/wp-json\/wp\/v2\/media?parent=3526"}],"wp:term":[{"taxonomy":"product_cat","embeddable":true,"href":"https:\/\/puccha.com\/de\/wp-json\/wp\/v2\/product_cat?post=3526"},{"taxonomy":"product_tag","embeddable":true,"href":"https:\/\/puccha.com\/de\/wp-json\/wp\/v2\/product_tag?post=3526"}],"curies":[{"name":"wp","href":"https:\/\/api.w.org\/{rel}","templated":true}]}}