{"id":3518,"date":"2023-11-20T18:57:24","date_gmt":"2023-11-20T23:57:24","guid":{"rendered":"https:\/\/puccha.com\/product\/tumbler-with-pet-portrait-personalized-dog-cat-animal-face-name-travel-water-coffee-insulated-skinny-tall-tumbler-pet-owner-gift-2\/"},"modified":"2023-11-20T19:43:09","modified_gmt":"2023-11-21T00:43:09","slug":"tumbler-with-pet-portrait-personalized-dog-cat-animal-face-name-travel-water-coffee-insulated-skinny-tall-tumbler-pet-owner-gift-2","status":"publish","type":"product","link":"https:\/\/puccha.com\/de\/produkt\/tumbler-with-pet-portrait-personalized-dog-cat-animal-face-name-travel-water-coffee-insulated-skinny-tall-tumbler-pet-owner-gift-2\/","title":{"rendered":"BECHER mit HAUSTIERPORTR\u00c4T, personalisierter Hund, Katze, Tiergesicht, Name, f\u00fcr Reisen, Wasser, Kaffee, isoliert, d\u00fcnn, gro\u00df, Geschenk f\u00fcr Haustierbesitzer"},"content":{"rendered":"<p>WIE MAN BESTELLT<\/p>\n<p>1- Geben Sie bei der Bestellung den Namen Ihres Haustieres ein und w\u00e4hlen Sie die Schriftart aus, die Sie verwenden m\u00f6chten.<\/p>\n<p>2- Machen Sie an einem ausreichend beleuchteten Ort von Kopf bis Brust ein Foto Ihres Haustieres von vorne nach vorne und achten Sie darauf, dass das Bild eine hohe Aufl\u00f6sung hat. F\u00fcr ein besseres Ergebnis empfehlen wir, dass die Schnauze Ihres Haustieres nach vorne zeigt und keine Accessoires vorhanden sind.<\/p>\n<p>3- Laden Sie das Foto Ihres Haustieres \u00fcber Etsy-Nachrichten hoch oder senden Sie es uns per E-Mail an order[!at]puccha.com.<\/p>\n<p>*** Wenn Sie uns einige Optionen zusenden m\u00f6chten, helfen wir Ihnen gerne bei der Auswahl der Option, die unserer Meinung nach die beste sein wird ***<\/p>\n<p>4- We will send you the sample within 12 hours after of your purchase before printing your tumbler and will ask you to confirm if the design satisfies you.<\/p>\n<p>5- Bitte erlauben Sie uns nach der Best\u00e4tigung 2 bis 5 Tage, um Ihren Artikel vorzubereiten und zu versenden.<\/p>\n<p>\u26a1\ufe0f PRODUKTBESCHREIBUNG \u26a1\ufe0f<br \/>\n* 20oz (0.59 l).<br \/>\n* Stainless steel &#8211; Double wall interior makes the tumbler durable, resistant to rust, staining and corrosion.<br \/>\n* Hot or Cold &#8211; Perfect for everyday use, the tumbler&#8217;s design provides an excellent seal which keeps beverages hot or cold.<br \/>\n* Dishwasher-safe &#8211; Suitable for dishwasher use.<br \/>\n* Rounded corners.<br \/>\n* See-thru plastic lid.<br \/>\n* Glossy finish.<\/p>\n<p>\u26a0\ufe0f PFLEGEHINWEISE<br \/>\nClean in dishwasher or wash by hand with warm water and dish soap.<\/p>\n<p>  BEARBEITUNGS- UND VERSANDZEIT<br \/>\nUnsere Artikel werden auf Bestellung gefertigt. Bitte rechnen Sie mit einer Produktionszeit von 2\u20135 Werktagen.<br \/>\nDer Versand in die USA dauert bis zu 2\u20135 Werktage.<br \/>\nDer weltweite Versand dauert bis zu 10\u201320 Werktage.<\/p>\n<p>  R\u00dcCKGABERECHT<br \/>\nDa es sich um ein ma\u00dfgeschneidertes Produkt handelt, k\u00f6nnen wir leider keine R\u00fcckerstattung oder Umtausch anbieten, es sei denn, der Artikel ist besch\u00e4digt oder der Artikel wurde nie erhalten.<\/p>\n<p>&#8212;&#8212;&#8212;&#8212;&#8212;&#8212;&#8212;&#8212;-<\/p>\n<p>  Wir hoffen, dass Ihnen dieses Produkt gef\u00e4llt.<br \/>\nBitte hinterlassen Sie gerne eine Artikelbewertung!<\/p>\n<p>Bei Fragen kontaktieren Sie uns bitte direkt per Etsy-Nachricht oder per E-Mail: info[!at]puccha.com<\/p>\n<p>&#8212;&#8212;&#8212;&#8212;&#8212;&#8212;&#8212;&#8212;-<\/p>","protected":false},"excerpt":{"rendered":"<p>Start your morning with a positive attitude and sip your coffee from this cute pet portrait tumbler. Premium quality insulated tumblers, available in a selection of cool colors that are perfect for hot and cold drinks. Tall and skinny tumbler style that comes customized with the portrait of your favorite fur baby. Whether you choose to add the face of your dog, cat, both, or any other animal or pet, this tumbler will surely be a unique one.<\/p>\n<p>Simply place your order, send us the photos of your pets and we will turn them into a piece of art and print it onto the tumbler. Optionally you can even add their name. The custom pet tumbler is perfect for all kinds of activities and adventures. They also fit standard cup holders so you can use them every day, for gym, running errands, or traveling, while also having your furry friend near you.<\/p>\n<p>Specially designed for pet owners and lovers since they come customized with the face of your own pet. They make a special gift for a pet memorial or pet loss, and to share your sympathy. Alternatively gift it to pet owners, lovers, for family members, and friends, or surprise your furry friends.<\/p>","protected":false},"featured_media":3519,"comment_status":"closed","ping_status":"closed","template":"","meta":[],"product_cat":[21],"product_tag":[923,926,924,928,922,749,925,679,929,921,927,641,920],"_links":{"self":[{"href":"https:\/\/puccha.com\/de\/wp-json\/wp\/v2\/product\/3518"}],"collection":[{"href":"https:\/\/puccha.com\/de\/wp-json\/wp\/v2\/product"}],"about":[{"href":"https:\/\/puccha.com\/de\/wp-json\/wp\/v2\/types\/product"}],"replies":[{"embeddable":true,"href":"https:\/\/puccha.com\/de\/wp-json\/wp\/v2\/comments?post=3518"}],"wp:featuredmedia":[{"embeddable":true,"href":"https:\/\/puccha.com\/de\/wp-json\/wp\/v2\/media\/3519"}],"wp:attachment":[{"href":"https:\/\/puccha.com\/de\/wp-json\/wp\/v2\/media?parent=3518"}],"wp:term":[{"taxonomy":"product_cat","embeddable":true,"href":"https:\/\/puccha.com\/de\/wp-json\/wp\/v2\/product_cat?post=3518"},{"taxonomy":"product_tag","embeddable":true,"href":"https:\/\/puccha.com\/de\/wp-json\/wp\/v2\/product_tag?post=3518"}],"curies":[{"name":"wp","href":"https:\/\/api.w.org\/{rel}","templated":true}]}}