{"id":3507,"date":"2023-11-20T18:55:55","date_gmt":"2023-11-20T23:55:55","guid":{"rendered":"https:\/\/puccha.com\/product\/pet-journal-notebook-with-custom-portrait-personalized-name-dog-cat-spiral-school-accessory-gift-idea-for-coworker-mom-dad-pet-owner-2\/"},"modified":"2023-11-20T19:43:14","modified_gmt":"2023-11-21T00:43:14","slug":"pet-journal-notebook-with-custom-portrait-personalized-name-dog-cat-spiral-school-accessory-gift-idea-for-coworker-mom-dad-pet-owner-2","status":"publish","type":"product","link":"https:\/\/puccha.com\/de\/produkt\/pet-journal-notebook-with-custom-portrait-personalized-name-dog-cat-spiral-school-accessory-gift-idea-for-coworker-mom-dad-pet-owner-2\/","title":{"rendered":"Pet Journal Notebook with Custom Portrait Personalized Name, Dog Cat Spiral School Accessory Gift Idea for Coworker &#038; Mom Dad Pet Owner"},"content":{"rendered":"<p>\u26a1\ufe0f PRODUKTBESCHREIBUNG \u26a1\ufe0f<br \/>\n* Personalized notebook.<br \/>\n* 118 ruled line pages (59 sheets).<br \/>\n* Document pocket &#8211; Document pocket on the inside back cover for added storage.<br \/>\n* Metal spiral &#8211; Gives fancy look to the notebook and makes removing pages easy.<br \/>\n* 90gsm paper.<br \/>\n* Height: 7.99&#8243; &#8211; Length: 5.98&#8243;<\/p>\n<p>  Three pets will be produced in horizontal orientation.<\/p>\n<p>  WIE MAN BESTELLT<\/p>\n<p>1- Geben Sie bei der Bestellung den Namen Ihres Haustieres ein und w\u00e4hlen Sie die Schriftart aus, die Sie verwenden m\u00f6chten.<\/p>\n<p>2- Machen Sie an einem ausreichend beleuchteten Ort von Kopf bis Brust ein Foto Ihres Haustieres von vorne nach vorne und achten Sie darauf, dass das Bild eine hohe Aufl\u00f6sung hat. F\u00fcr ein besseres Ergebnis empfehlen wir, dass die Schnauze Ihres Haustieres nach vorne zeigt und keine Accessoires vorhanden sind.<\/p>\n<p>3- Laden Sie das Foto Ihres Haustieres \u00fcber Etsy-Nachrichten hoch oder senden Sie es uns per E-Mail an order[!at]puccha.com.<br \/>\n*** Wenn Sie uns einige Optionen zusenden m\u00f6chten, helfen wir Ihnen gerne bei der Auswahl der Option, die unserer Meinung nach die beste sein wird ***<\/p>\n<p>4- We will send you the sample within 12 hours after of your purchase before printing your notebook and will ask you to confirm if the design satisfies you.<\/p>\n<p>5- Bitte erlauben Sie uns nach der Best\u00e4tigung 2 bis 5 Tage, um Ihren Artikel vorzubereiten und zu versenden.<\/p>\n<p>\u26a0\ufe0f PFLEGEHINWEISE<br \/>\nUse a soft, clean and dry cloth to gently brush any dust or dirt off from the center of book outwards.<\/p>\n<p>  BEARBEITUNGS- UND VERSANDZEIT<br \/>\nUnsere Artikel werden auf Bestellung gefertigt. Bitte rechnen Sie mit einer Produktionszeit von 2\u20135 Werktagen.<br \/>\nDer Versand in die USA dauert bis zu 2\u20135 Werktage.<br \/>\nDer weltweite Versand dauert bis zu 10\u201320 Werktage.<\/p>\n<p>  R\u00dcCKGABERECHT<br \/>\nDa es sich um ein ma\u00dfgeschneidertes Produkt handelt, k\u00f6nnen wir leider keine R\u00fcckerstattung oder Umtausch anbieten, es sei denn, der Artikel ist besch\u00e4digt oder der Artikel wurde nie erhalten.<\/p>\n<p>&#8212;&#8212;&#8212;&#8212;&#8212;&#8212;&#8212;&#8212;-<\/p>\n<p>  Wir hoffen, dass Ihnen dieses Produkt gef\u00e4llt.<br \/>\nBitte hinterlassen Sie gerne eine Artikelbewertung!<\/p>\n<p>Bei Fragen kontaktieren Sie uns bitte direkt per Etsy-Nachricht oder per E-Mail: info[!at]puccha.com<\/p>\n<p>&#8212;&#8212;&#8212;&#8212;&#8212;&#8212;&#8212;&#8212;-<\/p>","protected":false},"excerpt":{"rendered":"<p>Customize your desk with a personalized journal notebook that contains the portrait of your furry friend. Premium quality spiral notebook available in a large selection of colors and fully customized to your liking. This office accessory features a drawn portrait of your pet and its name below it. This can be any pet portrait, whatever animal you love the most, and can be customized for dog, cat, horse, hamster owners, and more.<\/p>\n<p>The cool ruled line notebook can be used at work, in the office even in your bag as a great work tool. Buy it for yourself or gift it. Makes a great gift for pet owners, lovers, for family members, and friends, or to surprise your furry friend.<\/p>","protected":false},"featured_media":3508,"comment_status":"closed","ping_status":"closed","template":"","meta":[],"product_cat":[39],"product_tag":[915,660,914,912,664,667,661,918,911,913,917,919,916],"_links":{"self":[{"href":"https:\/\/puccha.com\/de\/wp-json\/wp\/v2\/product\/3507"}],"collection":[{"href":"https:\/\/puccha.com\/de\/wp-json\/wp\/v2\/product"}],"about":[{"href":"https:\/\/puccha.com\/de\/wp-json\/wp\/v2\/types\/product"}],"replies":[{"embeddable":true,"href":"https:\/\/puccha.com\/de\/wp-json\/wp\/v2\/comments?post=3507"}],"wp:featuredmedia":[{"embeddable":true,"href":"https:\/\/puccha.com\/de\/wp-json\/wp\/v2\/media\/3508"}],"wp:attachment":[{"href":"https:\/\/puccha.com\/de\/wp-json\/wp\/v2\/media?parent=3507"}],"wp:term":[{"taxonomy":"product_cat","embeddable":true,"href":"https:\/\/puccha.com\/de\/wp-json\/wp\/v2\/product_cat?post=3507"},{"taxonomy":"product_tag","embeddable":true,"href":"https:\/\/puccha.com\/de\/wp-json\/wp\/v2\/product_tag?post=3507"}],"curies":[{"name":"wp","href":"https:\/\/api.w.org\/{rel}","templated":true}]}}