{"id":3496,"date":"2023-11-20T18:54:27","date_gmt":"2023-11-20T23:54:27","guid":{"rendered":"https:\/\/puccha.com\/product\/personalized-jigsaw-puzzle-with-pet-portrait-and-custom-name-dog-cat-photo-family-birthday-funny-gift-for-pet-owner-500-1000-pieces-2\/"},"modified":"2023-11-20T19:43:32","modified_gmt":"2023-11-21T00:43:32","slug":"personalized-jigsaw-puzzle-with-pet-portrait-and-custom-name-dog-cat-photo-family-birthday-funny-gift-for-pet-owner-500-1000-pieces-2","status":"publish","type":"product","link":"https:\/\/puccha.com\/de\/produkt\/personalized-jigsaw-puzzle-with-pet-portrait-and-custom-name-dog-cat-photo-family-birthday-funny-gift-for-pet-owner-500-1000-pieces-2\/","title":{"rendered":"Personalisiertes Puzzle mit Haustierportr\u00e4t und individuellem Namen, Hundekatzenfoto, Familiengeburtstag, lustiges Geschenk f\u00fcr Haustierbesitzer, 500\u20131000 Teile"},"content":{"rendered":"<p>\u26a1\ufe0f PRODUKTBESCHREIBUNG \u26a1\ufe0f<br \/>\n* Pre-die cut chipboard with a satin finish.<br \/>\n* White metal tin box with finished image on the cover.<br \/>\n* Available in 5 sizes<br \/>\n30 pieces &#8211; (9.6&#8243; \u00d7 8&#8243;)<br \/>\n110 pieces &#8211; (9.6&#8243; \u00d7 8&#8243;)<br \/>\n252 pieces &#8211; (14&#8243; \u00d7 11&#8243;)<br \/>\n500 pieces &#8211; (20.5&#8243; \u00d7 15&#8243;)<br \/>\n1000 pieces &#8211; (29.25&#8243; \u00d7 19.75&#8243;)<br \/>\n  WIE MAN BESTELLT<br \/>\n1- Upload your photo via Etsy Messages or send it to us by email at order[!at]puccha.com. Please ensure that the image is high resolution.<br \/>\n2- We will send you the sample within 12 hours after of your purchase before printing your puzzle and will ask you to confirm if the design satisfies you.<br \/>\n3- Please allow between 2 to 5 days after confirmation for us to prepare and ship your item.<br \/>\n\u26a0\ufe0f PFLEGEHINWEISE<br \/>\nWipe the dirt or dust off gently with a clean, dry microfiber cloth.<br \/>\n  BEARBEITUNGS- UND VERSANDZEIT<br \/>\nUnsere Artikel werden auf Bestellung gefertigt. Bitte rechnen Sie mit einer Produktionszeit von 2\u20135 Werktagen.<br \/>\nDer Versand in die USA dauert bis zu 2\u20135 Werktage.<br \/>\nWorldwide shipping takes up to 10-25 business days.<br \/>\n  R\u00dcCKGABERECHT<br \/>\nDa es sich um ein ma\u00dfgeschneidertes Produkt handelt, k\u00f6nnen wir leider keine R\u00fcckerstattung oder Umtausch anbieten, es sei denn, der Artikel ist besch\u00e4digt oder der Artikel wurde nie erhalten.<br \/>\n&#8212;&#8212;&#8212;&#8212;&#8212;&#8212;&#8212;&#8212;-<br \/>\n  Wir hoffen, dass Ihnen dieses Produkt gef\u00e4llt.<br \/>\nBitte hinterlassen Sie gerne eine Artikelbewertung!<br \/>\nBei Fragen kontaktieren Sie uns bitte direkt per Etsy-Nachricht oder per E-Mail: info[!at]puccha.com<br \/>\n&#8212;&#8212;&#8212;&#8212;&#8212;&#8212;&#8212;&#8212;-<\/p>","protected":false},"excerpt":{"rendered":"<p>This personalized jigsaw puzzle is perfect downtime activity for friends, family and children. It comes in a white metal tin box with finished image on the cover. It is available in 30, 110, 252, 500, or 1000-Piece variations of perfectly interlocking pieces, printed on high quality chipboard with a satin finish. This customized puzzle features a drawn portrait of your pet. This can be any pet portrait, whatever animal you love the most, and can be customized for dog, cat, horse, hamster owners, and more. You can re-do the puzzle over and over or glue it together and hang it up as wall art.<br \/>\nYou can buy it for yourself or gift it. Makes a great gift for pet owners, lovers, for family members, and friends, or to surprise your furry friend.<\/p>","protected":false},"featured_media":3497,"comment_status":"closed","ping_status":"closed","template":"","meta":[],"product_cat":[24],"product_tag":[908,900,905,899,903,906,904,898,907,902,910,909,901],"_links":{"self":[{"href":"https:\/\/puccha.com\/de\/wp-json\/wp\/v2\/product\/3496"}],"collection":[{"href":"https:\/\/puccha.com\/de\/wp-json\/wp\/v2\/product"}],"about":[{"href":"https:\/\/puccha.com\/de\/wp-json\/wp\/v2\/types\/product"}],"replies":[{"embeddable":true,"href":"https:\/\/puccha.com\/de\/wp-json\/wp\/v2\/comments?post=3496"}],"wp:featuredmedia":[{"embeddable":true,"href":"https:\/\/puccha.com\/de\/wp-json\/wp\/v2\/media\/3497"}],"wp:attachment":[{"href":"https:\/\/puccha.com\/de\/wp-json\/wp\/v2\/media?parent=3496"}],"wp:term":[{"taxonomy":"product_cat","embeddable":true,"href":"https:\/\/puccha.com\/de\/wp-json\/wp\/v2\/product_cat?post=3496"},{"taxonomy":"product_tag","embeddable":true,"href":"https:\/\/puccha.com\/de\/wp-json\/wp\/v2\/product_tag?post=3496"}],"curies":[{"name":"wp","href":"https:\/\/api.w.org\/{rel}","templated":true}]}}