{"id":3474,"date":"2023-11-20T18:51:27","date_gmt":"2023-11-20T23:51:27","guid":{"rendered":"https:\/\/puccha.com\/product\/custom-iphone-case-with-pet-photo-personalized-dog-face-portrait-iphone-cover-pet-illustration-case-pet-remembrance-gift-for-dog-owner-2\/"},"modified":"2023-11-20T19:43:43","modified_gmt":"2023-11-21T00:43:43","slug":"custom-iphone-case-with-pet-photo-personalized-dog-face-portrait-iphone-cover-pet-illustration-case-pet-remembrance-gift-for-dog-owner-2","status":"publish","type":"product","link":"https:\/\/puccha.com\/de\/produkt\/custom-iphone-case-with-pet-photo-personalized-dog-face-portrait-iphone-cover-pet-illustration-case-pet-remembrance-gift-for-dog-owner-2\/","title":{"rendered":"Benutzerdefinierte iPhone-H\u00fclle mit Haustierfoto, personalisierte iPhone-H\u00fclle mit Hundegesichtsportrait, Haustier-Illustrationsh\u00fclle, Haustier-Erinnerungsgeschenk f\u00fcr Hundebesitzer"},"content":{"rendered":"<p>WIE MAN BESTELLT<br \/>\n1- Place the order with the name of your pet, color of your phone and choose the font that you would like to use.<br \/>\n2- Machen Sie an einem ausreichend beleuchteten Ort von Kopf bis Brust ein Foto Ihres Haustieres von vorne nach vorne und achten Sie darauf, dass das Bild eine hohe Aufl\u00f6sung hat. F\u00fcr ein besseres Ergebnis empfehlen wir, dass die Schnauze Ihres Haustieres nach vorne zeigt und keine Accessoires vorhanden sind.<br \/>\n3- Laden Sie das Foto Ihres Haustieres \u00fcber Etsy-Nachrichten hoch oder senden Sie es uns per E-Mail an order[!at]puccha.com.<br \/>\n*** Wenn Sie uns einige Optionen zusenden m\u00f6chten, helfen wir Ihnen gerne bei der Auswahl der Option, die unserer Meinung nach die beste sein wird ***<br \/>\n4- We will send you the sample within 12 hours after of your purchase before printing your phone case and will ask you to confirm if the design satisfies you.<br \/>\n5- Bitte erlauben Sie uns nach der Best\u00e4tigung 2 bis 5 Tage, um Ihren Artikel vorzubereiten und zu versenden.<br \/>\n\u26a1\ufe0f PRODUKTBESCHREIBUNG \u26a1\ufe0f<br \/>\n* Made of hybrid Thermoplastic Polyurethane (TPU) and Polycarbonate (PC) material<br \/>\n* Solid, durable polycarbonate back<br \/>\n* Secure yet flexible thermoplastic polyurethane sides<br \/>\n* 0.02\u2033 (0.5 mm) raised bezel front<br \/>\n* Precisely aligned port openings<br \/>\n* Easy to take on and off<br \/>\n* Wireless charging compatible<br \/>\n* Graphics are UV printed onto the case with a smooth, matte finish<br \/>\n* The SE case fits the 2020 iPhone SE model<br \/>\n\u26a0\ufe0f PFLEGEHINWEISE<br \/>\nTo clean a phone case, remove the case from your phone. Add a little mild soap to water, and dampen a cloth or sponge with it. With the damp cloth, rub your case gently in circles. Let your case air-dry at room temperature.<br \/>\nDon\u2019t clean your phone case with any alcohol-based products as they can remove the ink and discolor the case.<br \/>\n  BEARBEITUNGS- UND VERSANDZEIT<br \/>\nOur items are made to order. Please allow 2-5 business days for production and 3-5 business days for shipping.<br \/>\n  R\u00dcCKGABERECHT<br \/>\nDa es sich um ein ma\u00dfgeschneidertes Produkt handelt, k\u00f6nnen wir leider keine R\u00fcckerstattung oder Umtausch anbieten, es sei denn, der Artikel ist besch\u00e4digt oder der Artikel wurde nie erhalten.<br \/>\n&#8212;&#8212;&#8212;&#8212;&#8212;&#8212;&#8212;&#8212;-<br \/>\n  Wir hoffen, dass Ihnen dieses Produkt gef\u00e4llt.<br \/>\nBitte hinterlassen Sie gerne eine Artikelbewertung!<br \/>\nBei Fragen kontaktieren Sie uns bitte direkt per Etsy-Nachricht oder per E-Mail: info[!at]puccha.com<br \/>\n&#8212;&#8212;&#8212;&#8212;&#8212;&#8212;&#8212;&#8212;-<\/p>","protected":false},"excerpt":{"rendered":"<p>This is a made to order custom iPhone case with your animal friend\u2019s picture on it.<br \/>\n\u2728 Dieses zierliche St\u00fcck zeigt das Portr\u00e4t und den Namen Ihres Haustieres! Seine zarten, aber bezaubernden Gef\u00fchle machen es zum perfekten Geschenk f\u00fcr alle Tierliebhaber auf Ihrer Liste und k\u00f6nnen ein tolles Erinnerungsst\u00fcck sein, das seinem beabsichtigten Tr\u00e4ger mit Sicherheit ein L\u00e4cheln ins Gesicht zaubert.<\/p>","protected":false},"featured_media":3475,"comment_status":"closed","ping_status":"closed","template":"","meta":[],"product_cat":[39],"product_tag":[624,895,896,715,730,894,636,893,737,627,637,623,676],"_links":{"self":[{"href":"https:\/\/puccha.com\/de\/wp-json\/wp\/v2\/product\/3474"}],"collection":[{"href":"https:\/\/puccha.com\/de\/wp-json\/wp\/v2\/product"}],"about":[{"href":"https:\/\/puccha.com\/de\/wp-json\/wp\/v2\/types\/product"}],"replies":[{"embeddable":true,"href":"https:\/\/puccha.com\/de\/wp-json\/wp\/v2\/comments?post=3474"}],"wp:featuredmedia":[{"embeddable":true,"href":"https:\/\/puccha.com\/de\/wp-json\/wp\/v2\/media\/3475"}],"wp:attachment":[{"href":"https:\/\/puccha.com\/de\/wp-json\/wp\/v2\/media?parent=3474"}],"wp:term":[{"taxonomy":"product_cat","embeddable":true,"href":"https:\/\/puccha.com\/de\/wp-json\/wp\/v2\/product_cat?post=3474"},{"taxonomy":"product_tag","embeddable":true,"href":"https:\/\/puccha.com\/de\/wp-json\/wp\/v2\/product_tag?post=3474"}],"curies":[{"name":"wp","href":"https:\/\/api.w.org\/{rel}","templated":true}]}}